{"id":34761,"date":"2014-07-12T04:21:14","date_gmt":"2014-07-12T04:21:14","guid":{"rendered":"https:\/\/www.reefshops.com\/product\/weipro-et50-ozoniseur-50-mg\/"},"modified":"2025-03-16T08:34:37","modified_gmt":"2025-03-16T08:34:37","slug":"weipro-et50-ozoniseur-50-mg","status":"publish","type":"product","link":"https:\/\/www.reefshops.com\/fr\/produit\/weipro-et50-ozoniseur-50-mg\/","title":{"rendered":"weipro ET50 ozoniseur 50 mg"},"content":{"rendered":"<p><span style=\"font-size: large;color: #0000ff\"><strong>Fonctionnalit\u00e9<\/strong><\/span><\/p>\n<p><span style=\"font-size: large;color: #0000ff\"><strong>1. Fabriquez de l&rsquo;ozone \u00e0 partir de l&rsquo;air normal pour l&rsquo;ozoniseur de l&rsquo;\u00e9tang et du r\u00e9servoir<\/strong><\/span><br \/><span style=\"font-size: large;color: #0000ff\"><strong>2. Fournir une eau claire et saine \u00e0 vos poissons, r\u00e9duisant la charge microbienne de l&rsquo;eau.<\/strong><\/span><br \/><span style=\"font-size: large;color: #0000ff\"><strong>3. R\u00e9duit fortement les nitrates, l&rsquo;ammoniac et les polluants dans l&rsquo;eau<\/strong><\/span><br \/><span style=\"font-size: large;color: #0000ff\"><strong>4. Am\u00e9liorer la teneur en oxyg\u00e8ne du potentiel d&rsquo;oxydo-r\u00e9duction dans<\/strong><\/span><br \/><span style=\"font-size: large;color: #0000ff\"><strong>l&rsquo;eau.<\/strong><\/span><br \/><span style=\"font-size: large;color: #0000ff\"><strong>5. Contr\u00f4le \u00e9lectrique de la production d&rsquo;ozone<\/strong><\/span><br \/><span style=\"font-size: large;color: #0000ff\"><strong>6. Connectez-vous au skimmer et \u00e0 la pompe \u00e0 air en utilisant<\/strong><\/span><br \/><span style=\"font-size: large;color: #0000ff\"><strong>7. Convient pour un r\u00e9servoir de 20 \u00e0 500 litres<\/strong><\/span><br \/><span style=\"font-size: large;color: #0000ff\"><strong>8. Convient pour l&rsquo;eau douce et l&rsquo;eau sal\u00e9e<\/strong><\/span><\/p>\n<p><span style=\"font-size: large;color: #0000ff\"><strong>Sp\u00e9cifications<\/strong><\/span><\/p>\n<p><span style=\"font-size: large;color: #0000ff\"><strong>ET-50 50\u00a0mg\/h<\/strong><\/span><\/p>\n","protected":false},"excerpt":{"rendered":"<p>R\u00e9servoir de 20 \u00e0 500 litres<br \/>\n travailler avec une pompe \u00e0 air<\/p>\n","protected":false},"featured_media":973,"comment_status":"open","ping_status":"closed","template":"","meta":[],"product_brand":[],"product_cat":[426],"product_tag":[],"class_list":{"0":"post-34761","1":"product","2":"type-product","3":"status-publish","4":"has-post-thumbnail","6":"product_cat-ozoniseur","8":"first","9":"instock","10":"shipping-taxable","11":"purchasable","12":"product-type-simple","13":"add-to-wishlist-after_add_to_cart"},"jetpack_sharing_enabled":true,"_links":{"self":[{"href":"https:\/\/www.reefshops.com\/fr\/wp-json\/wp\/v2\/product\/34761","targetHints":{"allow":["GET"]}}],"collection":[{"href":"https:\/\/www.reefshops.com\/fr\/wp-json\/wp\/v2\/product"}],"about":[{"href":"https:\/\/www.reefshops.com\/fr\/wp-json\/wp\/v2\/types\/product"}],"replies":[{"embeddable":true,"href":"https:\/\/www.reefshops.com\/fr\/wp-json\/wp\/v2\/comments?post=34761"}],"wp:featuredmedia":[{"embeddable":true,"href":"https:\/\/www.reefshops.com\/fr\/wp-json\/wp\/v2\/media\/973"}],"wp:attachment":[{"href":"https:\/\/www.reefshops.com\/fr\/wp-json\/wp\/v2\/media?parent=34761"}],"wp:term":[{"taxonomy":"product_brand","embeddable":true,"href":"https:\/\/www.reefshops.com\/fr\/wp-json\/wp\/v2\/product_brand?post=34761"},{"taxonomy":"product_cat","embeddable":true,"href":"https:\/\/www.reefshops.com\/fr\/wp-json\/wp\/v2\/product_cat?post=34761"},{"taxonomy":"product_tag","embeddable":true,"href":"https:\/\/www.reefshops.com\/fr\/wp-json\/wp\/v2\/product_tag?post=34761"}],"curies":[{"name":"wp","href":"https:\/\/api.w.org\/{rel}","templated":true}]}}