{"id":34764,"date":"2014-07-12T05:29:31","date_gmt":"2014-07-12T05:29:31","guid":{"rendered":"https:\/\/www.reefshops.com\/product\/hailea-hlo-810-ozoniseur-200-mg\/"},"modified":"2025-03-16T08:34:38","modified_gmt":"2025-03-16T08:34:38","slug":"hailea-hlo-810-ozoniseur-200-mg","status":"publish","type":"product","link":"https:\/\/www.reefshops.com\/fr\/produit\/hailea-hlo-810-ozoniseur-200-mg\/","title":{"rendered":"hailea HLO-810 ozoniseur 200 mg"},"content":{"rendered":"<p><span style=\"font-size: large;color: #0000ff\"><strong>volts\u00a0: 220\u00a0v\/240\u00a0v 50\/60\u00a0hz<\/strong><\/span><\/p>\n<p><span style=\"font-size: large;color: #0000ff\"><strong>puissance\u00a0: 10\u00a0w<\/p>\n<p><a class=\"clickable js-inline-clickable\"><span style=\"color: #0000ff\">air<\/span><\/a> <a class=\"clickable js-inline-clickable\"><span style=\"color: #0000ff\">pression<\/span><\/a>\u00a0: &gt;0,01mpa<\/p>\n<p>d\u00e9bit d&rsquo;air\u00a0: 3,5 L\/M<\/p>\n<p>processus d&rsquo;ozoniseur\u00a0: 200 mg\/heure<\/p>\n<p>taille\u00a0: 230 \u00d7 80 \u00d7 197 mm<\/strong><\/span><\/p>\n","protected":false},"excerpt":{"rendered":"<p>hailea HLO-810 ozoniseur 200 mg, pompe \u00e0 air int\u00e9gr\u00e9e<\/p>\n","protected":false},"featured_media":994,"comment_status":"open","ping_status":"closed","template":"","meta":[],"product_brand":[],"product_cat":[426],"product_tag":[],"class_list":{"0":"post-34764","1":"product","2":"type-product","3":"status-publish","4":"has-post-thumbnail","6":"product_cat-ozoniseur","8":"first","9":"instock","10":"shipping-taxable","11":"purchasable","12":"product-type-simple","13":"add-to-wishlist-after_add_to_cart"},"jetpack_sharing_enabled":true,"_links":{"self":[{"href":"https:\/\/www.reefshops.com\/fr\/wp-json\/wp\/v2\/product\/34764","targetHints":{"allow":["GET"]}}],"collection":[{"href":"https:\/\/www.reefshops.com\/fr\/wp-json\/wp\/v2\/product"}],"about":[{"href":"https:\/\/www.reefshops.com\/fr\/wp-json\/wp\/v2\/types\/product"}],"replies":[{"embeddable":true,"href":"https:\/\/www.reefshops.com\/fr\/wp-json\/wp\/v2\/comments?post=34764"}],"wp:featuredmedia":[{"embeddable":true,"href":"https:\/\/www.reefshops.com\/fr\/wp-json\/wp\/v2\/media\/994"}],"wp:attachment":[{"href":"https:\/\/www.reefshops.com\/fr\/wp-json\/wp\/v2\/media?parent=34764"}],"wp:term":[{"taxonomy":"product_brand","embeddable":true,"href":"https:\/\/www.reefshops.com\/fr\/wp-json\/wp\/v2\/product_brand?post=34764"},{"taxonomy":"product_cat","embeddable":true,"href":"https:\/\/www.reefshops.com\/fr\/wp-json\/wp\/v2\/product_cat?post=34764"},{"taxonomy":"product_tag","embeddable":true,"href":"https:\/\/www.reefshops.com\/fr\/wp-json\/wp\/v2\/product_tag?post=34764"}],"curies":[{"name":"wp","href":"https:\/\/api.w.org\/{rel}","templated":true}]}}