{"id":34805,"date":"2014-07-19T04:46:44","date_gmt":"2014-07-19T04:46:44","guid":{"rendered":"https:\/\/www.reefshops.com\/product\/chauffage-atman-hch-50w-100w-200w-300w\/"},"modified":"2025-03-16T08:34:59","modified_gmt":"2025-03-16T08:34:59","slug":"chauffage-atman-hch-50w-100w-200w-300w","status":"publish","type":"product","link":"https:\/\/www.reefshops.com\/fr\/produit\/chauffage-atman-hch-50w-100w-200w-300w\/","title":{"rendered":"Chauffage Atman HCH 50w 100w 200w 300w"},"content":{"rendered":"<p><span style=\"color: #0000ff;font-size: large\"><strong>Chauffage Atman HCH 50w 100w 200w 300w<\/strong><\/span><\/p>\n<p><span style=\"color: #0000ff;font-size: large\"><strong><span id=\"blng_part_tran_1_2\" class=\"highLight\" data-aligning=\"#blng_part_src_1_1,#blng_part_tran_1_2\">double joint \u00e9tanche, <span>verre antid\u00e9flagrant <\/span><\/span><\/strong><\/span><\/p>\n<p><span style=\"color: #ff0000;font-size: large\"><strong>HCH 50w<\/strong><\/span><\/p>\n<p><span><strong>puissance\u00a0: 50\u00a0w<\/strong><\/span><\/p>\n<p><span><strong>volts\u00a0: 220\u00a0v 50\u00a0hz<\/strong><\/span><\/p>\n<p><span style=\"color: #0000ff;font-size: large\"><strong>longueur\u00a0: 25\u00a0cm<\/strong><\/span><\/p>\n<p><span style=\"color: #0000ff;font-size: large\"><strong>longueur du c\u00e2ble\u00a0: 1,4\u00a0m\u00e8tres<\/strong><\/span><\/p>\n<\/p>\n<p><span style=\"color: #ff0000;font-size: large\"><strong>HCH 100w<\/strong><\/span><\/p>\n<p><span><strong>puissance\u00a0: 100\u00a0w<\/strong><\/span><\/p>\n<p><span><strong>volts\u00a0: 220\u00a0v 50\u00a0hz<\/strong><\/span><\/p>\n<p><span style=\"color: #0000ff;font-size: large\"><strong>longueur\u00a0: 29\u00a0cm<\/strong><\/span><\/p>\n<p><span style=\"color: #0000ff;font-size: large\"><strong>longueur du c\u00e2ble\u00a0: 1,4\u00a0m\u00e8tres<\/strong><\/span><\/p>\n<p><span><strong><br \/>&gt;<\/strong><\/span><\/p>\n<p><span style=\"color: #ff0000;font-size: large\"><strong>HCH 200w<\/strong><\/span><\/p>\n<p><span><strong>puissance\u00a0: 200\u00a0w<\/strong><\/span><\/p>\n<p><span><strong>volts\u00a0: 220\u00a0v 50\u00a0hz<\/strong><\/span><\/p>\n<p><span style=\"color: #0000ff;font-size: large\"><strong>longueur\u00a0: 40\u00a0cm<\/strong><\/span><\/p>\n<p><span style=\"color: #0000ff;font-size: large\"><strong>longueur du c\u00e2ble\u00a0: 1,4\u00a0m\u00e8tres<\/strong><\/span><\/p>\n<p><span><strong><br \/>&gt;<\/strong><\/span><\/p>\n<p><span style=\"color: #ff0000;font-size: large\"><strong>HCH 300w<\/strong><\/span><\/p>\n<p><span><strong>puissance\u00a0: 300\u00a0w<\/strong><\/span><\/p>\n<p><span><strong>volts\u00a0: 220\u00a0v 50\u00a0hz<\/strong><\/span><\/p>\n<p><span style=\"color: #0000ff;font-size: large\"><strong>longueur\u00a0: 40\u00a0cm<\/strong><\/span><\/p>\n<p><span style=\"color: #0000ff;font-size: large\"><strong>longueur du c\u00e2ble\u00a0: 1,4\u00a0m\u00e8tres<\/strong><\/span><\/p>\n","protected":false},"excerpt":{"rendered":"<p>Chauffage Atman HCH 50w 100w 200w 300w<\/p>\n<p> verre \u00e9tanche et antid\u00e9flagrant \u00e0 double joint<\/p>\n","protected":false},"featured_media":1281,"comment_status":"open","ping_status":"closed","template":"","meta":[],"product_brand":[],"product_cat":[1361],"product_tag":[],"class_list":{"0":"post-34805","1":"product","2":"type-product","3":"status-publish","4":"has-post-thumbnail","6":"product_cat-chauffage-et-amp-controleur-de-temperature","8":"first","9":"instock","10":"shipping-taxable","11":"purchasable","12":"product-type-simple","13":"add-to-wishlist-after_add_to_cart"},"jetpack_sharing_enabled":true,"_links":{"self":[{"href":"https:\/\/www.reefshops.com\/fr\/wp-json\/wp\/v2\/product\/34805","targetHints":{"allow":["GET"]}}],"collection":[{"href":"https:\/\/www.reefshops.com\/fr\/wp-json\/wp\/v2\/product"}],"about":[{"href":"https:\/\/www.reefshops.com\/fr\/wp-json\/wp\/v2\/types\/product"}],"replies":[{"embeddable":true,"href":"https:\/\/www.reefshops.com\/fr\/wp-json\/wp\/v2\/comments?post=34805"}],"wp:featuredmedia":[{"embeddable":true,"href":"https:\/\/www.reefshops.com\/fr\/wp-json\/wp\/v2\/media\/1281"}],"wp:attachment":[{"href":"https:\/\/www.reefshops.com\/fr\/wp-json\/wp\/v2\/media?parent=34805"}],"wp:term":[{"taxonomy":"product_brand","embeddable":true,"href":"https:\/\/www.reefshops.com\/fr\/wp-json\/wp\/v2\/product_brand?post=34805"},{"taxonomy":"product_cat","embeddable":true,"href":"https:\/\/www.reefshops.com\/fr\/wp-json\/wp\/v2\/product_cat?post=34805"},{"taxonomy":"product_tag","embeddable":true,"href":"https:\/\/www.reefshops.com\/fr\/wp-json\/wp\/v2\/product_tag?post=34805"}],"curies":[{"name":"wp","href":"https:\/\/api.w.org\/{rel}","templated":true}]}}