{"id":34826,"date":"2014-07-24T20:59:09","date_gmt":"2014-07-24T20:59:09","guid":{"rendered":"https:\/\/www.reefshops.com\/product\/createur-dondes-a-rotation-elevee\/"},"modified":"2025-03-16T08:35:08","modified_gmt":"2025-03-16T08:35:08","slug":"createur-dondes-a-rotation-elevee","status":"publish","type":"product","link":"https:\/\/www.reefshops.com\/fr\/produit\/createur-dondes-a-rotation-elevee\/","title":{"rendered":"Cr\u00e9ateur d&rsquo;ondes \u00e0 rotation \u00e9lev\u00e9e"},"content":{"rendered":"<p><span style=\"font-size: large;color: #0000ff\"><strong>Fonctionnalit\u00e9s<\/strong><\/span><\/p>\n<ul>\n<li><span style=\"font-size: large;color: #0000ff\"><strong>Similaire au d\u00e9flecteur d&rsquo;eau Hydor Flo<\/strong><\/span><\/li>\n<li><span style=\"font-size: large;color: #0000ff\"><strong>Fournit une rotation de l&rsquo;eau \u00e0 360\u00a0degr\u00e9s entra\u00een\u00e9e par le d\u00e9bit d&rsquo;eau<\/strong><\/span><\/li>\n<li><span style=\"font-size: large;color: #0000ff\"><strong>Id\u00e9e pour aquariums d&rsquo;eau douce ou marins<\/strong><\/span><\/li>\n<li><span style=\"font-size: large;color: #0000ff\"><strong>Augmente l&rsquo;oxyg\u00e9nation des plantes vivantes et des aquariums r\u00e9cifaux<\/strong><\/span><\/li>\n<li><span style=\"font-size: large;color: #0000ff\"><strong>Convient aux d\u00e9bits de pompe de 80 \u00e0 310 gallons \/ 800 litres \u00e0 2\u00a0200 litres<\/strong><\/span><\/li>\n<\/ul>\n<p><span style=\"font-size: large;color: #0000ff\"><strong>Sp\u00e9cifications<\/strong><\/span><\/p>\n<ul>\n<li><span style=\"font-size: large;color: #0000ff\"><strong>Installez un tube \u00e0 air (non inclus) entre le d\u00e9flecteur d&rsquo;eau et la pompe<\/strong><\/span><\/li>\n<li><span style=\"font-size: large;color: #0000ff\"><strong>Facile \u00e0 installer<\/strong><\/span><\/li>\n<\/ul>\n","protected":false},"excerpt":{"rendered":"<p>installation facile et utilisation facile<\/p>\n","protected":false},"featured_media":1434,"comment_status":"open","ping_status":"closed","template":"","meta":[],"product_brand":[],"product_cat":[422],"product_tag":[],"class_list":{"0":"post-34826","1":"product","2":"type-product","3":"status-publish","4":"has-post-thumbnail","6":"product_cat-faiseurs-de-vagues","8":"first","9":"instock","10":"shipping-taxable","11":"purchasable","12":"product-type-simple","13":"add-to-wishlist-after_add_to_cart"},"jetpack_sharing_enabled":true,"_links":{"self":[{"href":"https:\/\/www.reefshops.com\/fr\/wp-json\/wp\/v2\/product\/34826","targetHints":{"allow":["GET"]}}],"collection":[{"href":"https:\/\/www.reefshops.com\/fr\/wp-json\/wp\/v2\/product"}],"about":[{"href":"https:\/\/www.reefshops.com\/fr\/wp-json\/wp\/v2\/types\/product"}],"replies":[{"embeddable":true,"href":"https:\/\/www.reefshops.com\/fr\/wp-json\/wp\/v2\/comments?post=34826"}],"wp:featuredmedia":[{"embeddable":true,"href":"https:\/\/www.reefshops.com\/fr\/wp-json\/wp\/v2\/media\/1434"}],"wp:attachment":[{"href":"https:\/\/www.reefshops.com\/fr\/wp-json\/wp\/v2\/media?parent=34826"}],"wp:term":[{"taxonomy":"product_brand","embeddable":true,"href":"https:\/\/www.reefshops.com\/fr\/wp-json\/wp\/v2\/product_brand?post=34826"},{"taxonomy":"product_cat","embeddable":true,"href":"https:\/\/www.reefshops.com\/fr\/wp-json\/wp\/v2\/product_cat?post=34826"},{"taxonomy":"product_tag","embeddable":true,"href":"https:\/\/www.reefshops.com\/fr\/wp-json\/wp\/v2\/product_tag?post=34826"}],"curies":[{"name":"wp","href":"https:\/\/api.w.org\/{rel}","templated":true}]}}