{"id":34851,"date":"2014-07-31T16:11:18","date_gmt":"2014-07-31T16:11:18","guid":{"rendered":"https:\/\/www.reefshops.com\/product\/sunsun-jvp-201a-jvp-201-b-machine-a-vagues-a-double-puissance-6000-litres\/"},"modified":"2025-03-16T08:35:16","modified_gmt":"2025-03-16T08:35:16","slug":"sunsun-jvp-201a-jvp-201-b-machine-a-vagues-a-double-puissance-6000-litres","status":"publish","type":"product","link":"https:\/\/www.reefshops.com\/fr\/produit\/sunsun-jvp-201a-jvp-201-b-machine-a-vagues-a-double-puissance-6000-litres\/","title":{"rendered":"Sunsun JVP 201A JVP 201 B Machine \u00e0 vagues \u00e0 double puissance (6000 litres)"},"content":{"rendered":"<p><span style=\"font-size: large;color: #0000ff\"><strong>Caract\u00e9ristiques <\/strong><\/span><\/p>\n<p><span style=\"font-size: large;color: #0000ff\"><strong>Haute performance\u00a0! Faible consommation d&rsquo;\u00e9nergie ! <\/strong><\/span><\/p>\n<p><span style=\"font-size: large;color: #0000ff\"><strong>Fournit un flux de vagues 3D \u00e0 360 degr\u00e9s pour les aquariums <\/strong><\/span><\/p>\n<p><span style=\"font-size: large;color: #0000ff\"><strong>La petite vague est con\u00e7ue pour les r\u00e9cifs ou les aquariums (6 000 litres \/ 1421Gallons) <\/strong><\/span><\/p>\n<p><span style=\"font-size: large;color: #0000ff\"><strong>Pompe \u00e0 double onde dans une seule conception, fournit les 2 directions d&rsquo;\u00e9coulement\u00a0! <\/strong><\/span><\/p>\n<p><span style=\"font-size: large;color: #0000ff\"><strong>utilisez un acier magn\u00e9tique de bonne qualit\u00e9, forte absorption, pompe facile \u00e0 d\u00e9placer, adapt\u00e9e \u00e0 la fixation de la surface du verre. <\/strong><\/span><\/p>\n<p><span style=\"font-size: large;color: #0000ff\"><strong>Sp\u00e9cifications <\/strong><\/span><\/p>\n<p><span style=\"font-size: large;color: #0000ff\"><strong>Votlage 110V-120V\/220V-240V 50Hz <\/strong><\/span><br \/><span style=\"font-size: large;color: #0000ff\"><strong>Puissance 12W <\/strong><\/span><br \/><span style=\"font-size: large;color: #0000ff\"><strong>Hauteur maximale 0,8 m <\/strong><\/span><br \/><span style=\"font-size: large;color: #0000ff\"><strong>Taille 12,5 cm x 7,5 cm x 8 cm<\/strong><\/span><\/p>\n","protected":false},"excerpt":{"rendered":"<p>facile \u00e0 installer et \u00e0 utiliser<\/p>\n","protected":false},"featured_media":1582,"comment_status":"open","ping_status":"closed","template":"","meta":[],"product_brand":[],"product_cat":[422],"product_tag":[],"class_list":{"0":"post-34851","1":"product","2":"type-product","3":"status-publish","4":"has-post-thumbnail","6":"product_cat-faiseurs-de-vagues","8":"first","9":"instock","10":"shipping-taxable","11":"purchasable","12":"product-type-simple","13":"add-to-wishlist-after_add_to_cart"},"jetpack_sharing_enabled":true,"_links":{"self":[{"href":"https:\/\/www.reefshops.com\/fr\/wp-json\/wp\/v2\/product\/34851","targetHints":{"allow":["GET"]}}],"collection":[{"href":"https:\/\/www.reefshops.com\/fr\/wp-json\/wp\/v2\/product"}],"about":[{"href":"https:\/\/www.reefshops.com\/fr\/wp-json\/wp\/v2\/types\/product"}],"replies":[{"embeddable":true,"href":"https:\/\/www.reefshops.com\/fr\/wp-json\/wp\/v2\/comments?post=34851"}],"wp:featuredmedia":[{"embeddable":true,"href":"https:\/\/www.reefshops.com\/fr\/wp-json\/wp\/v2\/media\/1582"}],"wp:attachment":[{"href":"https:\/\/www.reefshops.com\/fr\/wp-json\/wp\/v2\/media?parent=34851"}],"wp:term":[{"taxonomy":"product_brand","embeddable":true,"href":"https:\/\/www.reefshops.com\/fr\/wp-json\/wp\/v2\/product_brand?post=34851"},{"taxonomy":"product_cat","embeddable":true,"href":"https:\/\/www.reefshops.com\/fr\/wp-json\/wp\/v2\/product_cat?post=34851"},{"taxonomy":"product_tag","embeddable":true,"href":"https:\/\/www.reefshops.com\/fr\/wp-json\/wp\/v2\/product_tag?post=34851"}],"curies":[{"name":"wp","href":"https:\/\/api.w.org\/{rel}","templated":true}]}}