{"id":34864,"date":"2014-06-08T16:53:42","date_gmt":"2014-06-08T16:53:42","guid":{"rendered":"https:\/\/www.reefshops.com\/product\/weipro-ph2010-ph-metre-et-controleur-de-valeur-avec-sonde\/"},"modified":"2025-03-16T08:35:20","modified_gmt":"2025-03-16T08:35:20","slug":"weipro-ph2010-ph-metre-et-controleur-de-valeur-avec-sonde","status":"publish","type":"product","link":"https:\/\/www.reefshops.com\/fr\/produit\/weipro-ph2010-ph-metre-et-controleur-de-valeur-avec-sonde\/","title":{"rendered":"Weipro Ph2010 PH-m\u00e8tre et contr\u00f4leur de valeur avec sonde"},"content":{"rendered":"<p><span style=\"font-size: large;color: #0000ff\"><strong>Sp\u00e9cifications\u00a0: <\/strong><\/span><\/p>\n<p><span style=\"font-size: large;color: #0000ff\"><strong>AFFICHAGE LED <\/strong><\/span><br \/><span style=\"font-size: large;color: #0000ff\"><strong>AUTO. COMMANDE \u00c9LECTRONIQUE <\/strong><\/span><br \/><span style=\"font-size: large;color: #0000ff\"><strong>AUTO. TEST PH <\/strong><\/span><br \/><span style=\"font-size: large;color: #0000ff\"><strong>AUTO. CONTROL Co2 fonctionne avec les <a class=\"underlined-bold\" href=\"http:\/\/www.reefshops.com\/calcium-reactors.html\"><span style=\"color: #0000ff\">R\u00e9acteurs \u00e0 calcium<\/span><\/a><\/strong><\/span><br \/><span style=\"font-size: large;color: #0000ff\"><strong>FONCTIONNEMENT SIMPLE <\/strong><\/span><br \/><span style=\"font-size: large;color: #0000ff\"><strong>DURABLE ET FIABLE <\/strong><\/span><br \/><span style=\"font-size: large;color: #0000ff\"><strong>ID\u00c9AL POUR L&rsquo;EAU SAL\u00c9E et l&rsquo;eau douce<\/strong><\/span><\/p>\n<p><span style=\"font-size: large;color: #0000ff\"><strong>Comment \u00e7a marche\u00a0: <\/strong><\/span><br \/><span style=\"font-size: large;color: #0000ff\"><strong>Ce contr\u00f4leur de PH est utilis\u00e9 pour contr\u00f4ler la valeur du PH des liquides, des \u00e9tangs, des aquariums, etc. Cela signifie qu&rsquo;une valeur de PH souhait\u00e9e peut \u00eatre d\u00e9finie et stabilis\u00e9e. <\/strong><\/span><br \/><span style=\"font-size: large;color: #0000ff\"><strong>Ce contr\u00f4leur de PH dispose d&rsquo;une sonde mesurant le PH des liquides, des bassins, des aquariums etc. Une valeur choisie est m\u00e9moris\u00e9e dans le contr\u00f4leur ; et lorsque le pH r\u00e9el des liquides, des \u00e9tangs et des aquariums change, le contr\u00f4leur active une prise \u00e9lectrique. Cette prise peut \u00eatre connect\u00e9e \u00e0 un appareil al\u00e9atoire, par exemple. une pompe \u00e0 oxyg\u00e8ne, une pompe \u00e0 co2 ou une valve \u00e9lectromagn\u00e9tique. Une fois la valeur m\u00e9moris\u00e9e atteinte \u00e0 nouveau, la prise est d\u00e9connect\u00e9e ainsi que le dispositif qui fait monter ou descendre le PH. <\/strong><\/span><\/p>\n<p><span style=\"font-size: large;color: #0000ff\"><strong>ATTENTION\u00a0: <\/strong><\/span><br \/><span style=\"font-size: large;color: #0000ff\"><strong>Parce que les fiches du connecteur d&rsquo;alimentation chinoise sont diff\u00e9rentes de celles de l&rsquo;australie, je fournirai donc gratuitement un adaptateur de broche de convertisseur. <\/strong><\/span><br \/><span style=\"font-size: large;color: #0000ff\"><strong>Condition\u00a0: 100 % neuf dans la bo\u00eete<\/strong><\/span><\/p>\n","protected":false},"excerpt":{"rendered":"<p>installation facile<br \/>\n bonne qualit\u00e9<br \/>\n peut contr\u00f4ler le dispositif de co2 pour r\u00e9duire la valeur du PH du r\u00e9servoir<\/p>\n","protected":false},"featured_media":1662,"comment_status":"open","ping_status":"closed","template":"","meta":[],"product_brand":[],"product_cat":[1371],"product_tag":[],"class_list":{"0":"post-34864","1":"product","2":"type-product","3":"status-publish","4":"has-post-thumbnail","6":"product_cat-kits-de-tests","8":"first","9":"instock","10":"shipping-taxable","11":"purchasable","12":"product-type-simple","13":"add-to-wishlist-after_add_to_cart"},"jetpack_sharing_enabled":true,"_links":{"self":[{"href":"https:\/\/www.reefshops.com\/fr\/wp-json\/wp\/v2\/product\/34864","targetHints":{"allow":["GET"]}}],"collection":[{"href":"https:\/\/www.reefshops.com\/fr\/wp-json\/wp\/v2\/product"}],"about":[{"href":"https:\/\/www.reefshops.com\/fr\/wp-json\/wp\/v2\/types\/product"}],"replies":[{"embeddable":true,"href":"https:\/\/www.reefshops.com\/fr\/wp-json\/wp\/v2\/comments?post=34864"}],"wp:featuredmedia":[{"embeddable":true,"href":"https:\/\/www.reefshops.com\/fr\/wp-json\/wp\/v2\/media\/1662"}],"wp:attachment":[{"href":"https:\/\/www.reefshops.com\/fr\/wp-json\/wp\/v2\/media?parent=34864"}],"wp:term":[{"taxonomy":"product_brand","embeddable":true,"href":"https:\/\/www.reefshops.com\/fr\/wp-json\/wp\/v2\/product_brand?post=34864"},{"taxonomy":"product_cat","embeddable":true,"href":"https:\/\/www.reefshops.com\/fr\/wp-json\/wp\/v2\/product_cat?post=34864"},{"taxonomy":"product_tag","embeddable":true,"href":"https:\/\/www.reefshops.com\/fr\/wp-json\/wp\/v2\/product_tag?post=34864"}],"curies":[{"name":"wp","href":"https:\/\/api.w.org\/{rel}","templated":true}]}}