{"id":34880,"date":"2014-08-20T14:29:16","date_gmt":"2014-08-20T14:29:16","guid":{"rendered":"https:\/\/www.reefshops.com\/product\/ecumeur-de-proteines-interne-reef-octopus-ps-1000\/"},"modified":"2025-03-16T08:35:27","modified_gmt":"2025-03-16T08:35:27","slug":"ecumeur-de-proteines-interne-reef-octopus-ps-1000","status":"publish","type":"product","link":"https:\/\/www.reefshops.com\/fr\/produit\/ecumeur-de-proteines-interne-reef-octopus-ps-1000\/","title":{"rendered":"\u00c9cumeur de prot\u00e9ines interne Reef Octopus PS-1000"},"content":{"rendered":"<p><span style=\"color: #000000;font-family: arial\"><strong>Fonctionnalit\u00e9<\/strong><\/span><\/p>\n<ul>\n<li><span style=\"color: #000000;font-family: arial;font-size: small\"><strong>L&rsquo;\u00e9cumoire en forme de c\u00f4ne offre une efficacit\u00e9 de traitement des bulles d&rsquo;accumulation plus stable.<\/strong><\/span><\/li>\n<li><span style=\"color: #000000;font-family: arial;font-size: small\"><strong>Le nouveau dispositif de silencieux d&rsquo;admission rend plus silencieux<\/strong><\/span><\/li>\n<li><strong><span style=\"font-family: Arial;font-size: small\">Admission d&rsquo;air sup\u00e9rieure \u00e0 500\u00a0L \u00e0 540\u00a0L\/H<\/span><\/strong><\/li>\n<\/ul>\n<p><span style=\"color: #000000;font-family: arial\"><strong>Sp\u00e9cification<\/strong><\/span><\/p>\n<ul>\n<li><span style=\"color: #000000;font-family: arial;font-size: small\"><strong>Convient pour un r\u00e9servoir de 500 litres<\/strong><\/span><\/li>\n<li><span style=\"color: #000000;font-family: arial;font-size: small\"><strong>Pompe BB-1000S avec turbine maill\u00e9e<\/strong><\/span><\/li>\n<li><strong><span style=\"font-family: Arial;font-size: small\">Watt\u00a0: 10\u00a0W<\/span><\/strong><\/li>\n<li><span style=\"color: #000000;font-family: arial;font-size: small\"><strong>Alimentation : 220V \u00e0 240V 50Hz<\/strong><\/span><\/li>\n<\/ul>\n","protected":false},"excerpt":{"rendered":"<p>excellent \u00e9cumeur<br \/>\n installation et configuration faciles<\/p>\n","protected":false},"featured_media":1779,"comment_status":"open","ping_status":"closed","template":"","meta":[],"product_brand":[],"product_cat":[358],"product_tag":[],"class_list":{"0":"post-34880","1":"product","2":"type-product","3":"status-publish","4":"has-post-thumbnail","6":"product_cat-ecumeurs-de-proteines","8":"first","9":"instock","10":"shipping-taxable","11":"purchasable","12":"product-type-simple","13":"add-to-wishlist-after_add_to_cart"},"jetpack_sharing_enabled":true,"_links":{"self":[{"href":"https:\/\/www.reefshops.com\/fr\/wp-json\/wp\/v2\/product\/34880","targetHints":{"allow":["GET"]}}],"collection":[{"href":"https:\/\/www.reefshops.com\/fr\/wp-json\/wp\/v2\/product"}],"about":[{"href":"https:\/\/www.reefshops.com\/fr\/wp-json\/wp\/v2\/types\/product"}],"replies":[{"embeddable":true,"href":"https:\/\/www.reefshops.com\/fr\/wp-json\/wp\/v2\/comments?post=34880"}],"wp:featuredmedia":[{"embeddable":true,"href":"https:\/\/www.reefshops.com\/fr\/wp-json\/wp\/v2\/media\/1779"}],"wp:attachment":[{"href":"https:\/\/www.reefshops.com\/fr\/wp-json\/wp\/v2\/media?parent=34880"}],"wp:term":[{"taxonomy":"product_brand","embeddable":true,"href":"https:\/\/www.reefshops.com\/fr\/wp-json\/wp\/v2\/product_brand?post=34880"},{"taxonomy":"product_cat","embeddable":true,"href":"https:\/\/www.reefshops.com\/fr\/wp-json\/wp\/v2\/product_cat?post=34880"},{"taxonomy":"product_tag","embeddable":true,"href":"https:\/\/www.reefshops.com\/fr\/wp-json\/wp\/v2\/product_tag?post=34880"}],"curies":[{"name":"wp","href":"https:\/\/api.w.org\/{rel}","templated":true}]}}