{"id":34894,"date":"2014-12-08T16:36:25","date_gmt":"2014-12-08T16:36:25","guid":{"rendered":"https:\/\/www.reefshops.com\/product\/pompes-a-air-electromagnetiques-resun-aco-001\/"},"modified":"2025-03-16T08:35:32","modified_gmt":"2025-03-16T08:35:32","slug":"pompes-a-air-electromagnetiques-resun-aco-001","status":"publish","type":"product","link":"https:\/\/www.reefshops.com\/fr\/produit\/pompes-a-air-electromagnetiques-resun-aco-001\/","title":{"rendered":"POMPES \u00c0 AIR \u00c9LECTROMAGN\u00c9TIQUES Resun ACO-001"},"content":{"rendered":"<p><span style=\"font-size: large;color: #0000ff\"><strong>PARAM\u00c8TRE TECHNIQUE\u00a0: <\/strong><\/span><br \/><span style=\"font-size: large;color: #0000ff\"><strong>TENSION\u00a0: 220\/240\u00a0V <\/strong><\/span><br \/><span><strong>FREQ:50HZ <\/strong><\/span><br \/><span style=\"font-size: large;color: #0000ff\"><strong>COURANT:0.2\/0.11A <\/strong><\/span><br \/><span style=\"font-size: large;color: #0000ff\"><strong>PRESSION:0.02MPa <\/strong><\/span><br \/><span style=\"font-size: large;color: #0000ff\"><strong>PUISSANCE:18W <\/strong><\/span><br \/><span style=\"font-size: large;color: #0000ff\"><strong>SORTIE:0,038 m3\/min <\/strong><\/span><br \/><span style=\"font-size: large;color: #0000ff\"><strong>DIA.OF SORTIE\u00a0: 10 mm <\/strong><\/span><br \/><span style=\"font-size: large;color: #0000ff\"><strong>SPEC.DE DIVISEUR:4 <\/strong><\/span><br \/><span style=\"font-size: large;color: #0000ff\"><strong>POIDS: 0,8 kg <\/strong><\/span><br \/><span style=\"font-size: large\"><strong>DIMENSION\u00a0: 180x95x115mm<\/strong><\/span><\/p>\n","protected":false},"excerpt":{"rendered":"<p>pompe \u00e0 air 18w,<br \/>\n fonctionnement silencieux, fonctionne avec un grand r\u00e9servoir<\/p>\n","protected":false},"featured_media":1866,"comment_status":"open","ping_status":"closed","template":"","meta":[],"product_brand":[],"product_cat":[1340],"product_tag":[],"class_list":{"0":"post-34894","1":"product","2":"type-product","3":"status-publish","4":"has-post-thumbnail","6":"product_cat-pompes-a-air-pour-aquariums","8":"first","9":"instock","10":"shipping-taxable","11":"purchasable","12":"product-type-simple","13":"add-to-wishlist-after_add_to_cart"},"jetpack_sharing_enabled":true,"_links":{"self":[{"href":"https:\/\/www.reefshops.com\/fr\/wp-json\/wp\/v2\/product\/34894","targetHints":{"allow":["GET"]}}],"collection":[{"href":"https:\/\/www.reefshops.com\/fr\/wp-json\/wp\/v2\/product"}],"about":[{"href":"https:\/\/www.reefshops.com\/fr\/wp-json\/wp\/v2\/types\/product"}],"replies":[{"embeddable":true,"href":"https:\/\/www.reefshops.com\/fr\/wp-json\/wp\/v2\/comments?post=34894"}],"wp:featuredmedia":[{"embeddable":true,"href":"https:\/\/www.reefshops.com\/fr\/wp-json\/wp\/v2\/media\/1866"}],"wp:attachment":[{"href":"https:\/\/www.reefshops.com\/fr\/wp-json\/wp\/v2\/media?parent=34894"}],"wp:term":[{"taxonomy":"product_brand","embeddable":true,"href":"https:\/\/www.reefshops.com\/fr\/wp-json\/wp\/v2\/product_brand?post=34894"},{"taxonomy":"product_cat","embeddable":true,"href":"https:\/\/www.reefshops.com\/fr\/wp-json\/wp\/v2\/product_cat?post=34894"},{"taxonomy":"product_tag","embeddable":true,"href":"https:\/\/www.reefshops.com\/fr\/wp-json\/wp\/v2\/product_tag?post=34894"}],"curies":[{"name":"wp","href":"https:\/\/api.w.org\/{rel}","templated":true}]}}