{"id":34964,"date":"2016-09-25T22:48:05","date_gmt":"2016-09-25T22:48:05","guid":{"rendered":"https:\/\/www.reefshops.com\/product\/propoise-medecine-daquarium-550ml-bacteries-super-nitrifiantes\/"},"modified":"2025-03-16T08:35:51","modified_gmt":"2025-03-16T08:35:51","slug":"propoise-medecine-daquarium-550ml-bacteries-super-nitrifiantes","status":"publish","type":"product","link":"https:\/\/www.reefshops.com\/fr\/produit\/propoise-medecine-daquarium-550ml-bacteries-super-nitrifiantes\/","title":{"rendered":"Propoise m\u00e9decine d&rsquo;aquarium 550ml | Bact\u00e9ries super nitrifiantes"},"content":{"rendered":"<article class=\"article richtext richtext-detail AE:disable\" id=\"richTextContainer\">\n<div style=\"clear:both\">\n<p><span style=\"font-family: 'times new roman', times;font-size: 24px\"> 550 ml Propoise aquarium m\u00e9decine super nitrifiante bact\u00e9ries<\/span><br \/><span style=\"font-family: 'times new roman', times;font-size: 24px\">1.Il contient beaucoup de Yeat.lactobacillus sp.Steptococus sp et toutes les liaisons de champignons b\u00e9n\u00e9fiques.<\/span><\/p>\n<p><span style=\"font-family: 'times new roman', times;font-size: 24px\">2.Il peut \u00e9liminer les mati\u00e8res nocives pr\u00e9sentes dans l&rsquo;eau telles que\u00a0: l&rsquo;ammoniac, le nitrite et l&rsquo;hydrog\u00e8ne. le sulfure. il peut \u00e9galement hydrog\u00e8ne. sulfure.<\/span><\/p>\n<p><span style=\"font-family: 'times new roman', times;font-size: 24px\">3.il peut \u00e9galement am\u00e9liorer la digestion des poissons. capacit\u00e9 m\u00e9tabolique et capacit\u00e9 anti-stress. Aide \u00e0 la pr\u00e9vention des maladies et au taux de mortalit\u00e9 des poissons.<\/span><\/p>\n<p><span style=\"font-family: 'times new roman', times;font-size: 24px\">4. L&#8217;emballage est de 24 bouteilles\/carton<\/span><\/p>\n<p><span style=\"font-family: 'times new roman', times;font-size: 24px\">5. Bien agiter avant utilisation.<\/span><\/p>\n<div style=\"clear:both\"><\/article>\n","protected":false},"excerpt":{"rendered":"<p>Propoise m\u00e9decine d&rsquo;aquarium 550ml | Bact\u00e9ries super nitrifiantes<\/p>\n","protected":false},"featured_media":2118,"comment_status":"open","ping_status":"closed","template":"","meta":[],"product_brand":[],"product_cat":[1338],"product_tag":[],"class_list":{"0":"post-34964","1":"product","2":"type-product","3":"status-publish","4":"has-post-thumbnail","6":"product_cat-filtres-pour-aquariums","8":"first","9":"instock","10":"shipping-taxable","11":"purchasable","12":"product-type-simple","13":"add-to-wishlist-after_add_to_cart"},"jetpack_sharing_enabled":true,"_links":{"self":[{"href":"https:\/\/www.reefshops.com\/fr\/wp-json\/wp\/v2\/product\/34964","targetHints":{"allow":["GET"]}}],"collection":[{"href":"https:\/\/www.reefshops.com\/fr\/wp-json\/wp\/v2\/product"}],"about":[{"href":"https:\/\/www.reefshops.com\/fr\/wp-json\/wp\/v2\/types\/product"}],"replies":[{"embeddable":true,"href":"https:\/\/www.reefshops.com\/fr\/wp-json\/wp\/v2\/comments?post=34964"}],"wp:featuredmedia":[{"embeddable":true,"href":"https:\/\/www.reefshops.com\/fr\/wp-json\/wp\/v2\/media\/2118"}],"wp:attachment":[{"href":"https:\/\/www.reefshops.com\/fr\/wp-json\/wp\/v2\/media?parent=34964"}],"wp:term":[{"taxonomy":"product_brand","embeddable":true,"href":"https:\/\/www.reefshops.com\/fr\/wp-json\/wp\/v2\/product_brand?post=34964"},{"taxonomy":"product_cat","embeddable":true,"href":"https:\/\/www.reefshops.com\/fr\/wp-json\/wp\/v2\/product_cat?post=34964"},{"taxonomy":"product_tag","embeddable":true,"href":"https:\/\/www.reefshops.com\/fr\/wp-json\/wp\/v2\/product_tag?post=34964"}],"curies":[{"name":"wp","href":"https:\/\/api.w.org\/{rel}","templated":true}]}}