{"id":35002,"date":"2016-09-25T22:48:06","date_gmt":"2016-09-25T22:48:06","guid":{"rendered":"https:\/\/www.reefshops.com\/product\/jebao-controleur-de-pompe-a-helice-sans-fil-pour-generateur-de-vagues-rw8\/"},"modified":"2025-03-16T08:35:58","modified_gmt":"2025-03-16T08:35:58","slug":"jebao-controleur-de-pompe-a-helice-sans-fil-pour-generateur-de-vagues-rw8","status":"publish","type":"product","link":"https:\/\/www.reefshops.com\/fr\/produit\/jebao-controleur-de-pompe-a-helice-sans-fil-pour-generateur-de-vagues-rw8\/","title":{"rendered":"Jebao \u2013 contr\u00f4leur de pompe \u00e0 h\u00e9lice sans fil, pour g\u00e9n\u00e9rateur de vagues RW8"},"content":{"rendered":"<article class=\"article richtext richtext-detail AE:disable\" id=\"richTextContainer\">\n<div style=\"clear:both\">\n<p><span style=\"font-family: 'times new roman', times;font-size: 24px\"> jebao contr\u00f4leur de pompe \u00e0 h\u00e9lice sans fil pour wave maker RW8<\/span><\/p>\n<p><span style=\"font-family: 'times new roman', times;font-size: 24px\">1. Un syst\u00e8me de contr\u00f4le unique permet d&rsquo;effectuer des vagues de diff\u00e9rents types et de multiples fonctions<\/span><\/p>\n<p><span style=\"font-family: 'times new roman', times;font-size: 24px\">2. Les contr\u00f4leurs sans fil permettent un fonctionnement synchronis\u00e9 entre les cr\u00e9ateurs d&rsquo;ondes<\/span><\/p>\n<p>&lt;span style=&quot;font-family: &#039;times new roman&#039;, times; la pompe \u00e0 fr\u00e9quence variable fournit un environnement s\u00fbr pour l&#039;utilisateur <\/span><\/p>\n<p><span style=\"font-family: 'times new roman', times;font-size: 24px\">4. op\u00e9ration facile pour r\u00e9aliser les multiples mouvements de mer<\/span><\/p>\n<p><span style=\"font-family: 'times new roman', times;font-size: 24px\">5.la direction du flux peut \u00eatre ajust\u00e9e par diff\u00e9rents mod\u00e8les n\u00e9cessaire<\/span><\/p>\n<p><img decoding=\"async\" data-alt=\"jebao contr\u00f4leur de pompe \u00e0 h\u00e9lice sans fil pour g\u00e9n\u00e9rateur de vagues RW8\" data-src=\"http:\/\/localhost\/media\/import\/detail\/HTB1C2w.HpXXXXb0XpXXq6xXFXXXJ.jpg\" src=\"\"><img decoding=\"async\" alt=\"jebao contr\u00f4leur de pompe \u00e0 h\u00e9lice sans fil pour g\u00e9n\u00e9rateur de vagues RW8\" src=\"http:\/\/localhost\/media\/import\/detail\/HTB1C2w.HpXXXXb0XpXXq6xXFXXXJ.jpg\"><img decoding=\"async\" data-alt=\"jebao contr\u00f4leur de pompe \u00e0 h\u00e9lice sans fil pour g\u00e9n\u00e9rateur de vagues RW8\" data-src=\"http:\/\/localhost\/media\/import\/detail\/HTB1_AQ2HpXXXXXPapXXq6xXFXXXP.jpg\" src=\"\"><img decoding=\"async\" alt=\"jebao contr\u00f4leur de pompe \u00e0 h\u00e9lice sans fil pour g\u00e9n\u00e9rateur de vagues RW8\" src=\"http:\/\/localhost\/media\/import\/detail\/HTB1_AQ2HpXXXXXPapXXq6xXFXXXP.jpg\"><\/p>\n<div style=\"clear:both\"><\/div>\n<\/div>\n<\/article>\n","protected":false},"excerpt":{"rendered":"<p>Jebao \u2013 contr\u00f4leur de pompe \u00e0 h\u00e9lice sans fil, pour g\u00e9n\u00e9rateur de vagues RW8<\/p>\n","protected":false},"featured_media":2193,"comment_status":"open","ping_status":"closed","template":"","meta":[],"product_brand":[],"product_cat":[1338],"product_tag":[],"class_list":{"0":"post-35002","1":"product","2":"type-product","3":"status-publish","4":"has-post-thumbnail","6":"product_cat-filtres-pour-aquariums","8":"first","9":"instock","10":"shipping-taxable","11":"purchasable","12":"product-type-simple","13":"add-to-wishlist-after_add_to_cart"},"jetpack_sharing_enabled":true,"_links":{"self":[{"href":"https:\/\/www.reefshops.com\/fr\/wp-json\/wp\/v2\/product\/35002","targetHints":{"allow":["GET"]}}],"collection":[{"href":"https:\/\/www.reefshops.com\/fr\/wp-json\/wp\/v2\/product"}],"about":[{"href":"https:\/\/www.reefshops.com\/fr\/wp-json\/wp\/v2\/types\/product"}],"replies":[{"embeddable":true,"href":"https:\/\/www.reefshops.com\/fr\/wp-json\/wp\/v2\/comments?post=35002"}],"wp:featuredmedia":[{"embeddable":true,"href":"https:\/\/www.reefshops.com\/fr\/wp-json\/wp\/v2\/media\/2193"}],"wp:attachment":[{"href":"https:\/\/www.reefshops.com\/fr\/wp-json\/wp\/v2\/media?parent=35002"}],"wp:term":[{"taxonomy":"product_brand","embeddable":true,"href":"https:\/\/www.reefshops.com\/fr\/wp-json\/wp\/v2\/product_brand?post=35002"},{"taxonomy":"product_cat","embeddable":true,"href":"https:\/\/www.reefshops.com\/fr\/wp-json\/wp\/v2\/product_cat?post=35002"},{"taxonomy":"product_tag","embeddable":true,"href":"https:\/\/www.reefshops.com\/fr\/wp-json\/wp\/v2\/product_tag?post=35002"}],"curies":[{"name":"wp","href":"https:\/\/api.w.org\/{rel}","templated":true}]}}