{"id":36077,"date":"2016-09-25T23:27:40","date_gmt":"2016-09-25T23:27:40","guid":{"rendered":"https:\/\/www.reefshops.com\/product\/chauffages-daquarium-en-acier-inoxydable-300w-bt802\/"},"modified":"2025-03-16T08:42:02","modified_gmt":"2025-03-16T08:42:02","slug":"chauffages-daquarium-en-acier-inoxydable-300w-bt802","status":"publish","type":"product","link":"https:\/\/www.reefshops.com\/fr\/produit\/chauffages-daquarium-en-acier-inoxydable-300w-bt802\/","title":{"rendered":"Chauffages d&rsquo;aquarium en acier inoxydable 300W BT802"},"content":{"rendered":"<article class=\"article richtext richtext-detail AE:disable\" id=\"richTextContainer\">\n<div style=\"clear:both\">\n<p><span style=\"font-family: 'times new roman', times;font-size: 24px\">R\u00e9chauffeurs d&rsquo;aquarium en acier inoxydable 300W BT802 <\/span><\/p>\n<p><span style=\"font-family: 'times new roman', times;font-size: 24px\">1 Verre antid\u00e9flagrant<\/span><br \/><span style=\"font-family: 'times new roman', times;font-size: 24px\">2 Double isolation<\/span><br \/><span style=\"font-family: 'times new roman', times\">3 Conception compacte, haute r\u00e9sistance<\/span><br \/><span style=\"font-family: 'times new roman', times;font-size: 24px\">4 Pr\u00e9cision de temp\u00e9rature s\u00fbre et fiable<\/span><br \/><span style=\"font-family: 'times new roman', times;font-size: 24px\">5 Convient pour l&rsquo;eau douce et l&rsquo;eau sal\u00e9e<\/span><\/p>\n<p><span><img decoding=\"async\" alt=\"R\u00e9chauffeurs d'aquarium en acier inoxydable 300 W BT802\" src=\"http:\/\/localhost\/media\/import\/detail\/HTB10lQrHpXXXXaaaXXXq6xXFXXXP.jpg\"><img decoding=\"async\" data-alt=\"Chauffage d'aquarium en acier inoxydable 300 W BT802\" data-src=\"http:\/\/localhost\/media\/import\/detail\/HTB1dVkxHpXXXXcWXpXXq6xXFXXX4.jpg\" src=\"\"><img decoding=\"async\" alt=\"R\u00e9chauffeurs d'aquarium en acier inoxydable 300W BT802\" src=\"http:\/\/localhost\/media\/import\/detail\/HTB1dVkxHpXXXXcWXpXXq6xXFXXX4.jpg\"><img decoding=\"async\" data-alt=\"R\u00e9chauffeurs d'aquarium en acier inoxydable 300W BT802\" data-src=\"http:\/\/localhost\/media\/import\/detail\/HTB1cWwsHpXXXXXJaXXXq6xXFXXXX.jpg\" src=\"\"><img decoding=\"async\" alt=\"R\u00e9chauffeurs d'aquarium en acier inoxydable 300W BT802\" src=\"http:\/\/localhost\/media\/import\/detail\/HTB1cWwsHpXXXXXJaXXXq6xXFXXXX.jpg\"><\/span><\/p>\n<div style=\"clear:both\"><\/div>\n<\/div>\n<\/article>\n","protected":false},"excerpt":{"rendered":"<p>Chauffages d&rsquo;aquarium en acier inoxydable 300W BT802<\/p>\n","protected":false},"featured_media":2259,"comment_status":"open","ping_status":"closed","template":"","meta":[],"product_brand":[],"product_cat":[1338],"product_tag":[],"class_list":{"0":"post-36077","1":"product","2":"type-product","3":"status-publish","4":"has-post-thumbnail","6":"product_cat-filtres-pour-aquariums","8":"first","9":"instock","10":"shipping-taxable","11":"purchasable","12":"product-type-simple","13":"add-to-wishlist-after_add_to_cart"},"jetpack_sharing_enabled":true,"_links":{"self":[{"href":"https:\/\/www.reefshops.com\/fr\/wp-json\/wp\/v2\/product\/36077","targetHints":{"allow":["GET"]}}],"collection":[{"href":"https:\/\/www.reefshops.com\/fr\/wp-json\/wp\/v2\/product"}],"about":[{"href":"https:\/\/www.reefshops.com\/fr\/wp-json\/wp\/v2\/types\/product"}],"replies":[{"embeddable":true,"href":"https:\/\/www.reefshops.com\/fr\/wp-json\/wp\/v2\/comments?post=36077"}],"wp:featuredmedia":[{"embeddable":true,"href":"https:\/\/www.reefshops.com\/fr\/wp-json\/wp\/v2\/media\/2259"}],"wp:attachment":[{"href":"https:\/\/www.reefshops.com\/fr\/wp-json\/wp\/v2\/media?parent=36077"}],"wp:term":[{"taxonomy":"product_brand","embeddable":true,"href":"https:\/\/www.reefshops.com\/fr\/wp-json\/wp\/v2\/product_brand?post=36077"},{"taxonomy":"product_cat","embeddable":true,"href":"https:\/\/www.reefshops.com\/fr\/wp-json\/wp\/v2\/product_cat?post=36077"},{"taxonomy":"product_tag","embeddable":true,"href":"https:\/\/www.reefshops.com\/fr\/wp-json\/wp\/v2\/product_tag?post=36077"}],"curies":[{"name":"wp","href":"https:\/\/api.w.org\/{rel}","templated":true}]}}