{"id":36082,"date":"2016-09-25T23:27:40","date_gmt":"2016-09-25T23:27:40","guid":{"rendered":"https:\/\/www.reefshops.com\/product\/nettoyant-magnetique-en-forme-de-tortue-pour-aquarium\/"},"modified":"2025-03-16T08:42:03","modified_gmt":"2025-03-16T08:42:03","slug":"nettoyant-magnetique-en-forme-de-tortue-pour-aquarium","status":"publish","type":"product","link":"https:\/\/www.reefshops.com\/fr\/produit\/nettoyant-magnetique-en-forme-de-tortue-pour-aquarium\/","title":{"rendered":"Nettoyant magn\u00e9tique en forme de tortue pour aquarium"},"content":{"rendered":"<article class=\"article richtext richtext-detail AE:disable\" id=\"richTextContainer\">\n<div style=\"clear:both\">\n<p><span style=\"font-family: 'times new roman', times;font-size: 24px\"> nettoyant magn\u00e9tique en forme de tortue pour aquarium<\/span><\/p>\n<p><span style=\"font-family: 'times new roman', times;font-size: 24px\">1.la taille est de 12*8*7 cm<\/span><\/p>\n<p>&lt;span style=&quot;font-family : &#039;times new roman&#039;, times ; convient pour l&#039;\u00e9paisseur du r\u00e9servoir est de 5 \u00e0 12 cm<\/span><\/p>\n<p><span style=\"font-family: 'times new roman', times;font-size: 24px\">3. L&#8217;emballage est de 60 pi\u00e8ces\/bo\u00eete<\/span><\/p>\n<p><span style=\"font-family: 'times new roman', times;font-size: 24px\">4. Nettoyant magn\u00e9tique pour nettoyer le r\u00e9servoir d&rsquo;aquarium<\/span><\/p>\n<p><span style=\"font-family: 'times new roman', times;font-size: 24px\"><img decoding=\"async\" data-alt=\"nettoyant magn\u00e9tique en forme de tortue pour aquarium\" data-src=\"http:\/\/localhost\/media\/import\/detail\/HTB1lbVzHpXXXXcFaFXXq6xXFXXXH.jpg\" src=\"\"><img decoding=\"async\" alt=\"Nettoyant magn\u00e9tique en forme de tortue pour aquarium\" src=\"http:\/\/localhost\/media\/import\/detail\/HTB1lbVzHpXXXXcFaFXXq6xXFXXXH.jpg\"><img decoding=\"async\" data-alt=\"Nettoyeur magn\u00e9tique en forme de tortue pour aquarium\" data-src=\"http:\/\/localhost\/media\/import\/detail\/HTB1ESczHpXXXXX9XXXXq6xXFXXXl.jpg\" src=\"\"><img decoding=\"async\" alt=\"nettoyant magn\u00e9tique en forme de tortue pour aquarium\" src=\"http:\/\/localhost\/media\/import\/detail\/HTB1ESczHpXXXXX9XXXXq6xXFXXXl.jpg\"><img decoding=\"async\" data-alt=\"Nettoyant magn\u00e9tique en forme de tortue pour aquarium\" data-src=\"http:\/\/localhost\/media\/import\/detail\/HTB1mL3AHpXXXXXoXXXXq6xXFXXX5.jpg\" src=\"\"><img decoding=\"async\" alt=\"Nettoyant magn\u00e9tique en forme de tortue pour aquarium\" src=\"http:\/\/localhost\/media\/import\/detail\/HTB1mL3AHpXXXXXoXXXXq6xXFXXX5.jpg\"><\/span><\/p>\n<\/p>\n<div style=\"clear:both\"><\/div>\n<\/div>\n<\/article>\n","protected":false},"excerpt":{"rendered":"<p>Nettoyant magn\u00e9tique en forme de tortue pour aquarium<\/p>\n","protected":false},"featured_media":2269,"comment_status":"open","ping_status":"closed","template":"","meta":[],"product_brand":[],"product_cat":[1338],"product_tag":[],"class_list":{"0":"post-36082","1":"product","2":"type-product","3":"status-publish","4":"has-post-thumbnail","6":"product_cat-filtres-pour-aquariums","8":"first","9":"instock","10":"shipping-taxable","11":"purchasable","12":"product-type-simple","13":"add-to-wishlist-after_add_to_cart"},"jetpack_sharing_enabled":true,"_links":{"self":[{"href":"https:\/\/www.reefshops.com\/fr\/wp-json\/wp\/v2\/product\/36082","targetHints":{"allow":["GET"]}}],"collection":[{"href":"https:\/\/www.reefshops.com\/fr\/wp-json\/wp\/v2\/product"}],"about":[{"href":"https:\/\/www.reefshops.com\/fr\/wp-json\/wp\/v2\/types\/product"}],"replies":[{"embeddable":true,"href":"https:\/\/www.reefshops.com\/fr\/wp-json\/wp\/v2\/comments?post=36082"}],"wp:featuredmedia":[{"embeddable":true,"href":"https:\/\/www.reefshops.com\/fr\/wp-json\/wp\/v2\/media\/2269"}],"wp:attachment":[{"href":"https:\/\/www.reefshops.com\/fr\/wp-json\/wp\/v2\/media?parent=36082"}],"wp:term":[{"taxonomy":"product_brand","embeddable":true,"href":"https:\/\/www.reefshops.com\/fr\/wp-json\/wp\/v2\/product_brand?post=36082"},{"taxonomy":"product_cat","embeddable":true,"href":"https:\/\/www.reefshops.com\/fr\/wp-json\/wp\/v2\/product_cat?post=36082"},{"taxonomy":"product_tag","embeddable":true,"href":"https:\/\/www.reefshops.com\/fr\/wp-json\/wp\/v2\/product_tag?post=36082"}],"curies":[{"name":"wp","href":"https:\/\/api.w.org\/{rel}","templated":true}]}}