{"id":36099,"date":"2016-09-25T23:27:41","date_gmt":"2016-09-25T23:27:41","guid":{"rendered":"https:\/\/www.reefshops.com\/product\/pompe-detang-jebao-eco-koi-200w-lp45000\/"},"modified":"2025-03-16T08:42:06","modified_gmt":"2025-03-16T08:42:06","slug":"pompe-detang-jebao-eco-koi-200w-lp45000","status":"publish","type":"product","link":"https:\/\/www.reefshops.com\/fr\/produit\/pompe-detang-jebao-eco-koi-200w-lp45000\/","title":{"rendered":"Pompe d&rsquo;\u00e9tang Jebao eco koi 200W LP45000"},"content":{"rendered":"<article class=\"article richtext richtext-detail AE:disable\" id=\"richTextContainer\">\n<div style=\"clear:both\">\n<p><span style=\"font-family: 'times new roman', times;font-size: 24px\"> Pompe d&rsquo;\u00e9tang Jebao eco koi LP45000 200W <\/span><\/p>\n<p><span style=\"font-family: 'times new roman', times\">1. Moteur asynchrone standard de haute performance avec un nouveau design et une \u00e9conomie d&rsquo;\u00e9nergie de 50\u00a0% par rapport \u00e0 avant.<\/span><br \/><span style=\"font-family: 'times new roman', times;font-size: 24px\">2. T\u00eates de pompe \u00e9lev\u00e9es et d\u00e9bit plus important<\/span><br \/>&lt;span style=&quot;font-family: &#039;times new roman&#039;, times; particules de salet\u00e9 jusqu&#039;\u00e0 6 mm<\/span><br \/><span style=\"font-family: 'times new roman', times;font-size: 24px\">4. Adoptez un arbre en c\u00e9ramique r\u00e9sistant \u00e0 l&rsquo;usure qui peut \u00eatre utilis\u00e9 plus longtemps.<\/span><\/p>\n<p><span style=\"font-family: 'times new roman', times;font-size: 24px\"><img decoding=\"async\" data-alt=\"Pompe d'\u00e9tang Jebao eco koi 200 W LP45000\" data-src=\"http:\/\/localhost\/media\/import\/detail\/HTB1qMlhHFXXXXakXpXXq6xXFXXXy.jpg\" src=\"\"><img decoding=\"async\" alt=\"Pompe d'\u00e9tang Jebao eco koi 200 W LP45000\" src=\"http:\/\/localhost\/media\/import\/detail\/HTB1qMlhHFXXXXakXpXXq6xXFXXXy.jpg\"><img decoding=\"async\" data-alt=\"Pompe d'\u00e9tang Jebao eco koi 200W LP45000\" data-src=\"http:\/\/localhost\/media\/import\/detail\/HTB1_WJiHFXXXXakXpXXq6xXFXXX7.jpg\" src=\"\"><img decoding=\"async\" alt=\"Pompe d'\u00e9tang Jebao eco koi LP45000 200W\" src=\"http:\/\/localhost\/media\/import\/detail\/HTB1_WJiHFXXXXakXpXXq6xXFXXX7.jpg\"><img decoding=\"async\" data-alt=\"Pompe d'\u00e9tang Jebao eco koi 200W LP45000\" data-src=\"http:\/\/localhost\/media\/import\/detail\/HTB13dRfHFXXXXbtXFXXq6xXFXXX1.jpg\" src=\"\"><img decoding=\"async\" alt=\"Pompe d'\u00e9tang Jebao eco koi 200W LP45000\" src=\"http:\/\/localhost\/media\/import\/detail\/HTB13dRfHFXXXXbtXFXXq6xXFXXX1.jpg\"><\/span><\/p>\n<div style=\"clear:both\"><\/div>\n<\/div>\n<\/article>\n","protected":false},"excerpt":{"rendered":"<p>Pompe d&rsquo;\u00e9tang Jebao eco koi 200W LP45000<\/p>\n","protected":false},"featured_media":2303,"comment_status":"open","ping_status":"closed","template":"","meta":[],"product_brand":[],"product_cat":[1338],"product_tag":[],"class_list":{"0":"post-36099","1":"product","2":"type-product","3":"status-publish","4":"has-post-thumbnail","6":"product_cat-filtres-pour-aquariums","8":"first","9":"instock","10":"shipping-taxable","11":"purchasable","12":"product-type-simple","13":"add-to-wishlist-after_add_to_cart"},"jetpack_sharing_enabled":true,"_links":{"self":[{"href":"https:\/\/www.reefshops.com\/fr\/wp-json\/wp\/v2\/product\/36099","targetHints":{"allow":["GET"]}}],"collection":[{"href":"https:\/\/www.reefshops.com\/fr\/wp-json\/wp\/v2\/product"}],"about":[{"href":"https:\/\/www.reefshops.com\/fr\/wp-json\/wp\/v2\/types\/product"}],"replies":[{"embeddable":true,"href":"https:\/\/www.reefshops.com\/fr\/wp-json\/wp\/v2\/comments?post=36099"}],"wp:featuredmedia":[{"embeddable":true,"href":"https:\/\/www.reefshops.com\/fr\/wp-json\/wp\/v2\/media\/2303"}],"wp:attachment":[{"href":"https:\/\/www.reefshops.com\/fr\/wp-json\/wp\/v2\/media?parent=36099"}],"wp:term":[{"taxonomy":"product_brand","embeddable":true,"href":"https:\/\/www.reefshops.com\/fr\/wp-json\/wp\/v2\/product_brand?post=36099"},{"taxonomy":"product_cat","embeddable":true,"href":"https:\/\/www.reefshops.com\/fr\/wp-json\/wp\/v2\/product_cat?post=36099"},{"taxonomy":"product_tag","embeddable":true,"href":"https:\/\/www.reefshops.com\/fr\/wp-json\/wp\/v2\/product_tag?post=36099"}],"curies":[{"name":"wp","href":"https:\/\/api.w.org\/{rel}","templated":true}]}}