{"id":36135,"date":"2016-09-25T23:27:41","date_gmt":"2016-09-25T23:27:41","guid":{"rendered":"https:\/\/www.reefshops.com\/product\/petit-filtre-externe-pratique-pour-aquarium-micro-de-qualite-superieure\/"},"modified":"2025-03-16T08:42:12","modified_gmt":"2025-03-16T08:42:12","slug":"petit-filtre-externe-pratique-pour-aquarium-micro-de-qualite-superieure","status":"publish","type":"product","link":"https:\/\/www.reefshops.com\/fr\/produit\/petit-filtre-externe-pratique-pour-aquarium-micro-de-qualite-superieure\/","title":{"rendered":"Petit filtre externe pratique pour aquarium, micro de qualit\u00e9 sup\u00e9rieure"},"content":{"rendered":"<article class=\"article richtext richtext-detail AE:disable\" id=\"richTextContainer\">\n<div style=\"clear:both\">\n<p><span style=\"font-size: 24px\"> petit filtre externe pratique pour aquarium de qualit\u00e9 sup\u00e9rieure <\/span><\/p>\n<p style=\"padding-top: 15px;padding-bottom: 15px;font-size: 14px;line-height: 20px;font-family : Arial, Helvetica, sans-serif\">Le filtre est simple \u00e0 fixer dans le r\u00e9servoir avec des ventouses. La particularit\u00e9 du concept du pick-up est que la cartouche filtrante et sa cartouche peuvent \u00eatre retir\u00e9es par le haut, tandis que l&rsquo;unit\u00e9 de pompe reste dans le r\u00e9servoir. C&rsquo;est une solution tr\u00e8s pratique pour nettoyer ou changer la cartouche filtrante. <\/p>\n<p style=\"padding-top: 15px;padding-bottom: 15px;font-size: 14px;line-height: 20px;font-family: Arial, Helvetica, sans-serif\">La pompe aspire l&rsquo;eau par le bas et la transporte \u00e0 travers la cartouche filtrante jusqu&rsquo;au sommet. Ici, l&rsquo;eau filtr\u00e9e est renvoy\u00e9e dans le r\u00e9servoir via la buse de sortie rotative. <\/p>\n<p style=\"padding-top: 15px;padding-bottom: 15px;font-size: 14px;line-height: 20px;font-family: Arial, Helvetica, sans-serif\"><span style=\"background-color: #cee1e1;padding: 0px\">Avantages du pickup 45<\/span><\/p>\n<div style=\"margin: 0px;padding: 0px;font-family: Arial, Helvetica, sans-serif;line-height: 16px\">\n<ul>\n<li style=\"margin: 0px;padding: 0px 0px 10px 5px\">Filtre interne plus petit pour aquariums jusqu&rsquo;\u00e0 45 l.<\/li>\n<li style=\"margin: 0px;padding: 0px 0px 10px 5px\">Entr\u00e9e d&rsquo;eau au fond du filtre<\/li>\n<li style=\"margin: 0px;padding: 0px 0px 10px 5px\">Buse de sortie rotative pour ajuster la direction du d\u00e9bit<\/li>\n<li style=\"margin: 0px;padding: 0px 0px 10px 5px\">Cartouche filtrante avec cartouche filtrante facile \u00e0 retirer de la pompe par le haut <\/li>\n<li style=\"margin: 0px;0px 0px 10px 5px\">Complet avec cartouche filtrante, pr\u00eate \u00e0 l&#8217;emploi <\/li>\n<li style=\"margin: 0px;padding: 0px 0px 10px 5px\">Des cartouches de charbon actif peuvent \u00e9galement \u00eatre utilis\u00e9es (par exemple lors du d\u00e9marrage de l&rsquo;aquarium ou apr\u00e8s un traitement m\u00e9dicamenteux)<\/li>\n<li style=\"margin: 0px\">Article n\u00b02006020<\/li>\n<li style=\"margin: 0px;padding: 0px 0px 10px 5px\">Pour aquariums jusqu&rsquo;\u00e0 environ 60,00 L<\/li>\n<li style=\"margin: 0px\">Puissance de la pompe (50 Hz) par heure d&rsquo;environ 150,00 L<\/li>\n<li style=\"margin: 0px\">Puissance de la pompe (50 Hz) par heure jusqu&rsquo;\u00e0 environ 300,00 L<\/li>\n<li style=\"margin: 0px;padding: 0px 0px 10px 5px\">T\u00eate de pompage environ (H max \u00e0 50 Hz)0,35 m<\/li>\n<li style=\"margin: 0px\">Puissance (50 Hz) \u00e0 4 watts<\/li>\n<li style=\"margin: 0px\">Filtrer le volume0.2L<\/li>\n<li style=\"margin: 0px\">Largeur75,00 mm<\/li>\n<li style=\"margin: 0px\">Hauteur163,00 mm<\/li>\n<li style=\"margin: 0px\">Profondeur96,00 mm<\/li>\n<li style=\"margin: 0px\">Tension230 volts<\/li>\n<li style=\"margin: 0px;padding: 0px 0px 10px 5px\">Prise d&rsquo;alimentation standard EUR<\/li>\n<li style=\"margin: 0px\">Emballage 4 partie(s)<\/li>\n<li style=\"margin: 0px\">Dimensions de l&#8217;emballage <span style=\"line-height: 16px\">(Largeur)15,40 cm<\/span><\/li>\n<li style=\"margin: 0px\">Dimensions de l&#8217;emballage (Hauteur)21,00 cm<\/li>\n<li style=\"margin: 0px\">Dimensions de l&#8217;emballage (Profondeur)7,60 cm<\/li>\n<li style=\"margin: 0px\">Eau douce oui<\/li>\n<li style=\"margin: 0px;padding: 0px 0px 10px 5px\">Eau de mer oui <\/li>\n<li style=\"margin: 0px\">Pour une utilisation en ext\u00e9rieur non<\/li>\n<\/ul>\n<\/div>\n<div style=\"clear:both\"><\/article>\n","protected":false},"excerpt":{"rendered":"<p>Petit filtre externe pratique pour aquarium, micro de qualit\u00e9 sup\u00e9rieure<\/p>\n","protected":false},"featured_media":2363,"comment_status":"open","ping_status":"closed","template":"","meta":[],"product_brand":[],"product_cat":[1338],"product_tag":[],"class_list":{"0":"post-36135","1":"product","2":"type-product","3":"status-publish","4":"has-post-thumbnail","6":"product_cat-filtres-pour-aquariums","8":"first","9":"instock","10":"shipping-taxable","11":"purchasable","12":"product-type-simple","13":"add-to-wishlist-after_add_to_cart"},"jetpack_sharing_enabled":true,"_links":{"self":[{"href":"https:\/\/www.reefshops.com\/fr\/wp-json\/wp\/v2\/product\/36135","targetHints":{"allow":["GET"]}}],"collection":[{"href":"https:\/\/www.reefshops.com\/fr\/wp-json\/wp\/v2\/product"}],"about":[{"href":"https:\/\/www.reefshops.com\/fr\/wp-json\/wp\/v2\/types\/product"}],"replies":[{"embeddable":true,"href":"https:\/\/www.reefshops.com\/fr\/wp-json\/wp\/v2\/comments?post=36135"}],"wp:featuredmedia":[{"embeddable":true,"href":"https:\/\/www.reefshops.com\/fr\/wp-json\/wp\/v2\/media\/2363"}],"wp:attachment":[{"href":"https:\/\/www.reefshops.com\/fr\/wp-json\/wp\/v2\/media?parent=36135"}],"wp:term":[{"taxonomy":"product_brand","embeddable":true,"href":"https:\/\/www.reefshops.com\/fr\/wp-json\/wp\/v2\/product_brand?post=36135"},{"taxonomy":"product_cat","embeddable":true,"href":"https:\/\/www.reefshops.com\/fr\/wp-json\/wp\/v2\/product_cat?post=36135"},{"taxonomy":"product_tag","embeddable":true,"href":"https:\/\/www.reefshops.com\/fr\/wp-json\/wp\/v2\/product_tag?post=36135"}],"curies":[{"name":"wp","href":"https:\/\/api.w.org\/{rel}","templated":true}]}}