{"id":36246,"date":"2016-09-25T23:27:47","date_gmt":"2016-09-25T23:27:47","guid":{"rendered":"https:\/\/www.reefshops.com\/product\/thermometre-en-verre-jaune-daquarium-avec-ventouse\/"},"modified":"2025-03-16T08:42:32","modified_gmt":"2025-03-16T08:42:32","slug":"thermometre-en-verre-jaune-daquarium-avec-ventouse","status":"publish","type":"product","link":"https:\/\/www.reefshops.com\/fr\/produit\/thermometre-en-verre-jaune-daquarium-avec-ventouse\/","title":{"rendered":"thermom\u00e8tre en verre jaune d&rsquo;aquarium avec ventouse"},"content":{"rendered":"<article class=\"article richtext richtext-detail AE:disable\" id=\"richTextContainer\">\n<div style=\"clear:both\">\n<p><span style=\"font-family: 'times new roman', times;font-size: 24px\"> thermom\u00e8tre d&rsquo;aquarium en verre jaune avec ventouse<\/span><br \/><span style=\"font-family: 'times new roman', times;font-size: 24px\">1 .LA TAILLE est de 15*1 cm<\/span><br \/><span style=\"font-family : 'times new roman', times;font-size : 24px\">2. Pr\u00e9cision : ??1degr\u00e9<\/span><br \/><span style=\"font-family : 'times new roman', times;font-size : 24px\">3.plage de la temp\u00e9rature mesur\u00e9e : 0~+50 degr\u00e9s<\/span><br \/><span style=\"font-family : 'times new roman', times;font-size : 24px\">4. L&#8217;emballage est de 500 pi\u00e8ces\/carton<\/span><\/p>\n<p><span style=\"font-family : 'times new roman', times;font-size : 24px\">5.<span style=\"line-height: 36px\">avec ventouse pour le fixer<\/span><\/span><\/p>\n<div style=\"clear:les deux\"><\/article>\n","protected":false},"excerpt":{"rendered":"<p>thermom\u00e8tre en verre jaune d&rsquo;aquarium avec ventouse<\/p>\n","protected":false},"featured_media":2579,"comment_status":"open","ping_status":"closed","template":"","meta":[],"product_brand":[],"product_cat":[1338],"product_tag":[],"class_list":{"0":"post-36246","1":"product","2":"type-product","3":"status-publish","4":"has-post-thumbnail","6":"product_cat-filtres-pour-aquariums","8":"first","9":"instock","10":"shipping-taxable","11":"purchasable","12":"product-type-simple","13":"add-to-wishlist-after_add_to_cart"},"jetpack_sharing_enabled":true,"_links":{"self":[{"href":"https:\/\/www.reefshops.com\/fr\/wp-json\/wp\/v2\/product\/36246","targetHints":{"allow":["GET"]}}],"collection":[{"href":"https:\/\/www.reefshops.com\/fr\/wp-json\/wp\/v2\/product"}],"about":[{"href":"https:\/\/www.reefshops.com\/fr\/wp-json\/wp\/v2\/types\/product"}],"replies":[{"embeddable":true,"href":"https:\/\/www.reefshops.com\/fr\/wp-json\/wp\/v2\/comments?post=36246"}],"wp:featuredmedia":[{"embeddable":true,"href":"https:\/\/www.reefshops.com\/fr\/wp-json\/wp\/v2\/media\/2579"}],"wp:attachment":[{"href":"https:\/\/www.reefshops.com\/fr\/wp-json\/wp\/v2\/media?parent=36246"}],"wp:term":[{"taxonomy":"product_brand","embeddable":true,"href":"https:\/\/www.reefshops.com\/fr\/wp-json\/wp\/v2\/product_brand?post=36246"},{"taxonomy":"product_cat","embeddable":true,"href":"https:\/\/www.reefshops.com\/fr\/wp-json\/wp\/v2\/product_cat?post=36246"},{"taxonomy":"product_tag","embeddable":true,"href":"https:\/\/www.reefshops.com\/fr\/wp-json\/wp\/v2\/product_tag?post=36246"}],"curies":[{"name":"wp","href":"https:\/\/api.w.org\/{rel}","templated":true}]}}