{"id":36311,"date":"2016-09-25T23:27:49","date_gmt":"2016-09-25T23:27:49","guid":{"rendered":"https:\/\/www.reefshops.com\/product\/chauffage-daquarium-hakawin-nouveau-produit-2015-chauffage-en-acier-inoxydable-he908-50w\/"},"modified":"2025-03-16T08:42:44","modified_gmt":"2025-03-16T08:42:44","slug":"chauffage-daquarium-hakawin-nouveau-produit-2015-chauffage-en-acier-inoxydable-he908-50w","status":"publish","type":"product","link":"https:\/\/www.reefshops.com\/fr\/produit\/chauffage-daquarium-hakawin-nouveau-produit-2015-chauffage-en-acier-inoxydable-he908-50w\/","title":{"rendered":"Chauffage d&rsquo;aquarium HAKAWIN, nouveau produit 2015, chauffage en acier inoxydable HE908 50W"},"content":{"rendered":"<article class=\"article richtext richtext-detail AE:disable\" id=\"richTextContainer\">\n<div style=\"clear:both\">\n<p><span style=\"font-size: 18px\"> 2015 nouveau chauffe-aquarium HAKAWIN con\u00e7u en acier inoxydable HE908 25W <\/span><\/p>\n<\/p>\n<p><span style=\"font-size: 18px\">Aquarium <span style=\"font-size: 18px;line-height: 27px\">Chauffage en acier inoxydable HE908<\/span><br \/><\/span><\/p>\n<\/p>\n<p><span style=\"font-size: 18px\">Avantage\u00a0:<\/span><\/p>\n<p style=\"border: 0px;\u00a0\">&lt;span style=&quot;margin\u00a0:\u00a00px\u00a0; bordure\u00a0:\u00a00px; apparence<\/span><\/p>\n<p style=\"border: 0px;font-family: Arial, Helvetica;line-height: 15px;vertical-align: baseline;color: #333333\"><span style=\"margin: 0px;padding: 0px;border: 0px;font-family: Arial;font-size: 18px;vertical-align: baseline\">2.\u00c9tanche et ajuste automatiquement la temp\u00e9rature<\/span><\/p>\n<p style=\"border: 0px\"><span style=\"vertical-align: baseline\">3. Conception de drainage \u00e0 double \u00e9tanch\u00e9it\u00e9<\/span><\/p>\n<p style=\"border: 0px\"><span style=\"vertical-align: baseline\">4. Convient au chauffage de l&rsquo;eau douce et de l&rsquo;eau de mer<\/span><\/p>\n<div style=\"clear:both\"><\/article>\n","protected":false},"excerpt":{"rendered":"<p>Chauffage d&rsquo;aquarium HAKAWIN, nouveau produit 2015, chauffage en acier inoxydable HE908 50W<\/p>\n","protected":false},"featured_media":2711,"comment_status":"open","ping_status":"closed","template":"","meta":[],"product_brand":[],"product_cat":[1338],"product_tag":[],"class_list":{"0":"post-36311","1":"product","2":"type-product","3":"status-publish","4":"has-post-thumbnail","6":"product_cat-filtres-pour-aquariums","8":"first","9":"instock","10":"shipping-taxable","11":"purchasable","12":"product-type-simple","13":"add-to-wishlist-after_add_to_cart"},"jetpack_sharing_enabled":true,"_links":{"self":[{"href":"https:\/\/www.reefshops.com\/fr\/wp-json\/wp\/v2\/product\/36311","targetHints":{"allow":["GET"]}}],"collection":[{"href":"https:\/\/www.reefshops.com\/fr\/wp-json\/wp\/v2\/product"}],"about":[{"href":"https:\/\/www.reefshops.com\/fr\/wp-json\/wp\/v2\/types\/product"}],"replies":[{"embeddable":true,"href":"https:\/\/www.reefshops.com\/fr\/wp-json\/wp\/v2\/comments?post=36311"}],"wp:featuredmedia":[{"embeddable":true,"href":"https:\/\/www.reefshops.com\/fr\/wp-json\/wp\/v2\/media\/2711"}],"wp:attachment":[{"href":"https:\/\/www.reefshops.com\/fr\/wp-json\/wp\/v2\/media?parent=36311"}],"wp:term":[{"taxonomy":"product_brand","embeddable":true,"href":"https:\/\/www.reefshops.com\/fr\/wp-json\/wp\/v2\/product_brand?post=36311"},{"taxonomy":"product_cat","embeddable":true,"href":"https:\/\/www.reefshops.com\/fr\/wp-json\/wp\/v2\/product_cat?post=36311"},{"taxonomy":"product_tag","embeddable":true,"href":"https:\/\/www.reefshops.com\/fr\/wp-json\/wp\/v2\/product_tag?post=36311"}],"curies":[{"name":"wp","href":"https:\/\/api.w.org\/{rel}","templated":true}]}}