{"id":36334,"date":"2016-09-25T23:27:51","date_gmt":"2016-09-25T23:27:51","guid":{"rendered":"https:\/\/www.reefshops.com\/product\/pompe-a-air-de-bassin-daquarium-super-calme-hopar-ha6055\/"},"modified":"2025-03-16T08:42:49","modified_gmt":"2025-03-16T08:42:49","slug":"pompe-a-air-de-bassin-daquarium-super-calme-hopar-ha6055","status":"publish","type":"product","link":"https:\/\/www.reefshops.com\/fr\/produit\/pompe-a-air-de-bassin-daquarium-super-calme-hopar-ha6055\/","title":{"rendered":"Pompe \u00e0 air de bassin d&rsquo;aquarium super calme hopar HA6055"},"content":{"rendered":"<article class=\"article richtext richtext-detail AE:disable\" id=\"richTextContainer\">\n<div style=\"clear:both\">\n<p><span style=\"font-family: 'times new roman', times;font-size: 24px\"> hopar super assez pompe \u00e0 air pour \u00e9tang d&rsquo;aquarium HA6055 <\/span><\/p>\n<p><span style=\"font-family: 'times new roman', times\">a. Le diaphragme et la valve en caoutchouc r\u00e9sistant aux chocs garantissent une longue dur\u00e9e de vie<\/span><\/p>\n<p><span style=\"font-family: 'times new roman', times;font-size: 24px\">b. Structure unique avec une bonne dispersion de la chaleur et un faible bruit<\/span><\/p>\n<p><span style=\"font-family: 'times new roman', times;font-size: 24px\">c. Largement utilis\u00e9 dans les fermes piscicoles, les \u00e9tangs, les aquariums et les utilisations industrielles \u00e0 des fins d&rsquo;oxyg\u00e9nation<\/span><\/p>\n<p><span style=\"font-family: 'times new roman', times;font-size: 24px\">d. S\u00e9parateurs d&rsquo;air en plastique inclus et s\u00e9parateurs m\u00e9talliques disponibles sur demande<\/span><\/p>\n<div style=\"clear:both\"><\/article>\n","protected":false},"excerpt":{"rendered":"<p>Pompe \u00e0 air de bassin d&rsquo;aquarium super calme hopar HA6055<\/p>\n","protected":false},"featured_media":2757,"comment_status":"open","ping_status":"closed","template":"","meta":[],"product_brand":[],"product_cat":[1338],"product_tag":[],"class_list":{"0":"post-36334","1":"product","2":"type-product","3":"status-publish","4":"has-post-thumbnail","6":"product_cat-filtres-pour-aquariums","8":"first","9":"instock","10":"shipping-taxable","11":"purchasable","12":"product-type-simple","13":"add-to-wishlist-after_add_to_cart"},"jetpack_sharing_enabled":true,"_links":{"self":[{"href":"https:\/\/www.reefshops.com\/fr\/wp-json\/wp\/v2\/product\/36334","targetHints":{"allow":["GET"]}}],"collection":[{"href":"https:\/\/www.reefshops.com\/fr\/wp-json\/wp\/v2\/product"}],"about":[{"href":"https:\/\/www.reefshops.com\/fr\/wp-json\/wp\/v2\/types\/product"}],"replies":[{"embeddable":true,"href":"https:\/\/www.reefshops.com\/fr\/wp-json\/wp\/v2\/comments?post=36334"}],"wp:featuredmedia":[{"embeddable":true,"href":"https:\/\/www.reefshops.com\/fr\/wp-json\/wp\/v2\/media\/2757"}],"wp:attachment":[{"href":"https:\/\/www.reefshops.com\/fr\/wp-json\/wp\/v2\/media?parent=36334"}],"wp:term":[{"taxonomy":"product_brand","embeddable":true,"href":"https:\/\/www.reefshops.com\/fr\/wp-json\/wp\/v2\/product_brand?post=36334"},{"taxonomy":"product_cat","embeddable":true,"href":"https:\/\/www.reefshops.com\/fr\/wp-json\/wp\/v2\/product_cat?post=36334"},{"taxonomy":"product_tag","embeddable":true,"href":"https:\/\/www.reefshops.com\/fr\/wp-json\/wp\/v2\/product_tag?post=36334"}],"curies":[{"name":"wp","href":"https:\/\/api.w.org\/{rel}","templated":true}]}}