{"id":36542,"date":"2016-09-25T23:27:57","date_gmt":"2016-09-25T23:27:57","guid":{"rendered":"https:\/\/www.reefshops.com\/product\/chauffage-electrique-tube-de-verre-periha-50w-hb50\/"},"modified":"2025-03-16T08:43:31","modified_gmt":"2025-03-16T08:43:31","slug":"chauffage-electrique-tube-de-verre-periha-50w-hb50","status":"publish","type":"product","link":"https:\/\/www.reefshops.com\/fr\/produit\/chauffage-electrique-tube-de-verre-periha-50w-hb50\/","title":{"rendered":"Chauffage \u00e9lectrique tube de verre PERIHA 50W HB50"},"content":{"rendered":"<article class=\"article richtext richtext-detail AE:disable\" id=\"richTextContainer\">\n<div style=\"clear:both\">\n<p><span style=\"font-family: 'times new roman', times;font-size: 24px\"> Chauffage \u00e9lectrique \u00e0 tube de verre PERIHA 50W HB50 <\/span><\/p>\n<p><span style=\"font-family: 'times new roman', times;font-size: 24px\">1 Verre antid\u00e9flagrant<\/span><br \/><span style=\"font-family: 'times new roman', times;font-size: 24px\">2 Double isolation<\/span><br \/><span style=\"font-family: 'times new roman', times\">3 Conception compacte, haute r\u00e9sistance<\/span><br \/><span style=\"font-family: 'times new roman', times;font-size: 24px\">4 Pr\u00e9cision de temp\u00e9rature s\u00fbre et fiable<\/span><br \/><span style=\"font-family: 'times new roman', times;font-size: 24px\">5 Convient pour l&rsquo;eau douce et sal\u00e9e<\/span><\/p>\n<p><span>7 l&#8217;emballage est de 36 pi\u00e8ces\/carton <\/span><\/p>\n<div style=\"clear:both\"><\/article>\n","protected":false},"excerpt":{"rendered":"<p>Chauffage \u00e9lectrique tube de verre PERIHA 50W HB50<\/p>\n","protected":false},"featured_media":3174,"comment_status":"open","ping_status":"closed","template":"","meta":[],"product_brand":[],"product_cat":[1338],"product_tag":[],"class_list":{"0":"post-36542","1":"product","2":"type-product","3":"status-publish","4":"has-post-thumbnail","6":"product_cat-filtres-pour-aquariums","8":"first","9":"instock","10":"shipping-taxable","11":"purchasable","12":"product-type-simple","13":"add-to-wishlist-after_add_to_cart"},"jetpack_sharing_enabled":true,"_links":{"self":[{"href":"https:\/\/www.reefshops.com\/fr\/wp-json\/wp\/v2\/product\/36542","targetHints":{"allow":["GET"]}}],"collection":[{"href":"https:\/\/www.reefshops.com\/fr\/wp-json\/wp\/v2\/product"}],"about":[{"href":"https:\/\/www.reefshops.com\/fr\/wp-json\/wp\/v2\/types\/product"}],"replies":[{"embeddable":true,"href":"https:\/\/www.reefshops.com\/fr\/wp-json\/wp\/v2\/comments?post=36542"}],"wp:featuredmedia":[{"embeddable":true,"href":"https:\/\/www.reefshops.com\/fr\/wp-json\/wp\/v2\/media\/3174"}],"wp:attachment":[{"href":"https:\/\/www.reefshops.com\/fr\/wp-json\/wp\/v2\/media?parent=36542"}],"wp:term":[{"taxonomy":"product_brand","embeddable":true,"href":"https:\/\/www.reefshops.com\/fr\/wp-json\/wp\/v2\/product_brand?post=36542"},{"taxonomy":"product_cat","embeddable":true,"href":"https:\/\/www.reefshops.com\/fr\/wp-json\/wp\/v2\/product_cat?post=36542"},{"taxonomy":"product_tag","embeddable":true,"href":"https:\/\/www.reefshops.com\/fr\/wp-json\/wp\/v2\/product_tag?post=36542"}],"curies":[{"name":"wp","href":"https:\/\/api.w.org\/{rel}","templated":true}]}}