{"id":36588,"date":"2016-09-25T23:27:58","date_gmt":"2016-09-25T23:27:58","guid":{"rendered":"https:\/\/www.reefshops.com\/product\/ista-co2-cartouche-de-gaz-co2-jetable-i-509\/"},"modified":"2025-03-16T08:43:40","modified_gmt":"2025-03-16T08:43:40","slug":"ista-co2-cartouche-de-gaz-co2-jetable-i-509","status":"publish","type":"product","link":"https:\/\/www.reefshops.com\/fr\/produit\/ista-co2-cartouche-de-gaz-co2-jetable-i-509\/","title":{"rendered":"ISTA CO2 Cartouche de gaz CO2 jetable I-509"},"content":{"rendered":"<article class=\"article richtext richtext-detail AE:disable\" id=\"richTextContainer\">\n<h2 class=\"article-title\">Sp\u00e9cifications<\/h2>\n<div style=\"clear:both\"> Cartouche de gaz CO2 jetable ISTA CO2 I-509 <br \/>1 Cylindre jetable de CO2 16g (3 pi\u00e8ces) <br \/>2 Contient 16 g de CO2 liquide sous pression. <\/p>\n<div style=\"clear:both\">\n<p>Cartouche de gaz CO2 jetable ISTA CO2 I-509<\/p>\n<p>1 Cylindre jetable de CO2 16g (3 pi\u00e8ces)<br \/>2 Contient 16 g de CO2 liquide sous pression.<br \/>3 Avec un contr\u00f4le de qualit\u00e9 strict, qualit\u00e9 et s\u00e9curit\u00e9 assur\u00e9es.<br \/>4 Cartouche jetable, sans probl\u00e8me de remplissage de CO2.<br \/>5 Cartouche simple et facile \u00e0 utiliser changement.<\/p>\n<\/p>\n<div style=\"clear:both\"><\/article>\n","protected":false},"excerpt":{"rendered":"<p>ISTA CO2 Cartouche de gaz CO2 jetable I-509<\/p>\n","protected":false},"featured_media":3264,"comment_status":"open","ping_status":"closed","template":"","meta":[],"product_brand":[],"product_cat":[1338],"product_tag":[],"class_list":{"0":"post-36588","1":"product","2":"type-product","3":"status-publish","4":"has-post-thumbnail","6":"product_cat-filtres-pour-aquariums","8":"first","9":"instock","10":"shipping-taxable","11":"purchasable","12":"product-type-simple","13":"add-to-wishlist-after_add_to_cart"},"jetpack_sharing_enabled":true,"_links":{"self":[{"href":"https:\/\/www.reefshops.com\/fr\/wp-json\/wp\/v2\/product\/36588","targetHints":{"allow":["GET"]}}],"collection":[{"href":"https:\/\/www.reefshops.com\/fr\/wp-json\/wp\/v2\/product"}],"about":[{"href":"https:\/\/www.reefshops.com\/fr\/wp-json\/wp\/v2\/types\/product"}],"replies":[{"embeddable":true,"href":"https:\/\/www.reefshops.com\/fr\/wp-json\/wp\/v2\/comments?post=36588"}],"wp:featuredmedia":[{"embeddable":true,"href":"https:\/\/www.reefshops.com\/fr\/wp-json\/wp\/v2\/media\/3264"}],"wp:attachment":[{"href":"https:\/\/www.reefshops.com\/fr\/wp-json\/wp\/v2\/media?parent=36588"}],"wp:term":[{"taxonomy":"product_brand","embeddable":true,"href":"https:\/\/www.reefshops.com\/fr\/wp-json\/wp\/v2\/product_brand?post=36588"},{"taxonomy":"product_cat","embeddable":true,"href":"https:\/\/www.reefshops.com\/fr\/wp-json\/wp\/v2\/product_cat?post=36588"},{"taxonomy":"product_tag","embeddable":true,"href":"https:\/\/www.reefshops.com\/fr\/wp-json\/wp\/v2\/product_tag?post=36588"}],"curies":[{"name":"wp","href":"https:\/\/api.w.org\/{rel}","templated":true}]}}