{"id":36621,"date":"2016-09-25T23:27:58","date_gmt":"2016-09-25T23:27:58","guid":{"rendered":"https:\/\/www.reefshops.com\/product\/unite-de-refroidissement-boyu-1-8hp-c160\/"},"modified":"2025-03-16T08:43:47","modified_gmt":"2025-03-16T08:43:47","slug":"unite-de-refroidissement-boyu-1-8hp-c160","status":"publish","type":"product","link":"https:\/\/www.reefshops.com\/fr\/produit\/unite-de-refroidissement-boyu-1-8hp-c160\/","title":{"rendered":"Unit\u00e9 de refroidissement BOYU 1\/8HP C160"},"content":{"rendered":"<article class=\"article richtext richtext-detail AE:disable\" id=\"richTextContainer\">\n<div style=\"clear:both\">\n<p><span style=\"color: #666666;font-family: 'times new roman', times;font-size: 24px\">Unit\u00e9 de refroidissement BOYU 1\/8HP C160<br \/><\/span><\/p>\n<p><span style=\"color: #666666\u00a0\">1. La super-r\u00e9frig\u00e9ration peut r\u00e9duire rapidement la temp\u00e9rature de l&rsquo;eau de 35\u00a0??C \u00e0 18??C.<br \/>2.Le syst\u00e8me de contr\u00f4le micro-informatis\u00e9 est facile \u00e0 utiliser.<br \/>3.Le syst\u00e8me d&rsquo;auto-protection contre les surintensit\u00e9s et les surchauffes le rend s\u00fbr et fiable<\/span><\/p>\n<div style=\"clear:les deux\"><\/article>\n","protected":false},"excerpt":{"rendered":"<p>Unit\u00e9 de refroidissement BOYU 1\/8HP C160<\/p>\n","protected":false},"featured_media":3321,"comment_status":"open","ping_status":"closed","template":"","meta":[],"product_brand":[],"product_cat":[1338],"product_tag":[],"class_list":{"0":"post-36621","1":"product","2":"type-product","3":"status-publish","4":"has-post-thumbnail","6":"product_cat-filtres-pour-aquariums","8":"first","9":"instock","10":"shipping-taxable","11":"purchasable","12":"product-type-simple","13":"add-to-wishlist-after_add_to_cart"},"jetpack_sharing_enabled":true,"_links":{"self":[{"href":"https:\/\/www.reefshops.com\/fr\/wp-json\/wp\/v2\/product\/36621","targetHints":{"allow":["GET"]}}],"collection":[{"href":"https:\/\/www.reefshops.com\/fr\/wp-json\/wp\/v2\/product"}],"about":[{"href":"https:\/\/www.reefshops.com\/fr\/wp-json\/wp\/v2\/types\/product"}],"replies":[{"embeddable":true,"href":"https:\/\/www.reefshops.com\/fr\/wp-json\/wp\/v2\/comments?post=36621"}],"wp:featuredmedia":[{"embeddable":true,"href":"https:\/\/www.reefshops.com\/fr\/wp-json\/wp\/v2\/media\/3321"}],"wp:attachment":[{"href":"https:\/\/www.reefshops.com\/fr\/wp-json\/wp\/v2\/media?parent=36621"}],"wp:term":[{"taxonomy":"product_brand","embeddable":true,"href":"https:\/\/www.reefshops.com\/fr\/wp-json\/wp\/v2\/product_brand?post=36621"},{"taxonomy":"product_cat","embeddable":true,"href":"https:\/\/www.reefshops.com\/fr\/wp-json\/wp\/v2\/product_cat?post=36621"},{"taxonomy":"product_tag","embeddable":true,"href":"https:\/\/www.reefshops.com\/fr\/wp-json\/wp\/v2\/product_tag?post=36621"}],"curies":[{"name":"wp","href":"https:\/\/api.w.org\/{rel}","templated":true}]}}