{"id":36623,"date":"2016-09-25T23:27:58","date_gmt":"2016-09-25T23:27:58","guid":{"rendered":"https:\/\/www.reefshops.com\/product\/compresseur-dair-portable-puissant-resun-420w-aco-018\/"},"modified":"2025-03-16T08:43:47","modified_gmt":"2025-03-16T08:43:47","slug":"compresseur-dair-portable-puissant-resun-420w-aco-018","status":"publish","type":"product","link":"https:\/\/www.reefshops.com\/fr\/produit\/compresseur-dair-portable-puissant-resun-420w-aco-018\/","title":{"rendered":"Compresseur d&rsquo;air portable puissant resun 420w ACO-018"},"content":{"rendered":"<article class=\"article richtext richtext-detail AE:disable\" id=\"richTextContainer\">\n<div style=\"clear:both\">\n<p align=\"left\"><span style=\"font-family: 'times new roman', times;font-size: 24px\"> Compresseur d&rsquo;air portable puissant resun 420w ACO-018 <\/span><\/p>\n<p><span style=\"font-family: 'times new roman', fois\u00a0;\u00a0\">a. Pratique \u00e0 utiliser et aucun lubrifiant \u00e0 l&rsquo;huile n&rsquo;est n\u00e9cessaire.<\/span><\/p>\n<p><span style=\"font-family: 'times new roman', times;font-size: 24px\">b. Le cylindre et le piston solides et durables permettent d&rsquo;obtenir une haute pression et des \u00e9conomies d&rsquo;\u00e9nergie<\/span><\/p>\n<p><span style=\"font-family: 'times new roman', times;font-size: 24px\">c. S\u00e9parateurs d&rsquo;air inclus<\/span><\/p>\n<p><span style=\"font-family: 'times new roman', times;font-size: 24px\">d. Largement utilis\u00e9 dans les fermes piscicoles, les restaurants de fruits de mer et les aquariums \u00e0 des fins d&rsquo;oxyg\u00e9nation<\/span><\/p>\n<p><span style=\"font-family: 'times new roman', times;font-size: 24px\">e.voltage : 220V\/50Hz<\/span><\/p>\n<\/p>\n<\/p>\n<div style=\"clear:both\"><\/article>\n","protected":false},"excerpt":{"rendered":"<p>Compresseur d&rsquo;air portable puissant resun 420w ACO-018<\/p>\n","protected":false},"featured_media":3325,"comment_status":"open","ping_status":"closed","template":"","meta":[],"product_brand":[],"product_cat":[1338],"product_tag":[],"class_list":{"0":"post-36623","1":"product","2":"type-product","3":"status-publish","4":"has-post-thumbnail","6":"product_cat-filtres-pour-aquariums","8":"first","9":"instock","10":"shipping-taxable","11":"purchasable","12":"product-type-simple","13":"add-to-wishlist-after_add_to_cart"},"jetpack_sharing_enabled":true,"_links":{"self":[{"href":"https:\/\/www.reefshops.com\/fr\/wp-json\/wp\/v2\/product\/36623","targetHints":{"allow":["GET"]}}],"collection":[{"href":"https:\/\/www.reefshops.com\/fr\/wp-json\/wp\/v2\/product"}],"about":[{"href":"https:\/\/www.reefshops.com\/fr\/wp-json\/wp\/v2\/types\/product"}],"replies":[{"embeddable":true,"href":"https:\/\/www.reefshops.com\/fr\/wp-json\/wp\/v2\/comments?post=36623"}],"wp:featuredmedia":[{"embeddable":true,"href":"https:\/\/www.reefshops.com\/fr\/wp-json\/wp\/v2\/media\/3325"}],"wp:attachment":[{"href":"https:\/\/www.reefshops.com\/fr\/wp-json\/wp\/v2\/media?parent=36623"}],"wp:term":[{"taxonomy":"product_brand","embeddable":true,"href":"https:\/\/www.reefshops.com\/fr\/wp-json\/wp\/v2\/product_brand?post=36623"},{"taxonomy":"product_cat","embeddable":true,"href":"https:\/\/www.reefshops.com\/fr\/wp-json\/wp\/v2\/product_cat?post=36623"},{"taxonomy":"product_tag","embeddable":true,"href":"https:\/\/www.reefshops.com\/fr\/wp-json\/wp\/v2\/product_tag?post=36623"}],"curies":[{"name":"wp","href":"https:\/\/api.w.org\/{rel}","templated":true}]}}