{"id":36654,"date":"2016-09-25T23:28:00","date_gmt":"2016-09-25T23:28:00","guid":{"rendered":"https:\/\/www.reefshops.com\/product\/meilleure-vente-nouvelle-pompe-a-eau-submersible-rs-a-economie-denergie-rs-952\/"},"modified":"2025-03-16T08:43:54","modified_gmt":"2025-03-16T08:43:54","slug":"meilleure-vente-nouvelle-pompe-a-eau-submersible-rs-a-economie-denergie-rs-952","status":"publish","type":"product","link":"https:\/\/www.reefshops.com\/fr\/produit\/meilleure-vente-nouvelle-pompe-a-eau-submersible-rs-a-economie-denergie-rs-952\/","title":{"rendered":"Meilleure vente nouvelle pompe \u00e0 eau submersible RS \u00e0 \u00e9conomie d&rsquo;\u00e9nergie RS-952"},"content":{"rendered":"<article class=\"article richtext richtext-detail AE:disable\" id=\"richTextContainer\">\n<div style=\"clear:both\">\n<p><span style=\"font-family: 'times new roman', times;font-size: 24px\">nouvelle pompe \u00e0 eau submersible RS \u00e0 \u00e9conomie d&rsquo;\u00e9nergie la plus vendue RS-952<\/span><\/p>\n<p><span style=\"font-family: 'times new roman', times;font-size: 24px\">1 Silencieux, s\u00fbr, \u00e9conome en \u00e9nergie et puissant<\/span><br \/><span style=\"font-family: 'times new roman', times;font-size: 24px\">2 Installation simple <\/span><br \/><span style=\"font-family: 'times new roman', times\">3 convient pour l&rsquo;eau douce et marine4 Distinctivement un filtrage sup\u00e9rieur syst\u00e8me<\/span><\/p>\n<p><span style=\"font-family: 'times new roman', times;font-size: 24px\">4 param\u00e8tres (220-240v 50Hz)<\/span><\/p>\n<p><span style=\"font-family: 'times new roman', times;font-size: 24px\">5 emballage: 24 pi\u00e8ces\/carton<\/span><\/p>\n<\/p>\n<\/p>\n<div style=\"clear:both\"><\/article>\n","protected":false},"excerpt":{"rendered":"<p>Meilleure vente nouvelle pompe \u00e0 eau submersible RS \u00e0 \u00e9conomie d&rsquo;\u00e9nergie RS-952<\/p>\n","protected":false},"featured_media":3375,"comment_status":"open","ping_status":"closed","template":"","meta":[],"product_brand":[],"product_cat":[1338],"product_tag":[],"class_list":{"0":"post-36654","1":"product","2":"type-product","3":"status-publish","4":"has-post-thumbnail","6":"product_cat-filtres-pour-aquariums","8":"first","9":"instock","10":"shipping-taxable","11":"purchasable","12":"product-type-simple","13":"add-to-wishlist-after_add_to_cart"},"jetpack_sharing_enabled":true,"_links":{"self":[{"href":"https:\/\/www.reefshops.com\/fr\/wp-json\/wp\/v2\/product\/36654","targetHints":{"allow":["GET"]}}],"collection":[{"href":"https:\/\/www.reefshops.com\/fr\/wp-json\/wp\/v2\/product"}],"about":[{"href":"https:\/\/www.reefshops.com\/fr\/wp-json\/wp\/v2\/types\/product"}],"replies":[{"embeddable":true,"href":"https:\/\/www.reefshops.com\/fr\/wp-json\/wp\/v2\/comments?post=36654"}],"wp:featuredmedia":[{"embeddable":true,"href":"https:\/\/www.reefshops.com\/fr\/wp-json\/wp\/v2\/media\/3375"}],"wp:attachment":[{"href":"https:\/\/www.reefshops.com\/fr\/wp-json\/wp\/v2\/media?parent=36654"}],"wp:term":[{"taxonomy":"product_brand","embeddable":true,"href":"https:\/\/www.reefshops.com\/fr\/wp-json\/wp\/v2\/product_brand?post=36654"},{"taxonomy":"product_cat","embeddable":true,"href":"https:\/\/www.reefshops.com\/fr\/wp-json\/wp\/v2\/product_cat?post=36654"},{"taxonomy":"product_tag","embeddable":true,"href":"https:\/\/www.reefshops.com\/fr\/wp-json\/wp\/v2\/product_tag?post=36654"}],"curies":[{"name":"wp","href":"https:\/\/api.w.org\/{rel}","templated":true}]}}