{"id":37591,"date":"2016-09-25T23:28:00","date_gmt":"2016-09-25T23:28:00","guid":{"rendered":"https:\/\/www.reefshops.com\/product\/pompe-a-eau-de-piscine-serie-siap-350w-siap-40\/"},"modified":"2025-03-16T08:50:07","modified_gmt":"2025-03-16T08:50:07","slug":"pompe-a-eau-de-piscine-serie-siap-350w-siap-40","status":"publish","type":"product","link":"https:\/\/www.reefshops.com\/fr\/produit\/pompe-a-eau-de-piscine-serie-siap-350w-siap-40\/","title":{"rendered":"Pompe \u00e0 eau de piscine s\u00e9rie SIAP 350W SIAP-40"},"content":{"rendered":"<article class=\"article richtext richtext-detail AE:disable\" id=\"richTextContainer\">\n<h2 class=\"article-title\">Sp\u00e9cifications<\/h2>\n<div style=\"clear:both\"> Pompe \u00e0 eau de piscine s\u00e9rie SIAP 350W SIAP-40 <br \/>1 Silencieuse, s\u00fbre, \u00e9conome en \u00e9nergie et puissante <br \/>2 Installation simple <\/p>\n<div style=\"clear:both\">\n<p><span style=\"font-family: Times New Roman\"><span style=\"font-size: 14pt\">Pompe \u00e0 eau de piscine s\u00e9rie SIAP 350 W SIAP-40<\/span><\/span><\/p>\n<p><span style=\"font-family: Times New Roman\"><span style=\"font-size: 14pt\">1 Silencieuse, s\u00fbre, \u00e9conome en \u00e9nergie et puissante<br \/>2 Installation simple <br \/>3 combinaisons pour les produits frais et marins eau<\/span><\/span><\/p>\n<p><span style=\"font-family: Times New Roman\"><span style=\"font-size: 14pt\"><span style=\"font-family: Times New Roman\">4 Utilis\u00e9 pour la circulation de l&rsquo;eau dans les piscines de petite taille et les \u00e9tangs du jardin.<\/span><\/span><\/span><\/p>\n<div><span style=\"font-family: Times New Roman\"><span><span style=\"font-family: Times New Roman\">5 Utilis\u00e9 pour la circulation, la filtration et le drainage de l&rsquo;eau dans des r\u00e9servoirs de taille moyenne \u00e0 grande pour les poissons vivants.<\/span><\/span><\/span><\/div>\n<div><span style=\"font-family: Times New Roman\"><span style=\"font-size: 14pt\"><span style=\"font-family: Times New Roman\">6 Utilis\u00e9 pour la circulation du r\u00e9servoir d&rsquo;eau et le nettoyage dans le bain de sauna et service de massage.<\/span><\/span><\/span><\/div>\n<div><span style=\"font-family: Times New Roman\"><span style=\"font-size: 14pt\"><span style=\"font-family: Times New Roman\">7 Utilis\u00e9 pour le syst\u00e8me de distribution d&rsquo;eau dans l&rsquo;\u00e9levage de poissons avec de l&rsquo;eau douce ou de l&rsquo;eau de mer.<\/span><\/span><\/span><\/div>\n<p><span style=\"font-family: Times New Roman\"> <\/span><\/p>\n<\/p>\n<\/p>\n<div style=\"clear:both\"><\/article>\n","protected":false},"excerpt":{"rendered":"<p>Pompe \u00e0 eau de piscine s\u00e9rie SIAP 350W SIAP-40<\/p>\n","protected":false},"featured_media":3499,"comment_status":"open","ping_status":"closed","template":"","meta":[],"product_brand":[],"product_cat":[1338],"product_tag":[],"class_list":{"0":"post-37591","1":"product","2":"type-product","3":"status-publish","4":"has-post-thumbnail","6":"product_cat-filtres-pour-aquariums","8":"first","9":"instock","10":"shipping-taxable","11":"purchasable","12":"product-type-simple","13":"add-to-wishlist-after_add_to_cart"},"jetpack_sharing_enabled":true,"_links":{"self":[{"href":"https:\/\/www.reefshops.com\/fr\/wp-json\/wp\/v2\/product\/37591","targetHints":{"allow":["GET"]}}],"collection":[{"href":"https:\/\/www.reefshops.com\/fr\/wp-json\/wp\/v2\/product"}],"about":[{"href":"https:\/\/www.reefshops.com\/fr\/wp-json\/wp\/v2\/types\/product"}],"replies":[{"embeddable":true,"href":"https:\/\/www.reefshops.com\/fr\/wp-json\/wp\/v2\/comments?post=37591"}],"wp:featuredmedia":[{"embeddable":true,"href":"https:\/\/www.reefshops.com\/fr\/wp-json\/wp\/v2\/media\/3499"}],"wp:attachment":[{"href":"https:\/\/www.reefshops.com\/fr\/wp-json\/wp\/v2\/media?parent=37591"}],"wp:term":[{"taxonomy":"product_brand","embeddable":true,"href":"https:\/\/www.reefshops.com\/fr\/wp-json\/wp\/v2\/product_brand?post=37591"},{"taxonomy":"product_cat","embeddable":true,"href":"https:\/\/www.reefshops.com\/fr\/wp-json\/wp\/v2\/product_cat?post=37591"},{"taxonomy":"product_tag","embeddable":true,"href":"https:\/\/www.reefshops.com\/fr\/wp-json\/wp\/v2\/product_tag?post=37591"}],"curies":[{"name":"wp","href":"https:\/\/api.w.org\/{rel}","templated":true}]}}