{"id":37602,"date":"2016-09-25T23:28:00","date_gmt":"2016-09-25T23:28:00","guid":{"rendered":"https:\/\/www.reefshops.com\/product\/filtre-interne-pour-aquarium-resun-magi-19w-magi1000\/"},"modified":"2025-03-16T08:50:10","modified_gmt":"2025-03-16T08:50:10","slug":"filtre-interne-pour-aquarium-resun-magi-19w-magi1000","status":"publish","type":"product","link":"https:\/\/www.reefshops.com\/fr\/produit\/filtre-interne-pour-aquarium-resun-magi-19w-magi1000\/","title":{"rendered":"Filtre interne pour aquarium RESUN Magi 19W magi1000"},"content":{"rendered":"<article class=\"article richtext richtext-detail AE:disable\" id=\"richTextContainer\">\n<div style=\"clear:both\">\n<p><span style=\"font-family: 'times new roman', times;font-size: 24px\"> 19W RESUN Magi aquarium filtre interne magi1000<\/span><br \/><span style=\"font-family: 'times new roman', times;font-size: 24px\">a. Structure compacte et efficace, avec direction du d\u00e9bit d&rsquo;eau r\u00e9glable par barre de pulv\u00e9risation<\/span><\/p>\n<p><span style=\"font-family: 'times new roman', times;font-size: 24px\">b. D\u00e9bit d&rsquo;oxyg\u00e8ne obtenu avec les kits suppl\u00e9mentaires fournis<\/span><\/p>\n<p><span style=\"font-family: 'times new roman', times;font-size: 24px\">c. Filtration m\u00e9canique et biologique r\u00e9alis\u00e9e avec une bo\u00eete \u00e0 charbon et une \u00e9ponge filtrante faciles \u00e0 nettoyer et rempla\u00e7ables<\/span><\/p>\n<p><span style=\"font-family: 'times new roman', times;font-size: 24px\">d.packing est de 18 pi\u00e8ces par carton<\/span><\/p>\n<p><span style=\"font-family: 'times new roman', times;font-size: 24px\">e.le d\u00e9bit maximum est de 852L\/H <\/span><\/p>\n<div style=\"clear:both\"><\/article>\n","protected":false},"excerpt":{"rendered":"<p>Filtre interne pour aquarium RESUN Magi 19W magi1000<\/p>\n","protected":false},"featured_media":3524,"comment_status":"open","ping_status":"closed","template":"","meta":[],"product_brand":[],"product_cat":[1338],"product_tag":[],"class_list":{"0":"post-37602","1":"product","2":"type-product","3":"status-publish","4":"has-post-thumbnail","6":"product_cat-filtres-pour-aquariums","8":"first","9":"instock","10":"shipping-taxable","11":"purchasable","12":"product-type-simple","13":"add-to-wishlist-after_add_to_cart"},"jetpack_sharing_enabled":true,"_links":{"self":[{"href":"https:\/\/www.reefshops.com\/fr\/wp-json\/wp\/v2\/product\/37602","targetHints":{"allow":["GET"]}}],"collection":[{"href":"https:\/\/www.reefshops.com\/fr\/wp-json\/wp\/v2\/product"}],"about":[{"href":"https:\/\/www.reefshops.com\/fr\/wp-json\/wp\/v2\/types\/product"}],"replies":[{"embeddable":true,"href":"https:\/\/www.reefshops.com\/fr\/wp-json\/wp\/v2\/comments?post=37602"}],"wp:featuredmedia":[{"embeddable":true,"href":"https:\/\/www.reefshops.com\/fr\/wp-json\/wp\/v2\/media\/3524"}],"wp:attachment":[{"href":"https:\/\/www.reefshops.com\/fr\/wp-json\/wp\/v2\/media?parent=37602"}],"wp:term":[{"taxonomy":"product_brand","embeddable":true,"href":"https:\/\/www.reefshops.com\/fr\/wp-json\/wp\/v2\/product_brand?post=37602"},{"taxonomy":"product_cat","embeddable":true,"href":"https:\/\/www.reefshops.com\/fr\/wp-json\/wp\/v2\/product_cat?post=37602"},{"taxonomy":"product_tag","embeddable":true,"href":"https:\/\/www.reefshops.com\/fr\/wp-json\/wp\/v2\/product_tag?post=37602"}],"curies":[{"name":"wp","href":"https:\/\/api.w.org\/{rel}","templated":true}]}}