{"id":37710,"date":"2016-09-25T23:28:05","date_gmt":"2016-09-25T23:28:05","guid":{"rendered":"https:\/\/www.reefshops.com\/product\/petites-pompes-de-fontaine-haiyang-18w-hy338\/"},"modified":"2025-03-16T08:50:34","modified_gmt":"2025-03-16T08:50:34","slug":"petites-pompes-de-fontaine-haiyang-18w-hy338","status":"publish","type":"product","link":"https:\/\/www.reefshops.com\/fr\/produit\/petites-pompes-de-fontaine-haiyang-18w-hy338\/","title":{"rendered":"Petites pompes de fontaine haiyang 18W HY338"},"content":{"rendered":"<article class=\"article richtext richtext-detail AE:disable\" id=\"richTextContainer\">\n<h2 class=\"article-title\">Sp\u00e9cifications<\/h2>\n<div style=\"clear:both\"> Petites pompes de fontaine haiyang HY338 18W <br \/>1 Silencieuses, s\u00fbres et \u00e9conomes en \u00e9nergie <br \/>2 Installation simple <br \/>3 combinaisons pour l&rsquo;eau douce et marine <\/p>\n<div style=\"clear:both\">\n<p>Petites pompes de fontaine haiyang HY338 18W<\/p>\n<p>1 Silencieuses, s\u00fbres et \u00e9conomes en \u00e9nergie<\/p>\n<p>2 Installation simple <br \/>3 combinaisons pour l&rsquo;eau douce et marine<\/p>\n<p>4 Param\u00e8tres (12V 50Hz)<\/p>\n<p>5 emballage\u00a0: 30 pi\u00e8ces\/carton<\/p>\n<\/p>\n<\/p>\n<\/p>\n<\/p>\n<div style=\"clear:both\"><\/article>\n","protected":false},"excerpt":{"rendered":"<p>Petites pompes de fontaine haiyang 18W HY338<\/p>\n","protected":false},"featured_media":3741,"comment_status":"open","ping_status":"closed","template":"","meta":[],"product_brand":[],"product_cat":[1338],"product_tag":[],"class_list":{"0":"post-37710","1":"product","2":"type-product","3":"status-publish","4":"has-post-thumbnail","6":"product_cat-filtres-pour-aquariums","8":"first","9":"instock","10":"shipping-taxable","11":"purchasable","12":"product-type-simple","13":"add-to-wishlist-after_add_to_cart"},"jetpack_sharing_enabled":true,"_links":{"self":[{"href":"https:\/\/www.reefshops.com\/fr\/wp-json\/wp\/v2\/product\/37710","targetHints":{"allow":["GET"]}}],"collection":[{"href":"https:\/\/www.reefshops.com\/fr\/wp-json\/wp\/v2\/product"}],"about":[{"href":"https:\/\/www.reefshops.com\/fr\/wp-json\/wp\/v2\/types\/product"}],"replies":[{"embeddable":true,"href":"https:\/\/www.reefshops.com\/fr\/wp-json\/wp\/v2\/comments?post=37710"}],"wp:featuredmedia":[{"embeddable":true,"href":"https:\/\/www.reefshops.com\/fr\/wp-json\/wp\/v2\/media\/3741"}],"wp:attachment":[{"href":"https:\/\/www.reefshops.com\/fr\/wp-json\/wp\/v2\/media?parent=37710"}],"wp:term":[{"taxonomy":"product_brand","embeddable":true,"href":"https:\/\/www.reefshops.com\/fr\/wp-json\/wp\/v2\/product_brand?post=37710"},{"taxonomy":"product_cat","embeddable":true,"href":"https:\/\/www.reefshops.com\/fr\/wp-json\/wp\/v2\/product_cat?post=37710"},{"taxonomy":"product_tag","embeddable":true,"href":"https:\/\/www.reefshops.com\/fr\/wp-json\/wp\/v2\/product_tag?post=37710"}],"curies":[{"name":"wp","href":"https:\/\/api.w.org\/{rel}","templated":true}]}}