{"id":37773,"date":"2016-09-25T23:28:05","date_gmt":"2016-09-25T23:28:05","guid":{"rendered":"https:\/\/www.reefshops.com\/product\/lampe-solaire-daquarium-rouge-boyu-15w\/"},"modified":"2025-03-16T08:50:47","modified_gmt":"2025-03-16T08:50:47","slug":"lampe-solaire-daquarium-rouge-boyu-15w","status":"publish","type":"product","link":"https:\/\/www.reefshops.com\/fr\/produit\/lampe-solaire-daquarium-rouge-boyu-15w\/","title":{"rendered":"Lampe solaire d&rsquo;aquarium rouge BOYU 15W"},"content":{"rendered":"<article class=\"article richtext richtext-detail AE:disable\" id=\"richTextContainer\">\n<div style=\"clear:both\">\n<p><span style=\"font-family: 'times new roman', times;font-size: 24px\">Lumi\u00e8re solaire d&rsquo;aquarium rouge BOYU 15W<\/span><\/p>\n<p><span style=\"font-family: 'times new roman', times\">1.renforcer l&rsquo;exportation du spectre optique du rouge et du bleu, de mani\u00e8re \u00e0 cr\u00e9er leur cr\u00eate d&rsquo;onde de mani\u00e8re \u00e9quivalente au rouge et au bleu de la lumi\u00e8re du soleil, cela donnera le meilleur r\u00e9sultat pour la photosynth\u00e8se, am\u00e9liorant l&rsquo;\u00e9clat du verre d&rsquo;eau, am\u00e9liorant la fluorescence des poissons tropicaux, mettant l&rsquo;accent sur la couleur naturelle de l&rsquo;observation des poissons et cr\u00e9ant une atmosph\u00e8re chaleureuse pour votre bo\u00eete d&rsquo;animaux aquatiques.<\/span><br \/><span style=\"font-family: 'times new roman', times\"><span style=\"color: #000066\">2.Gamme appropri\u00e9e\u00a0:<\/span> poisson tropical et pot en verre d&rsquo;eau<\/span><\/p>\n<p><span>3.emballage\u00a0: 25 pi\u00e8ces\/carton <\/span><\/p>\n<\/p>\n<div style=\"clear:les deux\"><\/article>\n","protected":false},"excerpt":{"rendered":"<p>Lampe solaire d&rsquo;aquarium rouge BOYU 15W<\/p>\n","protected":false},"featured_media":3863,"comment_status":"open","ping_status":"closed","template":"","meta":[],"product_brand":[],"product_cat":[1338],"product_tag":[],"class_list":{"0":"post-37773","1":"product","2":"type-product","3":"status-publish","4":"has-post-thumbnail","6":"product_cat-filtres-pour-aquariums","8":"first","9":"instock","10":"shipping-taxable","11":"purchasable","12":"product-type-simple","13":"add-to-wishlist-after_add_to_cart"},"jetpack_sharing_enabled":true,"_links":{"self":[{"href":"https:\/\/www.reefshops.com\/fr\/wp-json\/wp\/v2\/product\/37773","targetHints":{"allow":["GET"]}}],"collection":[{"href":"https:\/\/www.reefshops.com\/fr\/wp-json\/wp\/v2\/product"}],"about":[{"href":"https:\/\/www.reefshops.com\/fr\/wp-json\/wp\/v2\/types\/product"}],"replies":[{"embeddable":true,"href":"https:\/\/www.reefshops.com\/fr\/wp-json\/wp\/v2\/comments?post=37773"}],"wp:featuredmedia":[{"embeddable":true,"href":"https:\/\/www.reefshops.com\/fr\/wp-json\/wp\/v2\/media\/3863"}],"wp:attachment":[{"href":"https:\/\/www.reefshops.com\/fr\/wp-json\/wp\/v2\/media?parent=37773"}],"wp:term":[{"taxonomy":"product_brand","embeddable":true,"href":"https:\/\/www.reefshops.com\/fr\/wp-json\/wp\/v2\/product_brand?post=37773"},{"taxonomy":"product_cat","embeddable":true,"href":"https:\/\/www.reefshops.com\/fr\/wp-json\/wp\/v2\/product_cat?post=37773"},{"taxonomy":"product_tag","embeddable":true,"href":"https:\/\/www.reefshops.com\/fr\/wp-json\/wp\/v2\/product_tag?post=37773"}],"curies":[{"name":"wp","href":"https:\/\/api.w.org\/{rel}","templated":true}]}}