{"id":38045,"date":"2016-09-25T23:28:12","date_gmt":"2016-09-25T23:28:12","guid":{"rendered":"https:\/\/www.reefshops.com\/product\/chauffage-en-verre-pour-aquarium-de-poissons-boyu-150w-ht8150\/"},"modified":"2025-03-16T08:51:50","modified_gmt":"2025-03-16T08:51:50","slug":"chauffage-en-verre-pour-aquarium-de-poissons-boyu-150w-ht8150","status":"publish","type":"product","link":"https:\/\/www.reefshops.com\/fr\/produit\/chauffage-en-verre-pour-aquarium-de-poissons-boyu-150w-ht8150\/","title":{"rendered":"Chauffage en verre pour aquarium de poissons BOYU 150w HT8150"},"content":{"rendered":"<article class=\"article richtext richtext-detail AE:disable\" id=\"richTextContainer\">\n<div style=\"clear:both\">\n<p><span style=\"font-family: 'times new roman', times;font-size: 24px\"> Chauffe-verre d&rsquo;aquarium de poissons BOYU 150w HT8150 <\/span><\/p>\n<p><span style=\"font-family: 'times new roman', times\">1.r\u00e9chauffeur de joint<\/span><\/p>\n<p><span style=\"font-family: 'times new roman', times\">2. Anti-explosion<\/span><br \/><span style=\"font-family: 'times new roman', times;font-size: 24px\">3. Temp\u00e9rature fiable et lecture facile<\/span><\/p>\n<p><span style=\"font-family: 'times new roman', times;font-size: 24px\">4.submersible.<\/span><\/p>\n<p><span style=\"font-family: 'times new roman', fois\u00a0\">5. Calibr\u00e9 dans l&rsquo;eau<\/span><\/p>\n<p>&lt;span style=&quot;font-family\u00a0:\u00a0&#039;times new roman&#039;, times; Il n&#039;y aura pas de probl\u00e8me si l&#039;eau ne d\u00e9passe pas le niveau d&#039;avertissement, le chauffage peut \u00eatre plac\u00e9 dans n&#039;importe quel angle, le contr\u00f4leur de temp\u00e9rature sup\u00e9rieur est facile \u00e0 utiliser.<\/span><\/p>\n<\/p>\n<div style=\"clear:both\"><\/article>\n","protected":false},"excerpt":{"rendered":"<p>Chauffage en verre pour aquarium de poissons BOYU 150w HT8150<\/p>\n","protected":false},"featured_media":4390,"comment_status":"open","ping_status":"closed","template":"","meta":[],"product_brand":[],"product_cat":[1338],"product_tag":[],"class_list":{"0":"post-38045","1":"product","2":"type-product","3":"status-publish","4":"has-post-thumbnail","6":"product_cat-filtres-pour-aquariums","8":"first","9":"instock","10":"shipping-taxable","11":"purchasable","12":"product-type-simple","13":"add-to-wishlist-after_add_to_cart"},"jetpack_sharing_enabled":true,"_links":{"self":[{"href":"https:\/\/www.reefshops.com\/fr\/wp-json\/wp\/v2\/product\/38045","targetHints":{"allow":["GET"]}}],"collection":[{"href":"https:\/\/www.reefshops.com\/fr\/wp-json\/wp\/v2\/product"}],"about":[{"href":"https:\/\/www.reefshops.com\/fr\/wp-json\/wp\/v2\/types\/product"}],"replies":[{"embeddable":true,"href":"https:\/\/www.reefshops.com\/fr\/wp-json\/wp\/v2\/comments?post=38045"}],"wp:featuredmedia":[{"embeddable":true,"href":"https:\/\/www.reefshops.com\/fr\/wp-json\/wp\/v2\/media\/4390"}],"wp:attachment":[{"href":"https:\/\/www.reefshops.com\/fr\/wp-json\/wp\/v2\/media?parent=38045"}],"wp:term":[{"taxonomy":"product_brand","embeddable":true,"href":"https:\/\/www.reefshops.com\/fr\/wp-json\/wp\/v2\/product_brand?post=38045"},{"taxonomy":"product_cat","embeddable":true,"href":"https:\/\/www.reefshops.com\/fr\/wp-json\/wp\/v2\/product_cat?post=38045"},{"taxonomy":"product_tag","embeddable":true,"href":"https:\/\/www.reefshops.com\/fr\/wp-json\/wp\/v2\/product_tag?post=38045"}],"curies":[{"name":"wp","href":"https:\/\/api.w.org\/{rel}","templated":true}]}}