{"id":38550,"date":"2016-09-25T23:28:14","date_gmt":"2016-09-25T23:28:14","guid":{"rendered":"https:\/\/www.reefshops.com\/product\/nouvelle-lampe-uv-sous-marine-sobo-21w\/"},"modified":"2025-03-16T08:58:09","modified_gmt":"2025-03-16T08:58:09","slug":"nouvelle-lampe-uv-sous-marine-sobo-21w","status":"publish","type":"product","link":"https:\/\/www.reefshops.com\/fr\/produit\/nouvelle-lampe-uv-sous-marine-sobo-21w\/","title":{"rendered":"Nouvelle lampe uv sous-marine SOBO 21W"},"content":{"rendered":"<article class=\"article richtext richtext-detail AE:disable\" id=\"richTextContainer\">\n<h2 class=\"article-title\">Sp\u00e9cifications<\/h2>\n<div style=\"clear:both\"> Nouvelle lampe UV sous-marine SOBO 21W <br \/>1 tube en verre de quartz de haute qualit\u00e9, st\u00e9rilisation s\u00fbre et efficace <br \/>2. longue dur\u00e9e de vie <\/p>\n<div style=\"clear:both\">\n<p> 21W Nouvelle lampe UV sous-marine SOBO<\/p>\n<ol>\n<li>Diff\u00e9rents mod\u00e8les et tailles disponibles pour s&rsquo;adapter au traitement de l&rsquo;eau des livres, des \u00e9tangs, des natatoriums, etc.<\/li>\n<li>Adoption d&rsquo;un tube en verre de quartz de haute qualit\u00e9 s\u00e9par\u00e9 de l&rsquo;eau pour am\u00e9liorer l&rsquo;efficacit\u00e9 du traitement UV et avoir une bonne perm\u00e9ation des rayons.<\/li>\n<li>Adoption d&rsquo;un rayonnement ultraviolet UVC de haute qualit\u00e9, d&rsquo;une bonne st\u00e9rilisation et d&rsquo;une longue dur\u00e9e de vie.<\/li>\n<li>emballage\u00a0: 10 pi\u00e8ces\/carton<\/li>\n<li>date de livraison\u00a0: 5 jours<\/li>\n<\/ol>\n<div style=\"clear:both\"><\/article>\n","protected":false},"excerpt":{"rendered":"<p>Nouvelle lampe uv sous-marine SOBO 21W<\/p>\n","protected":false},"featured_media":4547,"comment_status":"open","ping_status":"closed","template":"","meta":[],"product_brand":[],"product_cat":[1338],"product_tag":[],"class_list":{"0":"post-38550","1":"product","2":"type-product","3":"status-publish","4":"has-post-thumbnail","6":"product_cat-filtres-pour-aquariums","8":"first","9":"instock","10":"shipping-taxable","11":"purchasable","12":"product-type-simple","13":"add-to-wishlist-after_add_to_cart"},"jetpack_sharing_enabled":true,"_links":{"self":[{"href":"https:\/\/www.reefshops.com\/fr\/wp-json\/wp\/v2\/product\/38550","targetHints":{"allow":["GET"]}}],"collection":[{"href":"https:\/\/www.reefshops.com\/fr\/wp-json\/wp\/v2\/product"}],"about":[{"href":"https:\/\/www.reefshops.com\/fr\/wp-json\/wp\/v2\/types\/product"}],"replies":[{"embeddable":true,"href":"https:\/\/www.reefshops.com\/fr\/wp-json\/wp\/v2\/comments?post=38550"}],"wp:featuredmedia":[{"embeddable":true,"href":"https:\/\/www.reefshops.com\/fr\/wp-json\/wp\/v2\/media\/4547"}],"wp:attachment":[{"href":"https:\/\/www.reefshops.com\/fr\/wp-json\/wp\/v2\/media?parent=38550"}],"wp:term":[{"taxonomy":"product_brand","embeddable":true,"href":"https:\/\/www.reefshops.com\/fr\/wp-json\/wp\/v2\/product_brand?post=38550"},{"taxonomy":"product_cat","embeddable":true,"href":"https:\/\/www.reefshops.com\/fr\/wp-json\/wp\/v2\/product_cat?post=38550"},{"taxonomy":"product_tag","embeddable":true,"href":"https:\/\/www.reefshops.com\/fr\/wp-json\/wp\/v2\/product_tag?post=38550"}],"curies":[{"name":"wp","href":"https:\/\/api.w.org\/{rel}","templated":true}]}}