{"id":38596,"date":"2016-09-25T23:28:15","date_gmt":"2016-09-25T23:28:15","guid":{"rendered":"https:\/\/www.reefshops.com\/product\/filtre-de-lumiere-uv-pour-aquarium-mode-rs-15w-uv-901a\/"},"modified":"2025-03-16T08:58:20","modified_gmt":"2025-03-16T08:58:20","slug":"filtre-de-lumiere-uv-pour-aquarium-mode-rs-15w-uv-901a","status":"publish","type":"product","link":"https:\/\/www.reefshops.com\/fr\/produit\/filtre-de-lumiere-uv-pour-aquarium-mode-rs-15w-uv-901a\/","title":{"rendered":"Filtre de lumi\u00e8re UV pour aquarium, mode RS 15W, UV-901A"},"content":{"rendered":"<article class=\"article richtext richtext-detail AE:disable\" id=\"richTextContainer\">\n<div style=\"clear:both\">\n<p><span style=\"font-family: 'times new roman', times;font-size: 24px\"> Filtre de lumi\u00e8re UV d&rsquo;aquarium de mode RS 15W UV-901A <\/span><\/p>\n<ol>\n<li><span style=\"font-family: 'times new roman', times;font-size: 24px\">Adopter un tube en verre de quartz de haute qualit\u00e9 s\u00e9par\u00e9 de l&rsquo;eau pour am\u00e9liorer l&rsquo;efficacit\u00e9 du traitement UV et avoir une bonne perm\u00e9ation des rayons.<\/span><\/li>\n<li><span style=\"font-family: 'times new roman', times;font-size: 24px\">Adopter un rayonnement ultraviolet UVC de haute qualit\u00e9, bonne st\u00e9rilisation<\/span><\/li>\n<li><span style=\"font-family: 'times new roman', times\">longue dur\u00e9e de vie.<\/span><\/li>\n<li><span style=\"font-family: 'times new roman', times\">emballage : 15 pi\u00e8ces\/carton<\/span><\/li>\n<\/ol>\n<div style=\"clear:both\"><\/article>\n","protected":false},"excerpt":{"rendered":"<p>Filtre de lumi\u00e8re UV pour aquarium, mode RS 15W, UV-901A<\/p>\n","protected":false},"featured_media":4639,"comment_status":"open","ping_status":"closed","template":"","meta":[],"product_brand":[],"product_cat":[1338],"product_tag":[],"class_list":{"0":"post-38596","1":"product","2":"type-product","3":"status-publish","4":"has-post-thumbnail","6":"product_cat-filtres-pour-aquariums","8":"first","9":"instock","10":"shipping-taxable","11":"purchasable","12":"product-type-simple","13":"add-to-wishlist-after_add_to_cart"},"jetpack_sharing_enabled":true,"_links":{"self":[{"href":"https:\/\/www.reefshops.com\/fr\/wp-json\/wp\/v2\/product\/38596","targetHints":{"allow":["GET"]}}],"collection":[{"href":"https:\/\/www.reefshops.com\/fr\/wp-json\/wp\/v2\/product"}],"about":[{"href":"https:\/\/www.reefshops.com\/fr\/wp-json\/wp\/v2\/types\/product"}],"replies":[{"embeddable":true,"href":"https:\/\/www.reefshops.com\/fr\/wp-json\/wp\/v2\/comments?post=38596"}],"wp:featuredmedia":[{"embeddable":true,"href":"https:\/\/www.reefshops.com\/fr\/wp-json\/wp\/v2\/media\/4639"}],"wp:attachment":[{"href":"https:\/\/www.reefshops.com\/fr\/wp-json\/wp\/v2\/media?parent=38596"}],"wp:term":[{"taxonomy":"product_brand","embeddable":true,"href":"https:\/\/www.reefshops.com\/fr\/wp-json\/wp\/v2\/product_brand?post=38596"},{"taxonomy":"product_cat","embeddable":true,"href":"https:\/\/www.reefshops.com\/fr\/wp-json\/wp\/v2\/product_cat?post=38596"},{"taxonomy":"product_tag","embeddable":true,"href":"https:\/\/www.reefshops.com\/fr\/wp-json\/wp\/v2\/product_tag?post=38596"}],"curies":[{"name":"wp","href":"https:\/\/api.w.org\/{rel}","templated":true}]}}