{"id":38655,"date":"2016-09-25T23:28:16","date_gmt":"2016-09-25T23:28:16","guid":{"rendered":"https:\/\/www.reefshops.com\/product\/lampe-uv-circulaire-puissante-atman-11-w\/"},"modified":"2025-03-16T08:58:35","modified_gmt":"2025-03-16T08:58:35","slug":"lampe-uv-circulaire-puissante-atman-11-w","status":"publish","type":"product","link":"https:\/\/www.reefshops.com\/fr\/produit\/lampe-uv-circulaire-puissante-atman-11-w\/","title":{"rendered":"Lampe UV circulaire puissante Atman 11 W"},"content":{"rendered":"<article class=\"article richtext richtext-detail AE:disable\" id=\"richTextContainer\">\n<div style=\"clear:both\">\n<p><span style=\"font-family: 'times new roman', times;font-size: 24px\"> Lampe UV circulaire puissante Atman 11 W<\/span><br \/><span style=\"font-family: 'times new roman', times\">1. Adoptez le verre de quartz, emp\u00eachant les ultraviolets <\/span><br \/><span style=\"font-family: 'times new roman', times;font-size: 24px\">2. Installez un ensemble de protection, fonctionnement s\u00fbr<\/span><\/p>\n<p><span style=\"font-family: 'times new roman', times;font-size: 24px\">3. La queue peut pivoter \u00e0 360 degr\u00e9s, installation facile, extr\u00e9mit\u00e9 de petits trous recouverts de transparent, UV pour v\u00e9rifier les conditions de travail.<\/span><\/p>\n<p><span style=\"font-family: 'times new roman', times;font-size: 24px\">4. Conception hautement efficace<\/span><\/p>\n<div style=\"clear:both\"><\/article>\n","protected":false},"excerpt":{"rendered":"<p>Lampe UV circulaire puissante Atman 11 W<\/p>\n","protected":false},"featured_media":4757,"comment_status":"open","ping_status":"closed","template":"","meta":[],"product_brand":[],"product_cat":[1338],"product_tag":[],"class_list":{"0":"post-38655","1":"product","2":"type-product","3":"status-publish","4":"has-post-thumbnail","6":"product_cat-filtres-pour-aquariums","8":"first","9":"instock","10":"shipping-taxable","11":"purchasable","12":"product-type-simple","13":"add-to-wishlist-after_add_to_cart"},"jetpack_sharing_enabled":true,"_links":{"self":[{"href":"https:\/\/www.reefshops.com\/fr\/wp-json\/wp\/v2\/product\/38655","targetHints":{"allow":["GET"]}}],"collection":[{"href":"https:\/\/www.reefshops.com\/fr\/wp-json\/wp\/v2\/product"}],"about":[{"href":"https:\/\/www.reefshops.com\/fr\/wp-json\/wp\/v2\/types\/product"}],"replies":[{"embeddable":true,"href":"https:\/\/www.reefshops.com\/fr\/wp-json\/wp\/v2\/comments?post=38655"}],"wp:featuredmedia":[{"embeddable":true,"href":"https:\/\/www.reefshops.com\/fr\/wp-json\/wp\/v2\/media\/4757"}],"wp:attachment":[{"href":"https:\/\/www.reefshops.com\/fr\/wp-json\/wp\/v2\/media?parent=38655"}],"wp:term":[{"taxonomy":"product_brand","embeddable":true,"href":"https:\/\/www.reefshops.com\/fr\/wp-json\/wp\/v2\/product_brand?post=38655"},{"taxonomy":"product_cat","embeddable":true,"href":"https:\/\/www.reefshops.com\/fr\/wp-json\/wp\/v2\/product_cat?post=38655"},{"taxonomy":"product_tag","embeddable":true,"href":"https:\/\/www.reefshops.com\/fr\/wp-json\/wp\/v2\/product_tag?post=38655"}],"curies":[{"name":"wp","href":"https:\/\/api.w.org\/{rel}","templated":true}]}}