{"id":38678,"date":"2016-09-25T23:28:16","date_gmt":"2016-09-25T23:28:16","guid":{"rendered":"https:\/\/www.reefshops.com\/product\/souffleur-voretex-puissant-hailea-120w\/"},"modified":"2025-03-16T08:58:41","modified_gmt":"2025-03-16T08:58:41","slug":"souffleur-voretex-puissant-hailea-120w","status":"publish","type":"product","link":"https:\/\/www.reefshops.com\/fr\/produit\/souffleur-voretex-puissant-hailea-120w\/","title":{"rendered":"Souffleur voretex puissant HAILEA 120W"},"content":{"rendered":"<article class=\"article richtext richtext-detail AE:disable\" id=\"richTextContainer\">\n<h2 class=\"article-title\">Sp\u00e9cifications<\/h2>\n<div style=\"clear:both\"> Puissant ventilateur voretex HAILEA 120 W <br \/>1. flux d&rsquo;air fluide <br \/>2. faible bruit <br \/>3. longue dur\u00e9e de vie <br \/>4. fonctionnement stable, \u00e9conomie d&rsquo;\u00e9nergie <\/p>\n<div style=\"clear:both\">\n<p>Souffleur voretex puissant HAILEA 120W<\/p>\n<p>1. la turbine adopte une conception tridimensionnelle combin\u00e9e \u00e0 des changements de section dans les chemins d&rsquo;air circulaires, ce qui est lisse pour le flux d&rsquo;air et faible en bruit.<\/p>\n<p>2. adopte un moteur sp\u00e9cial de haute qualit\u00e9 avec un couple de d\u00e9marrage court, un fonctionnement stable et une faible consommation d&rsquo;\u00e9nergie mais d&rsquo;excellentes performances.<\/p>\n<p>3. conception lubrifiante sans huile pour produire un air plus purifi\u00e9.<\/p>\n<p>4.l&rsquo;apparence est belle et moderne, la structure est raisonnable et compacte, elle a une longue dur\u00e9e de vie. <\/p>\n<div style=\"clear:both\"><\/article>\n","protected":false},"excerpt":{"rendered":"<p>Souffleur voretex puissant HAILEA 120W<\/p>\n","protected":false},"featured_media":4803,"comment_status":"open","ping_status":"closed","template":"","meta":[],"product_brand":[],"product_cat":[1338],"product_tag":[],"class_list":{"0":"post-38678","1":"product","2":"type-product","3":"status-publish","4":"has-post-thumbnail","6":"product_cat-filtres-pour-aquariums","8":"first","9":"instock","10":"shipping-taxable","11":"purchasable","12":"product-type-simple","13":"add-to-wishlist-after_add_to_cart"},"jetpack_sharing_enabled":true,"_links":{"self":[{"href":"https:\/\/www.reefshops.com\/fr\/wp-json\/wp\/v2\/product\/38678","targetHints":{"allow":["GET"]}}],"collection":[{"href":"https:\/\/www.reefshops.com\/fr\/wp-json\/wp\/v2\/product"}],"about":[{"href":"https:\/\/www.reefshops.com\/fr\/wp-json\/wp\/v2\/types\/product"}],"replies":[{"embeddable":true,"href":"https:\/\/www.reefshops.com\/fr\/wp-json\/wp\/v2\/comments?post=38678"}],"wp:featuredmedia":[{"embeddable":true,"href":"https:\/\/www.reefshops.com\/fr\/wp-json\/wp\/v2\/media\/4803"}],"wp:attachment":[{"href":"https:\/\/www.reefshops.com\/fr\/wp-json\/wp\/v2\/media?parent=38678"}],"wp:term":[{"taxonomy":"product_brand","embeddable":true,"href":"https:\/\/www.reefshops.com\/fr\/wp-json\/wp\/v2\/product_brand?post=38678"},{"taxonomy":"product_cat","embeddable":true,"href":"https:\/\/www.reefshops.com\/fr\/wp-json\/wp\/v2\/product_cat?post=38678"},{"taxonomy":"product_tag","embeddable":true,"href":"https:\/\/www.reefshops.com\/fr\/wp-json\/wp\/v2\/product_tag?post=38678"}],"curies":[{"name":"wp","href":"https:\/\/api.w.org\/{rel}","templated":true}]}}