{"id":38726,"date":"2016-09-25T23:28:18","date_gmt":"2016-09-25T23:28:18","guid":{"rendered":"https:\/\/www.reefshops.com\/product\/tete-motorisee-multifonction-jebo-ap1400\/"},"modified":"2025-03-16T08:58:53","modified_gmt":"2025-03-16T08:58:53","slug":"tete-motorisee-multifonction-jebo-ap1400","status":"publish","type":"product","link":"https:\/\/www.reefshops.com\/fr\/produit\/tete-motorisee-multifonction-jebo-ap1400\/","title":{"rendered":"T\u00eate motoris\u00e9e multifonction JEBO AP1400"},"content":{"rendered":"<article class=\"article richtext richtext-detail AE:disable\" id=\"richTextContainer\">\n<h2 class=\"article-title\">Sp\u00e9cifications<\/h2>\n<div style=\"clear:both\"> T\u00eate motoris\u00e9e multifonction JEBO AP1400 <br \/>1 Silencieuse, s\u00fbre, \u00e9conome en \u00e9nergie et puissante <br \/>2 Configuration simple <br \/>3 combinaisons pour l&rsquo;eau douce et marine <\/p>\n<div style=\"clear:both\">\n<p> T\u00eate d&rsquo;alimentation multifonction JEBO AP1400<\/p>\n<p>1 Silencieuse, s\u00fbre, \u00e9conome en \u00e9nergie et puissante<br \/>2 Installation simple <br \/>3 combinaison pour l&rsquo;eau douce et l&rsquo;eau marine4 Syst\u00e8me de filtrage distinctif sup\u00e9rieur<\/p>\n<p>4 Param\u00e8tres (220 V 50 Hz)<\/p>\n<p>5 emballage\u00a0: 24 pi\u00e8ces\/carton<\/p>\n<\/p>\n<\/p>\n<div style=\"clear:les deux\"><\/article>\n","protected":false},"excerpt":{"rendered":"<p>T\u00eate motoris\u00e9e multifonction JEBO AP1400<\/p>\n","protected":false},"featured_media":4897,"comment_status":"open","ping_status":"closed","template":"","meta":[],"product_brand":[],"product_cat":[1338],"product_tag":[],"class_list":{"0":"post-38726","1":"product","2":"type-product","3":"status-publish","4":"has-post-thumbnail","6":"product_cat-filtres-pour-aquariums","8":"first","9":"instock","10":"shipping-taxable","11":"purchasable","12":"product-type-simple","13":"add-to-wishlist-after_add_to_cart"},"jetpack_sharing_enabled":true,"_links":{"self":[{"href":"https:\/\/www.reefshops.com\/fr\/wp-json\/wp\/v2\/product\/38726","targetHints":{"allow":["GET"]}}],"collection":[{"href":"https:\/\/www.reefshops.com\/fr\/wp-json\/wp\/v2\/product"}],"about":[{"href":"https:\/\/www.reefshops.com\/fr\/wp-json\/wp\/v2\/types\/product"}],"replies":[{"embeddable":true,"href":"https:\/\/www.reefshops.com\/fr\/wp-json\/wp\/v2\/comments?post=38726"}],"wp:featuredmedia":[{"embeddable":true,"href":"https:\/\/www.reefshops.com\/fr\/wp-json\/wp\/v2\/media\/4897"}],"wp:attachment":[{"href":"https:\/\/www.reefshops.com\/fr\/wp-json\/wp\/v2\/media?parent=38726"}],"wp:term":[{"taxonomy":"product_brand","embeddable":true,"href":"https:\/\/www.reefshops.com\/fr\/wp-json\/wp\/v2\/product_brand?post=38726"},{"taxonomy":"product_cat","embeddable":true,"href":"https:\/\/www.reefshops.com\/fr\/wp-json\/wp\/v2\/product_cat?post=38726"},{"taxonomy":"product_tag","embeddable":true,"href":"https:\/\/www.reefshops.com\/fr\/wp-json\/wp\/v2\/product_tag?post=38726"}],"curies":[{"name":"wp","href":"https:\/\/api.w.org\/{rel}","templated":true}]}}