{"id":38757,"date":"2016-09-25T23:28:18","date_gmt":"2016-09-25T23:28:18","guid":{"rendered":"https:\/\/www.reefshops.com\/product\/ecumeur-de-proteines-boyu-pour-aquarium-wg308\/"},"modified":"2025-03-16T08:59:01","modified_gmt":"2025-03-16T08:59:01","slug":"ecumeur-de-proteines-boyu-pour-aquarium-wg308","status":"publish","type":"product","link":"https:\/\/www.reefshops.com\/fr\/produit\/ecumeur-de-proteines-boyu-pour-aquarium-wg308\/","title":{"rendered":"\u00c9cumeur de prot\u00e9ines BOYU pour aquarium WG308"},"content":{"rendered":"<article class=\"article richtext richtext-detail AE:disable\" id=\"richTextContainer\">\n<h2 class=\"article-title\">Sp\u00e9cifications<\/h2>\n<div style=\"clear:both\"> \u00c9cumeur de prot\u00e9ines BOYU pour aquarium WG308 <br \/>1. Imitez la zoologie naturelle. <br \/>2. Qualit\u00e9 s\u00fbre et fiable avec dispositif emp\u00eachant la surchauffe. <\/p>\n<div style=\"clear:both\">\n<p>\u00c9cumeur de prot\u00e9ines BOYU pour aquarium WG308<\/p>\n<ol>\n<li>Imitation de la zoologie naturelle.<\/li>\n<li>Qualit\u00e9 s\u00fbre et fiable avec dispositif sur le c\u00f4t\u00e9 pour \u00e9viter la surchauffe.<\/li>\n<li>\u00c9limine parfaitement les prot\u00e9ines et les compos\u00e9s organiques.<\/li>\n<li>Montez et d\u00e9montez facilement pour le nettoyage.<\/li>\n<li>Conception d&rsquo;int\u00e9gration, plusieurs brevets brevet\u00e9s technologie<\/li>\n<\/ol>\n<div style=\"clear:both\"><\/article>\n","protected":false},"excerpt":{"rendered":"<p>\u00c9cumeur de prot\u00e9ines BOYU pour aquarium WG308<\/p>\n","protected":false},"featured_media":4959,"comment_status":"open","ping_status":"closed","template":"","meta":[],"product_brand":[],"product_cat":[1338],"product_tag":[],"class_list":{"0":"post-38757","1":"product","2":"type-product","3":"status-publish","4":"has-post-thumbnail","6":"product_cat-filtres-pour-aquariums","8":"first","9":"instock","10":"shipping-taxable","11":"purchasable","12":"product-type-simple","13":"add-to-wishlist-after_add_to_cart"},"jetpack_sharing_enabled":true,"_links":{"self":[{"href":"https:\/\/www.reefshops.com\/fr\/wp-json\/wp\/v2\/product\/38757","targetHints":{"allow":["GET"]}}],"collection":[{"href":"https:\/\/www.reefshops.com\/fr\/wp-json\/wp\/v2\/product"}],"about":[{"href":"https:\/\/www.reefshops.com\/fr\/wp-json\/wp\/v2\/types\/product"}],"replies":[{"embeddable":true,"href":"https:\/\/www.reefshops.com\/fr\/wp-json\/wp\/v2\/comments?post=38757"}],"wp:featuredmedia":[{"embeddable":true,"href":"https:\/\/www.reefshops.com\/fr\/wp-json\/wp\/v2\/media\/4959"}],"wp:attachment":[{"href":"https:\/\/www.reefshops.com\/fr\/wp-json\/wp\/v2\/media?parent=38757"}],"wp:term":[{"taxonomy":"product_brand","embeddable":true,"href":"https:\/\/www.reefshops.com\/fr\/wp-json\/wp\/v2\/product_brand?post=38757"},{"taxonomy":"product_cat","embeddable":true,"href":"https:\/\/www.reefshops.com\/fr\/wp-json\/wp\/v2\/product_cat?post=38757"},{"taxonomy":"product_tag","embeddable":true,"href":"https:\/\/www.reefshops.com\/fr\/wp-json\/wp\/v2\/product_tag?post=38757"}],"curies":[{"name":"wp","href":"https:\/\/api.w.org\/{rel}","templated":true}]}}