{"id":38777,"date":"2016-09-25T23:28:19","date_gmt":"2016-09-25T23:28:19","guid":{"rendered":"https:\/\/www.reefshops.com\/product\/pompe-submersible-a-eau-atman-at-104\/"},"modified":"2025-03-16T08:59:18","modified_gmt":"2025-03-16T08:59:18","slug":"pompe-submersible-a-eau-atman-at-104","status":"publish","type":"product","link":"https:\/\/www.reefshops.com\/fr\/produit\/pompe-submersible-a-eau-atman-at-104\/","title":{"rendered":"Pompe submersible \u00e0 eau Atman AT-104"},"content":{"rendered":"<article class=\"article richtext richtext-detail AE:disable\" id=\"richTextContainer\">\n<h2 class=\"article-title\">Sp\u00e9cifications<\/h2>\n<div style=\"clear:both\"> Pompe submersible \u00e0 eau Atman AT-104 <br \/>1 Silencieuse, s\u00fbre et \u00e9conome en \u00e9nergie <br \/>2 Installation simple <br \/>3 combinaisons pour l&rsquo;eau douce et marine <\/p>\n<div style=\"clear:both\">\n<p> Pompe submersible \u00e0 eau Atman AT-104<\/p>\n<p>1 Silencieuse, s\u00fbre et \u00e9conome en \u00e9nergie<\/p>\n<p>2 Installation simple <br \/>3 Combinaison pour l&rsquo;eau douce et l&rsquo;eau marine<\/p>\n<p>4 Syst\u00e8me de filtrage distinctif sup\u00e9rieur<\/p>\n<p>5 Param\u00e8tres (220 V-240 V 50 Hz)<\/p>\n<p>6 Ventouses pour s&rsquo;adapter \u00e0 tous les aquariums<\/p>\n<\/p>\n<\/p>\n<div style=\"clear:both\"><\/article>\n","protected":false},"excerpt":{"rendered":"<p>Pompe submersible \u00e0 eau Atman AT-104<\/p>\n","protected":false},"featured_media":4999,"comment_status":"open","ping_status":"closed","template":"","meta":[],"product_brand":[],"product_cat":[1380],"product_tag":[],"class_list":{"0":"post-38777","1":"product","2":"type-product","3":"status-publish","4":"has-post-thumbnail","6":"product_cat-pompes-a-eau-et-amp-tetes-motrices","8":"first","9":"instock","10":"shipping-taxable","11":"purchasable","12":"product-type-simple","13":"add-to-wishlist-after_add_to_cart"},"jetpack_sharing_enabled":true,"_links":{"self":[{"href":"https:\/\/www.reefshops.com\/fr\/wp-json\/wp\/v2\/product\/38777","targetHints":{"allow":["GET"]}}],"collection":[{"href":"https:\/\/www.reefshops.com\/fr\/wp-json\/wp\/v2\/product"}],"about":[{"href":"https:\/\/www.reefshops.com\/fr\/wp-json\/wp\/v2\/types\/product"}],"replies":[{"embeddable":true,"href":"https:\/\/www.reefshops.com\/fr\/wp-json\/wp\/v2\/comments?post=38777"}],"wp:featuredmedia":[{"embeddable":true,"href":"https:\/\/www.reefshops.com\/fr\/wp-json\/wp\/v2\/media\/4999"}],"wp:attachment":[{"href":"https:\/\/www.reefshops.com\/fr\/wp-json\/wp\/v2\/media?parent=38777"}],"wp:term":[{"taxonomy":"product_brand","embeddable":true,"href":"https:\/\/www.reefshops.com\/fr\/wp-json\/wp\/v2\/product_brand?post=38777"},{"taxonomy":"product_cat","embeddable":true,"href":"https:\/\/www.reefshops.com\/fr\/wp-json\/wp\/v2\/product_cat?post=38777"},{"taxonomy":"product_tag","embeddable":true,"href":"https:\/\/www.reefshops.com\/fr\/wp-json\/wp\/v2\/product_tag?post=38777"}],"curies":[{"name":"wp","href":"https:\/\/api.w.org\/{rel}","templated":true}]}}