{"id":38828,"date":"2016-09-25T23:28:21","date_gmt":"2016-09-25T23:28:21","guid":{"rendered":"https:\/\/www.reefshops.com\/product\/pompe-de-bassin-externe-sunsun-35hp-650l-min-hl-350\/"},"modified":"2025-03-16T08:59:19","modified_gmt":"2025-03-16T08:59:19","slug":"pompe-de-bassin-externe-sunsun-35hp-650l-min-hl-350","status":"publish","type":"product","link":"https:\/\/www.reefshops.com\/fr\/produit\/pompe-de-bassin-externe-sunsun-35hp-650l-min-hl-350\/","title":{"rendered":"Pompe de bassin externe SUNSUN 3,5HP 650L\/min HL-350"},"content":{"rendered":"<div style=\"clear:both\"><\/div>\n<p><span style=\"font-size:24px;color:#000080\"><strong>SUNSUN 3,5HP 650L\/min Pompe de bassin externe HL-350 <em><\/em><\/strong> <\/span><\/p>\n<\/p>\n<div id=\"ali-anchor-AliPostDhMb-su64e\" style=\"padding-top:8px\" data-section=\"AliPostDhMb-su64e\" data-section-title=\"Description du produit\">\n<div id=\"ali-title-AliPostDhMb-su64e\" style=\"border-bottom:#ddd 1px solid;padding-bottom:8px;padding-top:8px;padding-left:0px;padding-right:0px\"><span style=\"font-weight:bold;color:#333;padding-bottom:8px;padding-top:8px;padding-left:10px;line-height:12px;padding-right:10px;background-color:#ddd\">Description du produit<\/span><\/div>\n<div style=\"padding-bottom:10px;padding-top:10px;padding-left:0px;padding-right:0px\">\n<\/div>\n<\/div>\n<p><span style=\"font-size:12px\"><strong>Caract\u00e9ristiques\u00a0:<\/strong><\/span><\/p>\n<div>\n<p>1. Cette pompe est fabriqu\u00e9e \u00e0 partir de particules ABS de haute qualit\u00e9 et hautement durables.<\/p>\n<p>2. L&rsquo;arbre est fabriqu\u00e9 en c\u00e9ramique antirouille de haute qualit\u00e9.<\/p>\n<p>3. Ce mod\u00e8le convient uniquement \u00e0 un usage externe.<\/p>\n<\/p>\n<p><strong>Sp\u00e9cifications<\/strong><\/p>\n<p>1. Diam\u00e8tres de tubes de 63\u00a0mm\/60\u00a0mm<br \/>2. Hauteur maximale\u00a0: 20\u00a0m\u00e8tres<br \/>4. D\u00e9bit\u00a0: 39\u00a0000\u00a0L\/h (650\u00a0L\/min)<br \/>5. Watt\u00a0: 2,6\u00a0KW, 3,5\u00a0HP.<br \/>6. \u00c9quip\u00e9 d&rsquo;un c\u00e2ble de 10 m\u00e8tres<br \/>7. Tension\u00a0: 220-240\u00a0V, 380\u00a0V.<br \/>8. Dimensions\u00a0: 620 x 275 x 335\u00a0mm<br \/>9. Garantie 12\u00a0mois<\/p>\n<p><span style=\"font-size:14px;color:#ff00ff\"><strong>Cette pompe externe convient \u00e0 une utilisation dans tous les \u00e9tangs et piscines de grande taille.<\/strong><\/span><\/p>\n<\/div>\n<p><span style=\"font-size:14px\"> <\/span><\/p>\n<p><span style=\"font-size:14px;color:#000080\"><strong>Param\u00e8tres des pompes de bassin externes <\/strong><\/span><\/p>\n<table class=\"aliDataTable\" style=\"width:80%\" border=\"4\">\n<tbody>\n<tr>\n<td>Mod\u00e8le<\/td>\n<td>Tension<\/td>\n<td>\n<p>Puissance<\/p>\n<p>KW HP<\/p>\n<\/td>\n<td>Qmax<\/td>\n<td>Hmax<\/td>\n<td>Poids<\/td>\n<td>L<\/td>\n<td>W<\/td>\n<td>H<\/td>\n<\/tr>\n<tr>\n<td>HLB-100<\/td>\n<td>220V\/50Hz<\/td>\n<td>0,75 1.0<\/td>\n<td>285<\/td>\n<td>8<\/td>\n<td>12.2<\/td>\n<td>559<\/td>\n<td>240<\/td>\n<td>315<\/td>\n<\/tr>\n<tr>\n<td>HLB-150<\/td>\n<td>220V\/50Hz<\/td>\n<td>1.1 1,5<\/td>\n<td>360<\/td>\n<td>10<\/td>\n<td>14,6<\/td>\n<td>559<\/td>\n<td>240<\/td>\n<td>315<\/td>\n<\/tr>\n<tr>\n<td>HLB-200<\/td>\n<td>220V\/50Hz<\/td>\n<td>1,5 2.0<\/td>\n<td>400<\/td>\n<td>12<\/td>\n<td>14.8<\/td>\n<td>559<\/td>\n<td>240<\/td>\n<td>315<\/td>\n<\/tr>\n<tr>\n<td>HLB-300<\/td>\n<td>220V\/50Hz<\/td>\n<td>2.2 3.0<\/td>\n<td>430<\/td>\n<td>14<\/td>\n<td>15.8<\/td>\n<td>565<\/td>\n<td>240<\/td>\n<td>315<\/td>\n<\/tr>\n<tr>\n<td>HL-150<\/td>\n<td>220V\/380V\/50Hz<\/td>\n<td>1.1 1,5<\/td>\n<td>460<\/td>\n<td>17<\/td>\n<td>18,4\/18,2<\/td>\n<td>610<\/td>\n<td>275<\/td>\n<td>335<\/td>\n<\/tr>\n<tr>\n<td>HL-200<\/td>\n<td>220V\/380V\/50Hz<\/td>\n<td>1,5 2.0<\/td>\n<td>530<\/td>\n<td>16<\/td>\n<td>19.6\/17.9<\/td>\n<td>610<\/td>\n<td>275<\/td>\n<td>335<\/td>\n<\/tr>\n<tr>\n<td>HL-300<\/td>\n<td>220V\/380V\/50Hz<\/td>\n<td>2.2 3.0<\/td>\n<td>585<\/td>\n<td>18<\/td>\n<td>21.7\/19.5<\/td>\n<td>610<\/td>\n<td>275<\/td>\n<td>335<\/td>\n<\/tr>\n<tr>\n<td>HL-350<\/td>\n<td>220V\/380V\/50Hz<\/td>\n<td>2.6 3,5<\/td>\n<td>650<\/td>\n<td>20<\/td>\n<td>23,1\/21,7<\/td>\n<td>620<\/td>\n<td>275<\/td>\n<td>335<\/td>\n<\/tr>\n<tr>\n<td>HLA-300<\/td>\n<td>220V\/380V\/50Hz<\/td>\n<td>2,2 3.0<\/td>\n<td>460<\/td>\n<td>17<\/td>\n<td>18,5\/18,2<\/td>\n<td>610<\/td>\n<td>280<\/td>\n<td>335<\/td>\n<\/tr>\n<\/tbody>\n<\/table>\n<p><span style=\"font-size:14px;color:#000080\"><strong>Pompes de bassin externes pr\u00e9sent\u00e9es<\/strong><\/span><\/p>\n<p><img decoding=\"async\" alt=\"SUNSUN 3.5HP 650L\/min Pompe de bassin externe HL-350\" src=\"http:\/\/localhost\/media\/import\/detail\/562452822_854.jpg\"><img decoding=\"async\" alt=\"SUNSUN 3,5HP 650L\/min Pompe de bassin externe HL-350\" src=\"http:\/\/localhost\/media\/import\/detail\/562452828_484.jpg\"><img decoding=\"async\" alt=\"SUNSUN 3,5HP 650L\/min externe Pompe de bassin HL-350\" src=\"http:\/\/localhost\/media\/import\/detail\/562452833_981.jpg\"><img decoding=\"async\" alt=\"SUNSUN 3,5HP 650L\/min Pompe de bassin externe HL-350\" src=\"http:\/\/localhost\/media\/import\/detail\/562452835_186.jpg\"><img decoding=\"async\" alt=\"SUNSUN 3.5HP 650L\/min Pompe de bassin externe HL-350\" src=\"http:\/\/localhost\/media\/import\/detail\/562452837_167.jpg\"><img decoding=\"async\" alt=\"SUNSUN 3.5HP 650L\/min Pompe de bassin externe HL-350\" src=\"http:\/\/localhost\/media\/import\/detail\/562452840_338.jpg\"><\/p>\n<p><img decoding=\"async\" alt=\"SUNSUN 3.5HP 650L\/min Pompe de bassin externe HL-350\" src=\"http:\/\/localhost\/media\/import\/detail\/562453361_956.jpg\"><\/p>\n<p style=\"text-align:left\">\n<div id=\"ali-anchor-AliPostDhMb-6pmk2\" style=\"padding-top:8px\" data-section=\"AliPostDhMb-6pmk2\" data-section-title=\"Informations sur la soci\u00e9t\u00e9\"> <\/div>\n<div style=\"clear:both\"><\/div>\n","protected":false},"excerpt":{"rendered":"<p>Pompe de bassin externe SUNSUN 3,5HP 650L\/min HL-350<\/p>\n","protected":false},"featured_media":5102,"comment_status":"open","ping_status":"closed","template":"","meta":[],"product_brand":[],"product_cat":[1380],"product_tag":[],"class_list":{"0":"post-38828","1":"product","2":"type-product","3":"status-publish","4":"has-post-thumbnail","6":"product_cat-pompes-a-eau-et-amp-tetes-motrices","8":"first","9":"instock","10":"shipping-taxable","11":"purchasable","12":"product-type-simple","13":"add-to-wishlist-after_add_to_cart"},"jetpack_sharing_enabled":true,"_links":{"self":[{"href":"https:\/\/www.reefshops.com\/fr\/wp-json\/wp\/v2\/product\/38828","targetHints":{"allow":["GET"]}}],"collection":[{"href":"https:\/\/www.reefshops.com\/fr\/wp-json\/wp\/v2\/product"}],"about":[{"href":"https:\/\/www.reefshops.com\/fr\/wp-json\/wp\/v2\/types\/product"}],"replies":[{"embeddable":true,"href":"https:\/\/www.reefshops.com\/fr\/wp-json\/wp\/v2\/comments?post=38828"}],"wp:featuredmedia":[{"embeddable":true,"href":"https:\/\/www.reefshops.com\/fr\/wp-json\/wp\/v2\/media\/5102"}],"wp:attachment":[{"href":"https:\/\/www.reefshops.com\/fr\/wp-json\/wp\/v2\/media?parent=38828"}],"wp:term":[{"taxonomy":"product_brand","embeddable":true,"href":"https:\/\/www.reefshops.com\/fr\/wp-json\/wp\/v2\/product_brand?post=38828"},{"taxonomy":"product_cat","embeddable":true,"href":"https:\/\/www.reefshops.com\/fr\/wp-json\/wp\/v2\/product_cat?post=38828"},{"taxonomy":"product_tag","embeddable":true,"href":"https:\/\/www.reefshops.com\/fr\/wp-json\/wp\/v2\/product_tag?post=38828"}],"curies":[{"name":"wp","href":"https:\/\/api.w.org\/{rel}","templated":true}]}}