{"id":38832,"date":"2016-09-25T23:28:21","date_gmt":"2016-09-25T23:28:21","guid":{"rendered":"https:\/\/www.reefshops.com\/product\/nouvelle-pompe-a-eau-de-piscine-electrique-de-haute-qualite-hlb-100\/"},"modified":"2025-03-16T08:59:20","modified_gmt":"2025-03-16T08:59:20","slug":"nouvelle-pompe-a-eau-de-piscine-electrique-de-haute-qualite-hlb-100","status":"publish","type":"product","link":"https:\/\/www.reefshops.com\/fr\/produit\/nouvelle-pompe-a-eau-de-piscine-electrique-de-haute-qualite-hlb-100\/","title":{"rendered":"Nouvelle pompe \u00e0 eau de piscine \u00e9lectrique de haute qualit\u00e9 HLB-100"},"content":{"rendered":"<div style=\"clear:both\"><\/div>\n<table class=\"aliDataTable\" border=\"0\" cellpadding=\"0\">\n<tbody>\n<tr align=\"left\">\n<td colspan=\"4\" valign=\"center\" width=\"100%\">\n<p style=\"clear : les deux\"><span style=\"font-size : 24px\"><strong><span style=\"font-family : Calibri,zapf dingbats\u00a0\"> Pompe \u00e0 eau de piscine \u00e9lectrique de haute qualit\u00e9 <\/span><\/strong><\/span><\/p>\n<p>&lt;span style=&quot;font-family\u00a0: Calibri,zapf dingbats\u00a0; Pompe \u00e0 eau de piscine \u00e9lectrique auto-amor\u00e7ante<\/span><\/p>\n<p><span style=\"font-family: Calibri,zapf dingbats;font-size: 18px\">2. Grand volume<\/span><\/p>\n<p><span style=\"font-family: Calibri, zapf dingbats;font-size: 18px\">3. Utilis\u00e9 pour la piscine, l&rsquo;\u00e9tang ou certaines machines industrielles<\/span><\/p>\n<p><span style=\"font-family: Calibri,zapf dingbats;font-size: 18px\">4. Hautes performances, faible bruit, \u00e9conomie d&rsquo;\u00e9nergie.<\/span><\/p>\n<\/p>\n<p><span style=\"font-family: Calibri,zapf dingbats;font-size: 18px\">Vous pouvez trouver les d\u00e9tails comme suit\u00a0:<\/span><\/p>\n<p style=\"clear: two;margin: 0px;line-height: 1.5;padding: 0px\"><span style=\"font-size: 18px\">MOD\u00c8LE\u00a0: HLB-100<\/span><\/p>\n<p><span><span>PUISSANCE\u00a0: 0,75\u00a0KW<\/span><\/p>\n<p><span>Q-MAX\u00a0:\u00a0285\u00a0L\/min <br \/>H-MAX\u00a0:\u00a08\u00a0m <\/span><\/p>\n<p style=\"Calibri,zapf dingbats\">POIDS\u00a0: 12,2 kg <\/span><br \/><span style=\"font-family: Calibri,zapf dingbats\">DIAM\u00c8TRE DU TUBE\u00a0:??50\/??48,5 mm<\/span> <\/span><\/p>\n<\/td>\n<\/tr>\n<\/tbody>\n<\/table>\n<p><img decoding=\"async\" src=\"http:\/\/localhost\/media\/import\/detail\/469118477_775.jpg\" alt=\"Nouvelle pompe \u00e0 eau de piscine \u00e9lectrique de haute qualit\u00e9\"><img decoding=\"async\" src=\"http:\/\/localhost\/media\/import\/detail\/469118478_662.jpg\" alt=\"Nouvelle pompe \u00e0 eau de piscine \u00e9lectrique de haute qualit\u00e9\"><img decoding=\"async\" src=\"http:\/\/localhost\/media\/import\/detail\/469118479_222.jpg\" alt=\"Nouvelle pompe \u00e0 eau de piscine \u00e9lectrique de haute qualit\u00e9\"><img decoding=\"async\" src=\"http:\/\/localhost\/media\/import\/detail\/469118480_604.jpg\" alt=\"Nouvelle pompe \u00e0 eau de piscine \u00e9lectrique de haute qualit\u00e9\"><img decoding=\"async\" src=\"http:\/\/localhost\/media\/import\/detail\/469118481_974.jpg\" alt=\"Nouvelle pompe \u00e0 eau de piscine \u00e9lectrique de haute qualit\u00e9\"> <\/p>\n<\/p>\n<div style=\"clear:both\"><\/div>\n","protected":false},"excerpt":{"rendered":"<p>Nouvelle pompe \u00e0 eau de piscine \u00e9lectrique de haute qualit\u00e9 HLB-100<\/p>\n","protected":false},"featured_media":5110,"comment_status":"open","ping_status":"closed","template":"","meta":[],"product_brand":[],"product_cat":[1380],"product_tag":[],"class_list":{"0":"post-38832","1":"product","2":"type-product","3":"status-publish","4":"has-post-thumbnail","6":"product_cat-pompes-a-eau-et-amp-tetes-motrices","8":"first","9":"instock","10":"shipping-taxable","11":"purchasable","12":"product-type-simple","13":"add-to-wishlist-after_add_to_cart"},"jetpack_sharing_enabled":true,"_links":{"self":[{"href":"https:\/\/www.reefshops.com\/fr\/wp-json\/wp\/v2\/product\/38832","targetHints":{"allow":["GET"]}}],"collection":[{"href":"https:\/\/www.reefshops.com\/fr\/wp-json\/wp\/v2\/product"}],"about":[{"href":"https:\/\/www.reefshops.com\/fr\/wp-json\/wp\/v2\/types\/product"}],"replies":[{"embeddable":true,"href":"https:\/\/www.reefshops.com\/fr\/wp-json\/wp\/v2\/comments?post=38832"}],"wp:featuredmedia":[{"embeddable":true,"href":"https:\/\/www.reefshops.com\/fr\/wp-json\/wp\/v2\/media\/5110"}],"wp:attachment":[{"href":"https:\/\/www.reefshops.com\/fr\/wp-json\/wp\/v2\/media?parent=38832"}],"wp:term":[{"taxonomy":"product_brand","embeddable":true,"href":"https:\/\/www.reefshops.com\/fr\/wp-json\/wp\/v2\/product_brand?post=38832"},{"taxonomy":"product_cat","embeddable":true,"href":"https:\/\/www.reefshops.com\/fr\/wp-json\/wp\/v2\/product_cat?post=38832"},{"taxonomy":"product_tag","embeddable":true,"href":"https:\/\/www.reefshops.com\/fr\/wp-json\/wp\/v2\/product_tag?post=38832"}],"curies":[{"name":"wp","href":"https:\/\/api.w.org\/{rel}","templated":true}]}}