{"id":38833,"date":"2016-09-25T23:28:21","date_gmt":"2016-09-25T23:28:21","guid":{"rendered":"https:\/\/www.reefshops.com\/product\/sunsun-pompe-a-eau-a-grand-debit-pour-bassin-250w-circulation-deau-haute-pression-pour-jardin-et-piscine-hls-250\/"},"modified":"2025-03-16T08:59:21","modified_gmt":"2025-03-16T08:59:21","slug":"sunsun-pompe-a-eau-a-grand-debit-pour-bassin-250w-circulation-deau-haute-pression-pour-jardin-et-piscine-hls-250","status":"publish","type":"product","link":"https:\/\/www.reefshops.com\/fr\/produit\/sunsun-pompe-a-eau-a-grand-debit-pour-bassin-250w-circulation-deau-haute-pression-pour-jardin-et-piscine-hls-250\/","title":{"rendered":"SUNSUN \u2013 pompe \u00e0 eau \u00e0 grand d\u00e9bit pour bassin, 250w, Circulation d&rsquo;eau, haute pression, pour jardin et piscine, HLS-250"},"content":{"rendered":"<div style=\"clear:both\"><\/div>\n<p><span style=\"font-size:32px;color:#ff0000\"><strong><span style=\"font-size:24px\">Pompe \u00e0 eau de bassin \u00e0 grand d\u00e9bit SUNSUN 250w Pompe \u00e0 eau de circulation de piscine Pompe de jardin haute pression<\/span><\/strong><\/span><\/p>\n<\/p>\n<div id=\"ali-anchor-AliPostDhMb-rcbgu\" style=\"padding-top:8px\" data-section=\"AliPostDhMb-rcbgu\" data-section-title=\"Description du produit\">\n<div id=\"ali-title-AliPostDhMb-rcbgu\" style=\"border-bottom:#ddd 1px solid;padding-bottom:8px;padding-top:8px;padding-left:0px;padding-right:0px\"><span style=\"font-weight:bold;color:#333;padding-bottom:8px;padding-top:8px;padding-left:10px;line-height:12px;padding-right:10px;background-color:#ddd\">Description du produit<\/span><\/div>\n<div style=\"padding-bottom:10px;padding-top:10px;padding-left:0px;padding-right:0px\">\n<\/div>\n<\/div>\n<p><img decoding=\"async\" alt=\"250w SUNSUN grand d\u00e9bit pompe \u00e0 eau de bassin pompe \u00e0 eau de circulation pompe de jardin haute pression HLS-250\" src=\"http:\/\/localhost\/media\/import\/detail\/756365190_227.jpg\"><img decoding=\"async\" alt=\"250w SUNSUN pompe \u00e0 eau de bassin \u00e0 grand d\u00e9bit pompe \u00e0 eau de circulation de piscine pompe de jardin haute pression HLS-250\" src=\"http:\/\/localhost\/media\/import\/detail\/756365202_897.jpg\"><img decoding=\"async\" alt=\"250w SUNSUN pompe \u00e0 eau de bassin \u00e0 grand d\u00e9bit pompe \u00e0 eau de circulation de piscine pompe de jardin haute pression HLS-250\" src=\"http:\/\/localhost\/media\/import\/detail\/756365210_638.jpg\"> <\/p>\n<p><strong><span style=\"font-size:24px\"><span style=\"color:#ff6600\">Autres pompes de jardin haute pression <\/span><\/span><\/strong><\/p>\n<\/p>\n<p><img decoding=\"async\" alt=\"250w SUNSUN pompe \u00e0 eau de bassin \u00e0 grand d\u00e9bit pompe \u00e0 eau de circulation de piscine pompe de jardin haute pression HLS-250\" src=\"http:\/\/localhost\/media\/import\/detail\/756366821_945.jpg\"><img decoding=\"async\" alt=\"250w SUNSUN pompe \u00e0 eau de bassin \u00e0 grand d\u00e9bit pompe \u00e0 eau de circulation de piscine Pompe de jardin haute pression HLS-250\" src=\"http:\/\/localhost\/media\/import\/detail\/756366824_553.jpg\"><img decoding=\"async\" alt=\"250w SUNSUN pompe \u00e0 eau de bassin \u00e0 grand d\u00e9bit pompe \u00e0 eau de circulation de piscine pompe de jardin haute pression HLS-250\" src=\"http:\/\/localhost\/media\/import\/detail\/756366830_577.jpg\"> <\/p>\n<p><strong><span style=\"font-size:24px\"><span style=\"color:#ff6600\">D\u00e9tails sur la pompe de jardin haute pression <\/span><\/span><\/strong><strong><\/strong><\/p>\n<p><strong><span style=\"font-size:24px;color:#ff6600\"><img loading=\"lazy\" decoding=\"async\" alt=\"250w SUNSUN grand d\u00e9bit pompe \u00e0 eau de bassin pompe \u00e0 eau de circulation de piscine pompe de jardin haute pression HLS-250\" src=\"http:\/\/localhost\/media\/import\/detail\/560369249_038.jpg\" width=\"600\" height=\"680\"><\/span><\/strong><\/p>\n<div id=\"ali-anchor-AliPostDhMb-r07cs\" style=\"padding-top:8px\" data-section=\"AliPostDhMb-r07cs\" data-section-title=\"Informations sur la soci\u00e9t\u00e9\"> <\/div>\n","protected":false},"excerpt":{"rendered":"<p>SUNSUN \u2013 pompe \u00e0 eau \u00e0 grand d\u00e9bit pour bassin, 250w, Circulation d&rsquo;eau, haute pression, pour jardin et piscine, HLS-250<\/p>\n","protected":false},"featured_media":5112,"comment_status":"open","ping_status":"closed","template":"","meta":[],"product_brand":[],"product_cat":[1380],"product_tag":[],"class_list":{"0":"post-38833","1":"product","2":"type-product","3":"status-publish","4":"has-post-thumbnail","6":"product_cat-pompes-a-eau-et-amp-tetes-motrices","8":"first","9":"instock","10":"shipping-taxable","11":"purchasable","12":"product-type-simple","13":"add-to-wishlist-after_add_to_cart"},"jetpack_sharing_enabled":true,"_links":{"self":[{"href":"https:\/\/www.reefshops.com\/fr\/wp-json\/wp\/v2\/product\/38833","targetHints":{"allow":["GET"]}}],"collection":[{"href":"https:\/\/www.reefshops.com\/fr\/wp-json\/wp\/v2\/product"}],"about":[{"href":"https:\/\/www.reefshops.com\/fr\/wp-json\/wp\/v2\/types\/product"}],"replies":[{"embeddable":true,"href":"https:\/\/www.reefshops.com\/fr\/wp-json\/wp\/v2\/comments?post=38833"}],"wp:featuredmedia":[{"embeddable":true,"href":"https:\/\/www.reefshops.com\/fr\/wp-json\/wp\/v2\/media\/5112"}],"wp:attachment":[{"href":"https:\/\/www.reefshops.com\/fr\/wp-json\/wp\/v2\/media?parent=38833"}],"wp:term":[{"taxonomy":"product_brand","embeddable":true,"href":"https:\/\/www.reefshops.com\/fr\/wp-json\/wp\/v2\/product_brand?post=38833"},{"taxonomy":"product_cat","embeddable":true,"href":"https:\/\/www.reefshops.com\/fr\/wp-json\/wp\/v2\/product_cat?post=38833"},{"taxonomy":"product_tag","embeddable":true,"href":"https:\/\/www.reefshops.com\/fr\/wp-json\/wp\/v2\/product_tag?post=38833"}],"curies":[{"name":"wp","href":"https:\/\/api.w.org\/{rel}","templated":true}]}}