{"id":38834,"date":"2016-09-25T23:28:21","date_gmt":"2016-09-25T23:28:21","guid":{"rendered":"https:\/\/www.reefshops.com\/product\/430l-min-sunsun-pompe-a-eau-externe-a-grand-debit-pompe-detang-de-circulation-pompe-detang-a-poissons-hlb-300\/"},"modified":"2025-03-16T08:59:21","modified_gmt":"2025-03-16T08:59:21","slug":"430l-min-sunsun-pompe-a-eau-externe-a-grand-debit-pompe-detang-de-circulation-pompe-detang-a-poissons-hlb-300","status":"publish","type":"product","link":"https:\/\/www.reefshops.com\/fr\/produit\/430l-min-sunsun-pompe-a-eau-externe-a-grand-debit-pompe-detang-de-circulation-pompe-detang-a-poissons-hlb-300\/","title":{"rendered":"430L\/min SUNSUN pompe \u00e0 eau externe \u00e0 grand d\u00e9bit pompe d&rsquo;\u00e9tang de Circulation pompe d&rsquo;\u00e9tang \u00e0 poissons HLB-300"},"content":{"rendered":"<div style=\"clear:both\"><\/div>\n<div id=\"ali-anchor-AliPostDhMb-gt51n\" style=\"padding-top:8px\" data-section=\"AliPostDhMb-gt51n\" data-section-title=\"start\">\n<div id=\"ali-title-AliPostDhMb-gt51n\" style=\"border-bottom:#ddd 1px solid;padding-bottom:8px;padding-top:8px;padding-left:0px;padding-right:0px\"><span style=\"font-weight:bold;color:#333;padding-bottom:8px;padding-top:8px;padding-left:10px;line-height:12px;padding-right:10px;background-color:#ddd\">start<\/span><\/div>\n<div style=\"padding-bottom:10px;padding-top:10px;padding-left:0px;padding-right:0px\">\n<p><img decoding=\"async\" alt=\"430L\/min SUNSUN Pompe \u00e0 eau externe \u00e0 grand d\u00e9bit Pompe de bassin de circulation Pompe d'\u00e9tang \u00e0 poissons\" src=\"http:\/\/localhost\/media\/import\/detail\/HTB11qiMJVXXXXXWXVXXq6xXFXXXQ.jpg\"><span> <\/span><\/p>\n<\/div>\n<\/div>\n<p><span style=\"color:#ff0000\"><strong><span style=\"font-size:32px\">430L\/min SUNSUN Pompe \u00e0 eau externe \u00e0 grand d\u00e9bit Pompe de bassin de circulation Pompe d&rsquo;\u00e9tang \u00e0 poissons<\/span> <\/strong><\/span> <\/p>\n<p><strong><\/strong> <\/p>\n<\/p>\n<p><span style=\"font-size:24px;font-family:arial,helvetica,sans-serif;color:#ff6600\"><strong>1. Description du produit<\/strong><\/span><\/p>\n<\/p>\n<p><span style=\"font-size:18px\">Cette pompe pour \u00e9tang \u00e0 poissons convient \u00e0 une utilisation dans tous les \u00e9tangs de grande taille et piscines.<\/span><\/p>\n<\/p>\n<p><strong><span style=\"font-size:24px;color:#ff6600\">2.Le spectacle de pompe d&rsquo;\u00e9tang \u00e0 poissons<\/span><\/strong><\/p>\n<p><strong><\/strong> <img decoding=\"async\" alt=\"430L\/min SUNSUN pompe \u00e0 eau externe \u00e0 grand d\u00e9bit pompe d'\u00e9tang de circulation pompe d'\u00e9tang \u00e0 poissons\" src=\"http:\/\/localhost\/media\/import\/detail\/756477080_372.jpg\"><\/p>\n<p><span style=\"font-size:18px\"><img loading=\"lazy\" decoding=\"async\" alt=\"430L\/min SUNSUN Pompe \u00e0 eau externe \u00e0 grand d\u00e9bit Pompe de bassin de circulation Pompe d'\u00e9tang \u00e0 poissons\" src=\"http:\/\/localhost\/media\/import\/detail\/541036992_984.jpg\" width=\"590\" height=\"266\"><\/span><\/p>\n<\/p>\n<p><strong><span style=\"font-size:24px;color:#ff6600\">4.Autres pompes pour \u00e9tang \u00e0 poissons <\/span><\/strong><strong><\/strong><\/p>\n<\/p>\n<p><strong><\/strong><img loading=\"lazy\" decoding=\"async\" alt=\"430L\/min SUNSUN Pompe \u00e0 eau externe \u00e0 grand d\u00e9bit Pompe de bassin de circulation Pompe d'\u00e9tang \u00e0 poissons\" src=\"http:\/\/localhost\/media\/import\/detail\/756384277_550.jpg\" width=\"600\" height=\"600\"><img loading=\"lazy\" decoding=\"async\" alt=\"430L\/min SUNSUN Pompe \u00e0 eau externe \u00e0 grand d\u00e9bit Pompe de bassin de circulation Pompe d'\u00e9tang \u00e0 poissons\" src=\"http:\/\/localhost\/media\/import\/detail\/756378675_225.jpg\" width=\"600\" height=\"600\"> <\/p>\n<p><strong><span style=\"font-size:24px;color:#ff6600\">4.D\u00e9tails de la pompe d&rsquo;\u00e9tang \u00e0 poissons <\/span><\/strong><\/p>\n<p><span style=\"color:#ff6600\"><strong><span style=\"font-size:24px\"><img loading=\"lazy\" decoding=\"async\" alt=\"430L\/min SUNSUN Pompe \u00e0 eau externe \u00e0 grand d\u00e9bit Pompe de bassin de circulation Pompe d'\u00e9tang \u00e0 poissons\" src=\"http:\/\/localhost\/media\/import\/detail\/736069199_823.jpg\" width=\"691\" height=\"370\"><img loading=\"lazy\" decoding=\"async\" alt=\"430L\/min SUNSUN Pompe \u00e0 eau externe \u00e0 grand d\u00e9bit Pompe de bassin de circulation Pompe d'\u00e9tang \u00e0 poissons\" src=\"http:\/\/localhost\/media\/import\/detail\/736069215_791.jpg\" width=\"689\" height=\"157\"><\/span><\/strong><\/span><\/p>\n<div id=\"ali-anchor-AliPostDhMb-ru51p\" style=\"padding-top:8px\" data-section=\"AliPostDhMb-ru51p\" data-section-title=\"Informations sur la soci\u00e9t\u00e9\"> <\/div>\n","protected":false},"excerpt":{"rendered":"<p>430L\/min SUNSUN pompe \u00e0 eau externe \u00e0 grand d\u00e9bit pompe d&rsquo;\u00e9tang de Circulation pompe d&rsquo;\u00e9tang \u00e0 poissons HLB-300<\/p>\n","protected":false},"featured_media":5114,"comment_status":"open","ping_status":"closed","template":"","meta":[],"product_brand":[],"product_cat":[1380],"product_tag":[],"class_list":{"0":"post-38834","1":"product","2":"type-product","3":"status-publish","4":"has-post-thumbnail","6":"product_cat-pompes-a-eau-et-amp-tetes-motrices","8":"first","9":"instock","10":"shipping-taxable","11":"purchasable","12":"product-type-simple","13":"add-to-wishlist-after_add_to_cart"},"jetpack_sharing_enabled":true,"_links":{"self":[{"href":"https:\/\/www.reefshops.com\/fr\/wp-json\/wp\/v2\/product\/38834","targetHints":{"allow":["GET"]}}],"collection":[{"href":"https:\/\/www.reefshops.com\/fr\/wp-json\/wp\/v2\/product"}],"about":[{"href":"https:\/\/www.reefshops.com\/fr\/wp-json\/wp\/v2\/types\/product"}],"replies":[{"embeddable":true,"href":"https:\/\/www.reefshops.com\/fr\/wp-json\/wp\/v2\/comments?post=38834"}],"wp:featuredmedia":[{"embeddable":true,"href":"https:\/\/www.reefshops.com\/fr\/wp-json\/wp\/v2\/media\/5114"}],"wp:attachment":[{"href":"https:\/\/www.reefshops.com\/fr\/wp-json\/wp\/v2\/media?parent=38834"}],"wp:term":[{"taxonomy":"product_brand","embeddable":true,"href":"https:\/\/www.reefshops.com\/fr\/wp-json\/wp\/v2\/product_brand?post=38834"},{"taxonomy":"product_cat","embeddable":true,"href":"https:\/\/www.reefshops.com\/fr\/wp-json\/wp\/v2\/product_cat?post=38834"},{"taxonomy":"product_tag","embeddable":true,"href":"https:\/\/www.reefshops.com\/fr\/wp-json\/wp\/v2\/product_tag?post=38834"}],"curies":[{"name":"wp","href":"https:\/\/api.w.org\/{rel}","templated":true}]}}