{"id":38837,"date":"2016-09-25T23:28:21","date_gmt":"2016-09-25T23:28:21","guid":{"rendered":"https:\/\/www.reefshops.com\/product\/pompes-a-eau-centrifuges-haute-pression-sunsun-275l-min-900w-10m-pla-090\/"},"modified":"2025-03-16T08:59:22","modified_gmt":"2025-03-16T08:59:22","slug":"pompes-a-eau-centrifuges-haute-pression-sunsun-275l-min-900w-10m-pla-090","status":"publish","type":"product","link":"https:\/\/www.reefshops.com\/fr\/produit\/pompes-a-eau-centrifuges-haute-pression-sunsun-275l-min-900w-10m-pla-090\/","title":{"rendered":"Pompes \u00e0 eau centrifuges haute pression SUNSUN 275L\/min 900W 10m PLA-090"},"content":{"rendered":"<div style=\"clear:both\"><\/div>\n<p style=\"text-align:left\"><em><span style=\"color:#0000ff\"><span style=\"font-size:24px\"><strong><span style=\"background-color:#ffff00\">SUNSUN 275L\/min 900W 10m Eau centrifuge haute pression Escarpins<\/span><\/strong><\/span><\/span><\/em><\/p>\n<p style=\"text-align:left\">\n<p style=\"text-align:left\">\n<p style=\"text-align:left\"><strong><span style=\"font-size:18px;color:#ff9900\">1. Description du produit<\/span><\/strong><\/p>\n<p style=\"text-align:left\">\n<p style=\"text-align:left\">\n<p><span style=\"font-size:16px;font-family:comic sans ms,sans-serif\">1. Appliquer sur la piscine, l&rsquo;\u00e9tang d&rsquo;aquaculture et le r\u00e9servoir de fruits de mer avec un \u00e9quipement de recyclage de l&rsquo;eau<\/span><\/p>\n<p style=\"text-align:left\">\n<p><span style=\"font-size:16px;font-family:comic sans ms,sans-serif\"> correspondance.<\/span><\/p>\n<p style=\"text-align:left\">\n<p><span style=\"font-size:16px;font-family:comic sans ms,sans-serif\">2. Moteur asynchrone standard de haute performance avec un nouveau design et une nouvelle \u00e9nergie<\/span><\/p>\n<p style=\"text-align:left\">\n<p><span style=\"font-size:16px;font-family:comic sans ms,sans-serif\"> sauvegarde.<\/span><\/p>\n<p style=\"text-align:left\">\n<p><span style=\"font-size:16px;font-family:comic sans ms,sans-serif\">3. Le double joint en r\u00e9sine et l&rsquo;anneau en caoutchouc le rendent plus s\u00fbr pour en utilisant.<\/span><\/p>\n<p style=\"text-align:left\">\n<p><span style=\"font-size:16px;font-family:comic sans ms,sans-serif\">4. Arbre et manchon d&rsquo;arbre en c\u00e9ramique de haute qualit\u00e9, durables et silencieux.<\/span><\/p>\n<\/p>\n<p><strong><span style=\"font-size:18px;font-family:comic sans ms, sans-serif;color:#ff9900;background-color:#ffffff\">2. Pompes \u00e0 eau centrifuges haute pression PLA-090 <\/span><\/strong> <\/p>\n<\/p>\n<p> <img decoding=\"async\" alt=\"SUNSUN 275L\/min 900W 10m Pompes \u00e0 eau centrifuges haute pression\" src=\"http:\/\/localhost\/media\/import\/detail\/756365202_897.jpg\"><\/p>\n<\/p><\/p>\n","protected":false},"excerpt":{"rendered":"<p>Pompes \u00e0 eau centrifuges haute pression SUNSUN 275L\/min 900W 10m PLA-090<\/p>\n","protected":false},"featured_media":5120,"comment_status":"open","ping_status":"closed","template":"","meta":[],"product_brand":[],"product_cat":[1380],"product_tag":[],"class_list":{"0":"post-38837","1":"product","2":"type-product","3":"status-publish","4":"has-post-thumbnail","6":"product_cat-pompes-a-eau-et-amp-tetes-motrices","8":"first","9":"instock","10":"shipping-taxable","11":"purchasable","12":"product-type-simple","13":"add-to-wishlist-after_add_to_cart"},"jetpack_sharing_enabled":true,"_links":{"self":[{"href":"https:\/\/www.reefshops.com\/fr\/wp-json\/wp\/v2\/product\/38837","targetHints":{"allow":["GET"]}}],"collection":[{"href":"https:\/\/www.reefshops.com\/fr\/wp-json\/wp\/v2\/product"}],"about":[{"href":"https:\/\/www.reefshops.com\/fr\/wp-json\/wp\/v2\/types\/product"}],"replies":[{"embeddable":true,"href":"https:\/\/www.reefshops.com\/fr\/wp-json\/wp\/v2\/comments?post=38837"}],"wp:featuredmedia":[{"embeddable":true,"href":"https:\/\/www.reefshops.com\/fr\/wp-json\/wp\/v2\/media\/5120"}],"wp:attachment":[{"href":"https:\/\/www.reefshops.com\/fr\/wp-json\/wp\/v2\/media?parent=38837"}],"wp:term":[{"taxonomy":"product_brand","embeddable":true,"href":"https:\/\/www.reefshops.com\/fr\/wp-json\/wp\/v2\/product_brand?post=38837"},{"taxonomy":"product_cat","embeddable":true,"href":"https:\/\/www.reefshops.com\/fr\/wp-json\/wp\/v2\/product_cat?post=38837"},{"taxonomy":"product_tag","embeddable":true,"href":"https:\/\/www.reefshops.com\/fr\/wp-json\/wp\/v2\/product_tag?post=38837"}],"curies":[{"name":"wp","href":"https:\/\/api.w.org\/{rel}","templated":true}]}}