{"id":38850,"date":"2016-09-25T23:28:21","date_gmt":"2016-09-25T23:28:21","guid":{"rendered":"https:\/\/www.reefshops.com\/product\/pompe-a-eau-submersible-pour-lac-sunsun-40cbm-h-2600w-20m-hlx-350\/"},"modified":"2025-03-16T08:59:25","modified_gmt":"2025-03-16T08:59:25","slug":"pompe-a-eau-submersible-pour-lac-sunsun-40cbm-h-2600w-20m-hlx-350","status":"publish","type":"product","link":"https:\/\/www.reefshops.com\/fr\/produit\/pompe-a-eau-submersible-pour-lac-sunsun-40cbm-h-2600w-20m-hlx-350\/","title":{"rendered":"Pompe \u00e0 eau submersible pour lac SUNSUN 40cbm\/h 2600W 20m HLX-350"},"content":{"rendered":"<div style=\"clear:both\"><\/div>\n<p style=\"text-align:left\"><span style=\"color:#0000ff\"><span style=\"font-size:24px\"><strong><span style=\"background-color:#ffff00\">SUNSUN 40cbm\/h 2600W 20m d&rsquo;eau submersible pour lac Pompe<\/span><\/strong><\/span><\/span><\/p>\n<p style=\"text-align:left\">\n<p style=\"text-align:left\"><strong><span style=\"font-size:18px;color:#ff9900\">1. Description du produit<\/span><\/strong><\/p>\n<p style=\"text-align:left\">\n<p><span style=\"font-size:14px;font-family:arial, helvetica, sans-serif\">1. Appliquer sur la piscine, l&rsquo;\u00e9tang d&rsquo;aquaculture et le r\u00e9servoir de fruits de mer avec des outils de recyclage de l&rsquo;eau <\/span><span style=\"font-size:14px;line-height:21px\">correspondance.<\/span><\/p>\n<p><span style=\"font-size:14px;font-family:arial, helvetica, sans-serif\">2. Moteur asynchrone standard haute performance avec un nouveau design et une nouvelle \u00e9nergie <\/span><span style=\"font-size:14px;font-family:Verdana, Arial, Helvetica, sans-serif;line-height:21px\">\u00e9conomie.<\/span><\/p>\n<p><span style=\"font-size:14px;font-family:arial, helvetica, sans-serif\">3. Le double joint en r\u00e9sine et l&rsquo;anneau en caoutchouc le rendent plus s\u00fbr \u00e0 utiliser.<\/span><\/p>\n<p><span style=\"font-size:14px;font-family:arial, helvetica, sans-serif\">4. Arbre et manchon d&rsquo;arbre en c\u00e9ramique de haute qualit\u00e9, durables et silencieux.<\/span><\/p>\n<\/p>\n<p><span style=\"font-family:arial, helvetica, sans-serif\"><strong><span style=\"font-size:18px;color:#ff9900;background-color:#ffffff\">2. Pompe \u00e0 eau submersible pour lac HLX-350 <\/span><\/strong> <\/span><\/p>\n<\/p>\n<p><img loading=\"lazy\" decoding=\"async\" alt=\"SUNSUN 40cbm\/h 2600W 20m Pompe \u00e0 eau submersible pour lac\" src=\"http:\/\/localhost\/media\/import\/detail\/698071826_495.jpg\" width=\"605\" height=\"209\"><\/p>\n<\/p>\n<p><img loading=\"lazy\" decoding=\"async\" alt=\"SUNSUN 40cbm\/h 2600W 20m Pompe \u00e0 eau submersible pour lac\" src=\"http:\/\/localhost\/media\/import\/detail\/746624569_108.jpg\" width=\"600\" height=\"600\"><\/p>\n<\/p>\n<p><span style=\"font-size:18px;font-family:arial, helvetica, sans-serif;color:#ff9900\"><strong>3. Pr\u00e9sentation de la soci\u00e9t\u00e9 (la plus grande entreprise d&rsquo;aquariums en Chine actuellement) <\/strong> <\/span><\/p>\n<\/p>\n<p><img loading=\"lazy\" decoding=\"async\" alt=\"SUNSUN 40cbm\/h 2600W 20m Pompe \u00e0 eau submersible pour lac\" src=\"http:\/\/localhost\/media\/import\/detail\/513496306_194.jpg\" width=\"600\" height=\"600\"><\/p>\n<p> <img loading=\"lazy\" decoding=\"async\" alt=\"SUNSUN 40cbm\/h 2600W 20m Pompe \u00e0 eau submersible pour lac\" src=\"http:\/\/localhost\/media\/import\/detail\/736318559_262.JPG\" width=\"600\" height=\"600\"><img loading=\"lazy\" decoding=\"async\" alt=\"SUNSUN 40cbm\/h 2600W 20m Pompe \u00e0 eau submersible pour lac\" src=\"http:\/\/localhost\/media\/import\/detail\/736318565_189.JPG\" width=\"600\" height=\"600\"> <\/p>\n<p><span style=\"font-family:arial, helvetica, sans-serif\"><strong><span style=\"color:#ff9900\"><span style=\"font-size:18px\">4. <\/span><span style=\"font-size:16px\">Certificats<\/span><\/span><\/strong><\/span><\/p>\n<p> <img loading=\"lazy\" decoding=\"async\" alt=\"SUNSUN 40cbm\/h 2600W 20m Pompe \u00e0 eau submersible pour lac\" src=\"http:\/\/localhost\/media\/import\/detail\/701300415_290.jpg\" width=\"589\" height=\"158\"><\/p>\n<p><p><span style=\"font-size:16px;font-family:arial, helvetica, sans-serif\"><strong><span style=\"background-color:#ff9900\"><\/span><\/strong><\/span><\/p>\n<\/p>\n<p style=\"text-align:center\">\n<div style=\"clear:both\"><\/div>\n<p><strong><span style=\"background-color:#dddddd;color:#333333\"><\/span><\/strong><\/p>\n","protected":false},"excerpt":{"rendered":"<p>Pompe \u00e0 eau submersible pour lac SUNSUN 40cbm\/h 2600W 20m HLX-350<\/p>\n","protected":false},"featured_media":5146,"comment_status":"open","ping_status":"closed","template":"","meta":[],"product_brand":[],"product_cat":[1380],"product_tag":[],"class_list":{"0":"post-38850","1":"product","2":"type-product","3":"status-publish","4":"has-post-thumbnail","6":"product_cat-pompes-a-eau-et-amp-tetes-motrices","8":"first","9":"instock","10":"shipping-taxable","11":"purchasable","12":"product-type-simple","13":"add-to-wishlist-after_add_to_cart"},"jetpack_sharing_enabled":true,"_links":{"self":[{"href":"https:\/\/www.reefshops.com\/fr\/wp-json\/wp\/v2\/product\/38850","targetHints":{"allow":["GET"]}}],"collection":[{"href":"https:\/\/www.reefshops.com\/fr\/wp-json\/wp\/v2\/product"}],"about":[{"href":"https:\/\/www.reefshops.com\/fr\/wp-json\/wp\/v2\/types\/product"}],"replies":[{"embeddable":true,"href":"https:\/\/www.reefshops.com\/fr\/wp-json\/wp\/v2\/comments?post=38850"}],"wp:featuredmedia":[{"embeddable":true,"href":"https:\/\/www.reefshops.com\/fr\/wp-json\/wp\/v2\/media\/5146"}],"wp:attachment":[{"href":"https:\/\/www.reefshops.com\/fr\/wp-json\/wp\/v2\/media?parent=38850"}],"wp:term":[{"taxonomy":"product_brand","embeddable":true,"href":"https:\/\/www.reefshops.com\/fr\/wp-json\/wp\/v2\/product_brand?post=38850"},{"taxonomy":"product_cat","embeddable":true,"href":"https:\/\/www.reefshops.com\/fr\/wp-json\/wp\/v2\/product_cat?post=38850"},{"taxonomy":"product_tag","embeddable":true,"href":"https:\/\/www.reefshops.com\/fr\/wp-json\/wp\/v2\/product_tag?post=38850"}],"curies":[{"name":"wp","href":"https:\/\/api.w.org\/{rel}","templated":true}]}}