{"id":38856,"date":"2016-09-25T23:28:21","date_gmt":"2016-09-25T23:28:21","guid":{"rendered":"https:\/\/www.reefshops.com\/product\/filtre-de-bassin-a-pression-sunsun-avec-clarificateur-uv-11-w-integre-ce-gs-cpf380\/"},"modified":"2025-03-16T08:59:26","modified_gmt":"2025-03-16T08:59:26","slug":"filtre-de-bassin-a-pression-sunsun-avec-clarificateur-uv-11-w-integre-ce-gs-cpf380","status":"publish","type":"product","link":"https:\/\/www.reefshops.com\/fr\/produit\/filtre-de-bassin-a-pression-sunsun-avec-clarificateur-uv-11-w-integre-ce-gs-cpf380\/","title":{"rendered":"Filtre de bassin \u00e0 pression SUNSUN avec clarificateur UV 11 W int\u00e9gr\u00e9 (CE, GS) CPF380"},"content":{"rendered":"<div style=\"clear:both\"><\/div>\n<p style=\"text-align:center\"><strong><span style=\"font-size:24px\"> <\/span><\/strong><\/p>\n<div id=\"ali-anchor-AliPostDhMb-6e31y\" style=\"padding-top:8px\" data-section=\"AliPostDhMb-6e31y\" data-section-title=\"nom\">\n<div id=\"ali-title-AliPostDhMb-6e31y\" style=\"border-bottom:#ddd 1px solid;padding-bottom:8px;padding-top:8px;padding-left:0px;padding-right:0px\"><span style=\"font-weight:bold;color:#333;padding-bottom:8px;padding-top:8px;padding-left:10px;line-height:12px;padding-right:10px;background-color:#ddd\">nom<\/span><\/div>\n<div style=\"padding-bottom:10px;padding-top:10px;padding-left:0px;padding-right:0px\">\n<p><img decoding=\"async\" alt=\"Filtre de bassin sous pression SUNSUN avec clarificateur UV 11w int\u00e9gr\u00e9 (CE,GS) CPF380\" src=\"http:\/\/localhost\/media\/import\/detail\/HTB11qiMJVXXXXXWXVXXq6xXFXXXQ.jpg\"><span> <\/span><\/p>\n<\/div>\n<\/div>\n<p style=\"text-align:center\">\n<p style=\"text-align:center\"><strong><span style=\"font-size:24px\">Filtre de bassin \u00e0 pression SUNSUN avec clarificateur UV 11 W int\u00e9gr\u00e9 (CE, GS) CPF380 <\/span><\/strong><\/p>\n<div id=\"ali-anchor-AliPostDhMb-pfdzc\" style=\"padding-top:8px\" data-section=\"AliPostDhMb-pfdzc\" data-section-title=\"Description du produit\">\n<div id=\"ali-title-AliPostDhMb-pfdzc\" style=\"border-bottom:#ddd 1px solid;padding-bottom:8px;padding-top:8px;padding-left:0px;padding-right:0px\"><span style=\"font-weight:bold;color:#333;padding-bottom:8px;padding-top:8px;padding-left:10px;line-height:12px;padding-right:10px;background-color:#ddd\">Description du produit<\/span><\/div>\n<div style=\"padding-bottom:10px;padding-top:10px;padding-left:0px;padding-right:0px\">\n<p><span style=\"color:#000000;background-color:#ff00ff\"><strong><span style=\"font-size:24px\">1. Caract\u00e9ristiques\u00a0:<\/span><\/strong><\/span><\/p>\n<\/div>\n<\/div>\n<p><span style=\"font-size:18px;font-family:comic sans ms,sans-serif\"> 1. Filtres \u00e0 pression efficaces avec clarificateur UVC int\u00e9gr\u00e9.<\/span><\/p>\n<p><span style=\"font-size:18px;font-family:comic sans ms,sans-serif\"> 2. Rin\u00e7age avec d\u00e9versement dans un canal comme une cascade ou un cours d&rsquo;eau, peut \u00eatre utilis\u00e9 m\u00eame si le filtre est enterr\u00e9 <\/span><\/p>\n<p><span style=\"font-size:18px;font-family:comic sans ms,sans-serif\"> dans le sol.<\/span><\/p>\n<p><span style=\"font-size:18px;font-family:comic sans ms,sans-serif\"> 3. L&rsquo;eau pollu\u00e9e est pomp\u00e9e dans un syst\u00e8me ferm\u00e9 et assis, pendant lequel une pression de service de 3 m de hauteur d&rsquo;eau <\/span><\/p>\n<p><span style=\"font-size:18px;font-family:comic sans ms,sans-serif\"> peut s&rsquo;accumuler.<\/span><\/p>\n<p><span style=\"font-size:18px;font-family:comic sans ms,sans-serif\"> 4. La technologie brevet\u00e9e facilite la maintenance.<\/span><\/p>\n<p><span style=\"font-size:18px;font-family:comic sans ms,sans-serif\"> 5. Le nouveau design rend la zone de filtrage une fois plus qu&rsquo;auparavant. Peut am\u00e9liorer l&rsquo;effet de filtrat au plus haut degr\u00e9 a<\/span><\/p>\n<p><span style=\"font-size:18px;font-family:comic sans ms,sans-serif\"> et prolonger la p\u00e9riode de maintien.<\/span><\/p>\n<\/p>\n<p> <img decoding=\"async\" alt=\"Filtre de bassin \u00e0 pression SUNSUN avec clarificateur UV 11 W int\u00e9gr\u00e9 (CE, GS) CPF380\" src=\"http:\/\/localhost\/media\/import\/detail\/721436481_342.jpg\"><\/p>\n<\/p>\n<p><span style=\"font-family:comic sans ms,sans-serif;background-color:#ff00ff\"><strong><span style=\"font-size:24px\">2.Param\u00e8tres\u00a0:<\/span><\/strong><\/span><\/p>\n<table class=\"aliDataTable\" style=\"height:300px;width:598px\" cellpadding=\"0\" border=\"1\">\n<tbody>\n<tr align=\"gauche\">\n<td valign=\"top\">\n<p><span style=\"font-size:18px;font-family:comic sans ms,sans-serif\">1.Item<\/span><\/p>\n<\/td>\n<td style=\"width:197.05pt\" valign=\"top\">\n<p><span style=\"font-size:18px;font-family:comic sans ms,sans-serif\">Filtre d&rsquo;\u00e9tang SUNSUN<\/span><\/p>\n<\/td>\n<\/tr>\n<tr style=\"height:15.6pt\" align=\"gauche\">\n<td valign=\"top\">\n<p><span style=\"font-size:18px;font-family:comic sans ms,sans-serif\">2.Mod\u00e8le<\/span><\/p>\n<\/td>\n<td style=\"width:197.05pt\" valign=\"top\">\n<p><span style=\"font-size:18px;font-family:comic sans ms,sans-serif\">CPF-380<\/span><\/p>\n<\/td>\n<\/tr>\n<tr align=\"left\">\n<td valign=\"top\">\n<p><span style=\"font-size:18px;font-family:comic sans ms,sans-serif\">3.Puissance des UV-C<\/span><\/p>\n<\/td>\n<td valign=\"top\">\n<p><span style=\"font-size:18px;font-family:comic sans ms,sans-serif\">11W<\/span><\/p>\n<\/td>\n<\/tr>\n<tr align=\"left\">\n<td valign=\"top\">\n<p><span style=\"font-size:18px;font-family:comic sans ms,sans-serif\">4. Flux maximum<\/span><\/p>\n<\/td>\n<td valign=\"top\">\n<p><span style=\"font-size:18px;font-family:comic sans ms,sans-serif\">10\u00a0000\u00a0L\/h<\/span><\/p>\n<\/td>\n<\/tr>\n<tr align=\"left\">\n<td valign=\"top\">\n<p><span style=\"font-size:18px;font-family:comic sans ms,sans-serif\">5. Surface de la cr\u00e9pine<\/span><\/p>\n<\/td>\n<td valign=\"top\">\n<p><span style=\"font-size:18px;font-family:comic sans ms,sans-serif\"><span style=\"font-size:large\">20 m?<\/span> <\/span><\/p>\n<\/td>\n<\/tr>\n<tr align=\"left\">\n<td valign=\"top\">\n<p><span style=\"font-size:18px;font-family:comic sans ms,sans-serif\">6. Convient aux \u00e9tangs avec des poissons<\/span><\/p>\n<\/td>\n<td valign=\"top\">\n<p><span style=\"font-size:18px;font-family:comic sans ms,sans-serif\"><span style=\"font-size:large\">6m?<\/span> <\/span><\/p>\n<\/td>\n<\/tr>\n<tr align=\"left\">\n<td valign=\"top\">\n<p><span style=\"font-size:18px;font-family:comic sans ms,sans-serif\">7. Convient aux \u00e9tangs d\u00e9coratifs <\/span><\/p>\n<\/td>\n<td valign=\"top\">\n<p><span style=\"font-size:large;font-family:comic sans ms,sans-serif\"><span style=\"font-size:large\"><span style=\"font-size:x-large\"><span style=\"font-size:large\">12<\/span>m?<\/span><\/span> <\/span><\/p>\n<\/td>\n<\/tr>\n<tr align=\"left\">\n<td valign=\"top\">\n<p><span style=\"font-size:18px;font-family:comic sans ms,sans-serif\">8.Volume r\u00e9el<\/span><\/p>\n<\/td>\n<td valign=\"top\">\n<p><span style=\"font-size:18px;font-family:comic sans ms,sans-serif\">25L<\/span><\/p>\n<\/td>\n<\/tr>\n<tr align=\"left\">\n<td valign=\"top\">\n<p><span style=\"font-size:18px;font-family:comic sans ms,sans-serif\">9.Dimensions<\/span><\/p>\n<\/td>\n<td valign=\"top\">\n<p><span style=\"font-size:18px;font-family:comic sans ms,sans-serif\">380*380*530mm<\/span><\/p>\n<\/td>\n<\/tr>\n<tr align=\"left\">\n<td valign=\"top\">\n<p><span style=\"font-size:18px;font-family:comic sans ms,sans-serif\">10.Marque<\/span><\/p>\n<\/td>\n<td valign=\"top\">\n<p><span style=\"font-size:18px;font-family:comic sans ms,sans-serif\">SUNSUN<\/span><\/p>\n<\/td>\n<\/tr>\n<tr align=\"left\">\n<td valign=\"top\">\n<p><span style=\"font-size:18px;font-family:comic sans ms,sans-serif\">11. Point de vente <\/span><\/p>\n<\/td>\n<td valign=\"top\">\n<p><span style=\"font-size:18px;font-family:comic sans ms,sans-serif\">Marque chinoise bien connue\u00a0; s\u00fbr et fiable\u00a0; Filtre de presse Bio Pond <\/span><\/p>\n<\/td>\n<\/tr>\n<\/tbody>\n<\/table>\n<p><span style=\"font-size:18px;font-family:times new roman,times\"> <\/span><\/p>\n<p><span style=\"font-family:comic sans ms,sans-serif;background-color:#ff00ff\"><strong><span style=\"font-size:24px\">3.Les utilisations\u00a0:<\/span><\/strong><\/span><\/p>\n<\/p>\n<p><img loading=\"lazy\" decoding=\"async\" alt=\"Filtre de bassin \u00e0 pression SUNSUN avec clarificateur UV 11w int\u00e9gr\u00e9 (CE,GS) CPF380\" src=\"http:\/\/localhost\/media\/import\/detail\/702245945_113.jpg\" width=\"600\" height=\"600\"> <\/p>\n<p><span style=\"font-size:18px\"><img loading=\"lazy\" decoding=\"async\" alt=\"Filtre de bassin sous pression SUNSUN avec clarificateur UV 11 W int\u00e9gr\u00e9 (CE, GS) CPF380\" src=\"http:\/\/localhost\/media\/import\/detail\/701879133_225.jpg\" width=\"600\" height=\"600\"><\/span><\/p>\n<\/p>\n<p><span style=\"font-family:comic sans ms,sans-serif;background-color:#ff00ff\"><strong><span style=\"font-size:24px\">4.Autres mod\u00e8les\u00a0:<\/span><\/strong> <\/span><\/p>\n<p><span style=\"background-color:#ff0000\"><strong><span style=\"font-size:24px;font-family:times new roman,times\"><img loading=\"lazy\" decoding=\"async\" alt=\"Filtre de bassin \u00e0 pression SUNSUN avec clarificateur UV 11w int\u00e9gr\u00e9 (CE,GS) CPF380\" src=\"http:\/\/localhost\/media\/import\/detail\/481484123_442.jpg\" width=\"573\" height=\"396\"><\/span><\/strong><\/span><\/p>\n<\/p>\n<p><span style=\"background-color:#ff0000\"><strong><span style=\"font-size:24px;font-family:times new roman,times\"><img loading=\"lazy\" decoding=\"async\" alt=\"Filtre de bassin sous pression SUNSUN avec clarificateur UV 11w int\u00e9gr\u00e9 (CE,GS) CPF380\" src=\"http:\/\/localhost\/media\/import\/detail\/481488111_541.jpg\" width=\"600\" height=\"336\"><\/span><\/strong><\/span><\/p>\n<p> <img decoding=\"async\" alt=\"Filtre de bassin sous pression SUNSUN avec clarificateur UV 11 W int\u00e9gr\u00e9 (CE, GS) CPF380\" src=\"http:\/\/localhost\/media\/import\/detail\/721438871_184.jpg\"><\/p>\n<\/p>\n<p> <img decoding=\"async\" alt=\"Filtre de bassin sous pression SUNSUN avec clarificateur UV 11w int\u00e9gr\u00e9 (CE,GS) CPF380\" src=\"http:\/\/localhost\/media\/import\/detail\/721439570_938.jpg\"><\/p>\n<\/p>\n<\/p>\n<p style=\"text-align:center\">\n<p style=\"text-align:center\"><span style=\"font-size:18px;font-family:comic sans ms,sans-serif;color:#ff00ff\"><strong><span style=\"font-style:italic\"><\/span><\/strong><\/span><\/p><\/p>\n","protected":false},"excerpt":{"rendered":"<p>Filtre de bassin \u00e0 pression SUNSUN avec clarificateur UV 11 W int\u00e9gr\u00e9 (CE, GS) CPF380<\/p>\n","protected":false},"featured_media":5158,"comment_status":"open","ping_status":"closed","template":"","meta":[],"product_brand":[],"product_cat":[1380],"product_tag":[],"class_list":{"0":"post-38856","1":"product","2":"type-product","3":"status-publish","4":"has-post-thumbnail","6":"product_cat-pompes-a-eau-et-amp-tetes-motrices","8":"first","9":"instock","10":"shipping-taxable","11":"purchasable","12":"product-type-simple","13":"add-to-wishlist-after_add_to_cart"},"jetpack_sharing_enabled":true,"_links":{"self":[{"href":"https:\/\/www.reefshops.com\/fr\/wp-json\/wp\/v2\/product\/38856","targetHints":{"allow":["GET"]}}],"collection":[{"href":"https:\/\/www.reefshops.com\/fr\/wp-json\/wp\/v2\/product"}],"about":[{"href":"https:\/\/www.reefshops.com\/fr\/wp-json\/wp\/v2\/types\/product"}],"replies":[{"embeddable":true,"href":"https:\/\/www.reefshops.com\/fr\/wp-json\/wp\/v2\/comments?post=38856"}],"wp:featuredmedia":[{"embeddable":true,"href":"https:\/\/www.reefshops.com\/fr\/wp-json\/wp\/v2\/media\/5158"}],"wp:attachment":[{"href":"https:\/\/www.reefshops.com\/fr\/wp-json\/wp\/v2\/media?parent=38856"}],"wp:term":[{"taxonomy":"product_brand","embeddable":true,"href":"https:\/\/www.reefshops.com\/fr\/wp-json\/wp\/v2\/product_brand?post=38856"},{"taxonomy":"product_cat","embeddable":true,"href":"https:\/\/www.reefshops.com\/fr\/wp-json\/wp\/v2\/product_cat?post=38856"},{"taxonomy":"product_tag","embeddable":true,"href":"https:\/\/www.reefshops.com\/fr\/wp-json\/wp\/v2\/product_tag?post=38856"}],"curies":[{"name":"wp","href":"https:\/\/api.w.org\/{rel}","templated":true}]}}