{"id":38887,"date":"2016-09-25T23:28:22","date_gmt":"2016-09-25T23:28:22","guid":{"rendered":"https:\/\/www.reefshops.com\/product\/pompes-a-air-daquarium-sunsun-65w-35kpa-57l-min-ht-651-ideales-pour-fournir-une-pression-dair-aux-filtres-sous-gravier-et-a-caissons\/"},"modified":"2025-03-16T08:59:35","modified_gmt":"2025-03-16T08:59:35","slug":"pompes-a-air-daquarium-sunsun-65w-35kpa-57l-min-ht-651-ideales-pour-fournir-une-pression-dair-aux-filtres-sous-gravier-et-a-caissons","status":"publish","type":"product","link":"https:\/\/www.reefshops.com\/fr\/produit\/pompes-a-air-daquarium-sunsun-65w-35kpa-57l-min-ht-651-ideales-pour-fournir-une-pression-dair-aux-filtres-sous-gravier-et-a-caissons\/","title":{"rendered":"Pompes \u00e0 air d&rsquo;aquarium SUNSUN 65W 35kPa 57L\/min HT-651, id\u00e9ales pour fournir une pression d&rsquo;air aux filtres sous gravier et \u00e0 caissons"},"content":{"rendered":"<div style=\"clear:both\"><\/div>\n<p><span style=\"font-size:18px\"><strong>Pompes \u00e0 air d&rsquo;aquarium SUNSUN 65W 35kPa 57L\/min HT-651<\/strong><\/span><\/p>\n<div id=\"ali-anchor-AliPostDhMb-yisoh\" style=\"padding-top:8px\" data-section-title=\"Description du produit\" data-section=\"AliPostDhMb-yisoh\">\n<div id=\"ali-title-AliPostDhMb-yisoh\" style=\"border-bottom:#ddd 1px solid;padding-bottom:8px;padding-top:8px;padding-left:0px;padding-right:0px\"><span style=\"font-weight:bold;color:#333;padding-bottom:8px;padding-top:8px;padding-left:10px;line-height:12px;padding-right:10px;background-color:#ddd\">Description du produit<\/span><\/div>\n<div style=\"padding-bottom:10px;padding-top:10px;padding-left:0px;padding-right:0px\">\n<div style=\"height:42px;width:750px\">\n<div style=\"height:42px;float:left;width:25px;background-color:#00ccff\"> <\/div>\n<div style=\"float:droite;padding-bottom:5px;padding-top:5px;padding-left:0px;padding-right:0px;background-color:#0099ff\">\n<div style=\"font-size:24px;border-top:#ffffff 1px solid;font-family:Arial;border-bottom:#ffffff 1px solid;font-weight:bold;font-style:italic;padding-left:10px;line-height:30px;width:720px\">Affichage du produit<\/div>\n<\/div>\n<\/div>\n<\/div>\n<\/div>\n<p><strong><span style=\"font-size:16px\">CARACT\u00c9RISTIQUE\u00a0:<\/span><\/strong><\/p>\n<p><span style=\"font-size:14px\">Cette pompe \u00e0 air pour l&rsquo;industrie est id\u00e9ale pour fournir une pression d&rsquo;air aux filtres sous gravier et \u00e0 caisson, aux pierres \u00e0 air et aux \u00e9cumeurs de prot\u00e9ines qui utilisent des pierres \u00e0 air en c\u00e9ramique. Il est facilement r\u00e9glable, avec une commande pour modifier le circuit magn\u00e9tique au-dessus de la pompe. \u00c0 la fois durable et efficace.<\/span><\/p>\n<p><span style=\"font-size:14px\"><img decoding=\"async\" alt=\"Pompes \u00e0 air d'aquarium SUNSUN 65W 35kPa 57L\/min HT-651\" src=\"http:\/\/localhost\/media\/import\/detail\/HTB12RuHGVXXXXbiXXXXq6xXFXXXU.jpg\"><img decoding=\"async\" alt=\"SUNSUN Aquarium Air Pompes 65W 35kPa 57L\/min HT-651\" src=\"http:\/\/localhost\/media\/import\/detail\/HTB1asOEGVXXXXaAXpXXq6xXFXXX8.jpg\"><img decoding=\"async\" alt=\"SUNSUN Aquarium Air Pompes 65W 35kPa 57L\/min HT-651\" src=\"http:\/\/localhost\/media\/import\/detail\/HTB168GJGVXXXXXpXXXXq6xXFXXX2.jpg\"><img decoding=\"async\" alt=\"SUNSUN Pompes \u00e0 air pour aquarium 65W 35kPa 57L\/min HT-651\" src=\"http:\/\/localhost\/media\/import\/detail\/HTB1Uw5FGVXXXXc0XXXXq6xXFXXXi.jpg\"><img decoding=\"async\" alt=\"SUNSUN Pompes \u00e0 air pour aquarium 65W 35kPa 57L\/min HT-651\" src=\"http:\/\/localhost\/media\/import\/detail\/HTB1.sCzGVXXXXbSXFXXq6xXFXXXY.jpg\"><img decoding=\"async\" alt=\"SUNSUN Pompes \u00e0 air d'aquarium 65W 35kPa 57L\/min HT-651\" src=\"http:\/\/localhost\/media\/import\/detail\/HTB1XAOBGVXXXXXqXFXXq6xXFXXXc.jpg\"><\/span><\/p>\n<p data-section-blank=\"AliPostDhMb-ajolc\">\n<div id=\"ali-anchor-AliPostDhMb-ajolc\" style=\"padding-top:8px\" data-section-title=\"Informations sur la soci\u00e9t\u00e9\" data-section=\"AliPostDhMb-ajolc\"> <\/div>\n","protected":false},"excerpt":{"rendered":"<p>Pompes \u00e0 air d&rsquo;aquarium SUNSUN 65W 35kPa 57L\/min HT-651, id\u00e9ales pour fournir une pression d&rsquo;air aux filtres sous gravier et \u00e0 caissons<\/p>\n","protected":false},"featured_media":5220,"comment_status":"open","ping_status":"closed","template":"","meta":[],"product_brand":[],"product_cat":[1382],"product_tag":[],"class_list":{"0":"post-38887","1":"product","2":"type-product","3":"status-publish","4":"has-post-thumbnail","6":"product_cat-pompes-a-air-et-amp-fournitures","8":"first","9":"instock","10":"shipping-taxable","11":"purchasable","12":"product-type-simple","13":"add-to-wishlist-after_add_to_cart"},"jetpack_sharing_enabled":true,"_links":{"self":[{"href":"https:\/\/www.reefshops.com\/fr\/wp-json\/wp\/v2\/product\/38887","targetHints":{"allow":["GET"]}}],"collection":[{"href":"https:\/\/www.reefshops.com\/fr\/wp-json\/wp\/v2\/product"}],"about":[{"href":"https:\/\/www.reefshops.com\/fr\/wp-json\/wp\/v2\/types\/product"}],"replies":[{"embeddable":true,"href":"https:\/\/www.reefshops.com\/fr\/wp-json\/wp\/v2\/comments?post=38887"}],"wp:featuredmedia":[{"embeddable":true,"href":"https:\/\/www.reefshops.com\/fr\/wp-json\/wp\/v2\/media\/5220"}],"wp:attachment":[{"href":"https:\/\/www.reefshops.com\/fr\/wp-json\/wp\/v2\/media?parent=38887"}],"wp:term":[{"taxonomy":"product_brand","embeddable":true,"href":"https:\/\/www.reefshops.com\/fr\/wp-json\/wp\/v2\/product_brand?post=38887"},{"taxonomy":"product_cat","embeddable":true,"href":"https:\/\/www.reefshops.com\/fr\/wp-json\/wp\/v2\/product_cat?post=38887"},{"taxonomy":"product_tag","embeddable":true,"href":"https:\/\/www.reefshops.com\/fr\/wp-json\/wp\/v2\/product_tag?post=38887"}],"curies":[{"name":"wp","href":"https:\/\/api.w.org\/{rel}","templated":true}]}}