{"id":38908,"date":"2016-09-25T23:28:23","date_gmt":"2016-09-25T23:28:23","guid":{"rendered":"https:\/\/www.reefshops.com\/product\/sunsun-ce-gs-20w-lampe-sterilisateur-uv-pour-aquarium-cuv-218\/"},"modified":"2025-03-16T08:59:40","modified_gmt":"2025-03-16T08:59:40","slug":"sunsun-ce-gs-20w-lampe-sterilisateur-uv-pour-aquarium-cuv-218","status":"publish","type":"product","link":"https:\/\/www.reefshops.com\/fr\/produit\/sunsun-ce-gs-20w-lampe-sterilisateur-uv-pour-aquarium-cuv-218\/","title":{"rendered":"SUNSUN CE\/GS 20W Lampe St\u00e9rilisateur UV pour Aquarium CUV-218"},"content":{"rendered":"<div style=\"clear:both\"><\/div>\n<div id=\"ali-anchor-AliPostDhMb-xpbqz\" style=\"padding-top:8px\" data-section-title=\"nom\" data-section=\"AliPostDhMb-xpbqz\">\n<div id=\"ali-title-AliPostDhMb-xpbqz\" style=\"border-bottom:#ddd 1px solid;padding-bottom:8px;padding-top:8px;padding-left:0px;padding-right:0px\"><span style=\"font-weight:bold;color:#333;padding-bottom:8px;padding-top:8px;padding-left:10px;line-height:12px;padding-right:10px;background-color:#ddd\">nom<\/span><\/div>\n<div style=\"padding-bottom:10px;padding-top:10px;padding-left:0px;padding-right:0px\">\n<p><img decoding=\"async\" alt=\"Lampe st\u00e9rilisatrice UV pour aquarium SUNSUN CE\/GS 20W\" src=\"http:\/\/localhost\/media\/import\/detail\/HTB11qiMJVXXXXXWXVXXq6xXFXXXQ.jpg\"><span> <\/span><\/p>\n<\/div>\n<\/div>\n<p align=\"center\">\n<p align=\"center\"><strong><span style=\"font-size:24px;font-family:arial, helvetica, sans-serif;color:#000000\"> Lampe st\u00e9rilisatrice UV pour aquarium SUNSUN CE\/GS 20W <\/span><\/strong> <\/p>\n<p style=\"text-align:left\"><strong><\/strong> <\/p>\n<p style=\"text-align:left\"><strong><\/strong> <\/p>\n<div id=\"ali-anchor-AliPostDhMb-vhgwk\" style=\"padding-top:8px\" data-section-title=\"Description du produit\" data-section=\"AliPostDhMb-vhgwk\">\n<div id=\"ali-title-AliPostDhMb-vhgwk\" style=\"border-bottom:#ddd 1px solid;padding-bottom:8px;padding-top:8px;padding-left:0px;padding-right:0px\"><span style=\"font-weight:bold;color:#333;padding-bottom:8px;padding-top:8px;padding-left:10px;line-height:12px;padding-right:10px;background-color:#ddd\">Description du produit<\/span><\/div>\n<div style=\"padding-bottom:10px;padding-top:10px;padding-left:0px;padding-right:0px\">\n<p><span style=\"font-family:arial, helvetica, sans-serif\"><strong><span style=\"font-size:18px;color:#ff9900\">1. Description du produit<\/span><\/strong><\/span><\/p>\n<\/div>\n<\/div>\n<p style=\"text-align:left\"><span style=\"font-family:arial, helvetica, sans-serif\"> <\/span><\/p>\n<p style=\"text-align:left\"><span style=\"font-family:arial, helvetica, sans-serif\"><span style=\"font-size:14px\">1. Il est utilis\u00e9<\/span><strong><\/strong><span style=\"font-size:12px\"><span style=\"font-size:14px\"><span style=\"float:none\">pour former un \u00e9l\u00e9ment cl\u00e9 d&rsquo;un syst\u00e8me d&rsquo;eau claire. La lumi\u00e8re UV provoque l&rsquo;agglom\u00e9ration (floculation) des algues (eau verte) afin qu&rsquo;elles puissent \u00eatre filtr\u00e9es hors de l&rsquo;eau par le filtre.<\/span> <\/span> <\/span><\/span><\/p>\n<p style=\"text-align:left\"><span style=\"font-family:arial, helvetica, sans-serif\"> <\/span><\/p>\n<p style=\"text-align:left\"><span style=\"font-size:14px;font-family:arial, helvetica, sans-serif\"><span style=\"color:#000000\">2. L&rsquo;int\u00e9rieur en acier inoxydable refl\u00e8te le rayonnement UV-C, ce qui augmente l&rsquo;efficacit\u00e9 <\/span><span style=\"color:#000000\">jusqu&rsquo;\u00e0 30 %. De plus, cet int\u00e9rieur en acier inoxydable prot\u00e8ge <\/span><span style=\"color:#000000\">le corps en plastique contre le rayonnement UV-C.<\/span><\/span><\/p>\n<p style=\"text-align:left\"><span style=\"font-family:arial, helvetica, sans-serif\"> <\/span><\/p>\n<p style=\"text-align:left\"><span style=\"font-family:arial, helvetica, sans-serif\"> <\/span><\/p>\n<p style=\"text-align:left\"><span style=\"font-size:14px;font-family:arial, helvetica, sans-serif;color:#000000\">3. Ces appareils UV-C (y compris le bo\u00eetier) sont dot\u00e9s d&rsquo;une connexion \u00e0 la terre, ce qui est plus s\u00fbr.<\/span><\/p>\n<p style=\"text-align:left\"><span style=\"font-family:arial, helvetica, sans-serif\"> <\/span><\/p>\n<p style=\"text-align:left\"><span style=\"font-family:arial, helvetica, sans-serif\"> <\/span><\/p>\n<p style=\"text-align:left\"><span style=\"font-size:14px;font-family:arial, helvetica, sans-serif\"><span style=\"color:#000000\">4. Gr\u00e2ce \u00e0 une conception de connexion sp\u00e9ciale, ces appareils UV-C peuvent fonctionner \u00e0 <\/span><span style=\"color:#000000\">10 m\u00e8tres maximum sous la pression de l&rsquo;eau.<\/span><\/span><\/p>\n<p style=\"text-align:left\"><span style=\"font-family:arial, helvetica, sans-serif\"> <\/span><\/p>\n<p style=\"text-align:left\"><span style=\"font-family:arial, helvetica, sans-serif\"><strong><\/strong> <\/span><\/p>\n<p><span style=\"font-family:arial, helvetica, sans-serif\"><strong><span style=\"font-size:18px;color:#ff9900;background-color:#ffffff\">2. D\u00e9tails de la lampe st\u00e9rilisatrice UV d&rsquo;aquarium CUV-218 <\/span><\/strong> <\/span><\/p>\n<p><span style=\"font-family:arial, helvetica, sans-serif\"> <\/span><\/p>\n<p><img loading=\"lazy\" decoding=\"async\" alt=\"Lampe st\u00e9rilisatrice UV d'aquarium SUNSUN CE\/GS 20W\" src=\"http:\/\/localhost\/media\/import\/detail\/698259109_468.jpg\" width=\"601\" height=\"208\"><img decoding=\"async\" alt=\"SUNSUN CE\/GS 20W Lampe st\u00e9rilisatrice UV pour aquarium\" src=\"http:\/\/localhost\/media\/import\/detail\/708805520_605.jpg\"><img loading=\"lazy\" decoding=\"async\" alt=\"Lampe st\u00e9rilisatrice UV pour aquarium SUNSUN CE\/GS 20W\" src=\"http:\/\/localhost\/media\/import\/detail\/706259393_611.jpg\" width=\"591\" height=\"181\"><\/p>\n<\/p>\n<div id=\"ali-anchor-AliPostDhMb-jyiph\" style=\"padding-top:8px\" data-section-title=\"Informations sur la soci\u00e9t\u00e9\" data-section=\"AliPostDhMb-jyiph\"><strong><span style=\"background-color:#dddddd;color:#333333\"><\/span><\/strong> <\/div>\n","protected":false},"excerpt":{"rendered":"<p>SUNSUN CE\/GS 20W Lampe St\u00e9rilisateur UV pour Aquarium CUV-218<\/p>\n","protected":false},"featured_media":5262,"comment_status":"open","ping_status":"closed","template":"","meta":[],"product_brand":[],"product_cat":[1338],"product_tag":[],"class_list":{"0":"post-38908","1":"product","2":"type-product","3":"status-publish","4":"has-post-thumbnail","6":"product_cat-filtres-pour-aquariums","8":"first","9":"instock","10":"shipping-taxable","11":"purchasable","12":"product-type-simple","13":"add-to-wishlist-after_add_to_cart"},"jetpack_sharing_enabled":true,"_links":{"self":[{"href":"https:\/\/www.reefshops.com\/fr\/wp-json\/wp\/v2\/product\/38908","targetHints":{"allow":["GET"]}}],"collection":[{"href":"https:\/\/www.reefshops.com\/fr\/wp-json\/wp\/v2\/product"}],"about":[{"href":"https:\/\/www.reefshops.com\/fr\/wp-json\/wp\/v2\/types\/product"}],"replies":[{"embeddable":true,"href":"https:\/\/www.reefshops.com\/fr\/wp-json\/wp\/v2\/comments?post=38908"}],"wp:featuredmedia":[{"embeddable":true,"href":"https:\/\/www.reefshops.com\/fr\/wp-json\/wp\/v2\/media\/5262"}],"wp:attachment":[{"href":"https:\/\/www.reefshops.com\/fr\/wp-json\/wp\/v2\/media?parent=38908"}],"wp:term":[{"taxonomy":"product_brand","embeddable":true,"href":"https:\/\/www.reefshops.com\/fr\/wp-json\/wp\/v2\/product_brand?post=38908"},{"taxonomy":"product_cat","embeddable":true,"href":"https:\/\/www.reefshops.com\/fr\/wp-json\/wp\/v2\/product_cat?post=38908"},{"taxonomy":"product_tag","embeddable":true,"href":"https:\/\/www.reefshops.com\/fr\/wp-json\/wp\/v2\/product_tag?post=38908"}],"curies":[{"name":"wp","href":"https:\/\/api.w.org\/{rel}","templated":true}]}}