{"id":38912,"date":"2016-09-25T23:28:23","date_gmt":"2016-09-25T23:28:23","guid":{"rendered":"https:\/\/www.reefshops.com\/product\/sunsun-ce-gs-lampe-de-sterilisation-uv-80w-de-bonne-qualite\/"},"modified":"2025-03-16T08:59:41","modified_gmt":"2025-03-16T08:59:41","slug":"sunsun-ce-gs-lampe-de-sterilisation-uv-80w-de-bonne-qualite","status":"publish","type":"product","link":"https:\/\/www.reefshops.com\/fr\/produit\/sunsun-ce-gs-lampe-de-sterilisation-uv-80w-de-bonne-qualite\/","title":{"rendered":"SUNSUN CE\/GS lampe de st\u00e9rilisation UV 80W de bonne qualit\u00e9"},"content":{"rendered":"<div style=\"clear:both\"><\/div>\n<p style=\"text-align:center\"> <strong><span style=\"font-size:18pt;font-family:'Comic Sans MS';color:#ff9900\">Notre promesse SUNSUN\u00a0:<\/span><\/strong> <\/p>\n<p align=\"center\"><span style=\"font-size:18pt;font-family:'Comic Sans MS';color:green\">1. Tous les produits sont des produits originaux SUNSUN<\/span><\/p>\n<p align=\"center\"><span style=\"font-size:18pt;font-family:'Comic Sans MS';color:green\">2. Garantie\u00a0: un an<\/span> <\/p>\n<p align=\"center\"><span style=\"font-size:18pt;font-family:'Comic Sans MS';color:green\">3. Emballage SUNSUN<\/span><\/p>\n<p align=\"center\"><span style=\"font-size:18pt;font-family:'Comic Sans MS'\">&#8230;&#8230;&#8230;&#8230;&#8230;&#8230;&#8230;&#8230;&#8230;&#8230;&#8230;&#8230;&#8230;&#8230;&#8230;&#8230;&#8230;&#8230;&#8230;&#8230;&#8230;&#8230;&#8230;&#8230;&#8230;&#8230;..<\/span><\/p>\n<p align=\"center\">\n<p align=\"center\"><span style=\"font-size:24px;font-family:'Comic Sans MS';background-color:#ffff00\"><span style=\"color:#33cccc\"><em> SUNSUN CE\/GS Lampe de st\u00e9rilisation UV 80W de bonne qualit\u00e9 <\/em><\/span><\/span><strong><\/strong> <\/p>\n<p style=\"text-align:left\"><strong><\/strong> <\/p>\n<p style=\"text-align:left\"><strong><span style=\"font-size:18px;color:#ff9900\">1. Description du produit<\/span><\/strong><\/p>\n<p style=\"text-align:left\">\n<p style=\"text-align:left\"><span style=\"font-size:14px;font-family:comic sans ms,sans-serif;color:#000000\">1. Il est utilis\u00e9<\/span><strong><\/strong><span style=\"color:#000000\"><span style=\"font-size:14px;font-family:comic sans ms,sans-serif\"><span style=\"float:none;text-align:left;background-color:#ffffff\">pour former un \u00e9l\u00e9ment cl\u00e9 d&rsquo;un syst\u00e8me d&rsquo;eau claire. La lumi\u00e8re UV provoque l&rsquo;agglom\u00e9ration (floculation) des algues (eau verte) afin qu&rsquo;elles puissent \u00eatre filtr\u00e9es hors de l&rsquo;eau par le filtre.<\/span> <\/span> <\/span><\/p>\n<p style=\"text-align:left\">\n<p style=\"text-align:left\"><span style=\"font-size:14px;font-family:comic sans ms,sans-serif\"><span>2. L&rsquo;int\u00e9rieur en acier inoxydable refl\u00e8te le rayonnement UV-C, ce qui augmente l&rsquo;efficacit\u00e9 <\/span><span style=\"color:#000000\">jusqu&rsquo;\u00e0 30 %. De plus, cet int\u00e9rieur en acier inoxydable prot\u00e8ge <\/span><span style=\"color:#000000\">le corps en plastique contre le rayonnement UV-C.<\/span><\/span><\/p>\n<p style=\"text-align:left\">\n<p style=\"text-align:left\"><span style=\"font-size:14px;font-family:comic sans ms,sans-serif;color:#000000\">3. Ces appareils UV-C (y compris le bo\u00eetier) sont dot\u00e9s d&rsquo;une connexion \u00e0 la terre, ce qui est plus s\u00fbr.<\/span><\/p>\n<p style=\"text-align:left\">\n<p style=\"text-align:left\"><span style=\"font-size:14px;font-family:comic sans ms,sans-serif\"><span style=\"color:#000000\">4. Gr\u00e2ce \u00e0 une conception de connexion sp\u00e9ciale, ces appareils UV-C peuvent fonctionner \u00e0 <\/span><span style=\"color:#000000\">10 m\u00e8tres maximum sous la pression de l&rsquo;eau.<\/span><\/span><\/p>\n<p style=\"text-align:left\"><strong><\/strong> <\/p>\n<p><span style=\"font-family:arial, helvetica, sans-serif\"><strong><span style=\"font-size:18px;color:#ff9900;background-color:#ffffff\">2. D\u00e9tails de la lampe de st\u00e9rilisation UV CUV-272 <\/span><\/strong><\/span><\/p>\n<\/p>\n<p><img loading=\"lazy\" decoding=\"async\" alt=\"SUNSUN CE\/GS lampe de st\u00e9rilisation UV 80W de bonne qualit\u00e9\" src=\"http:\/\/localhost\/media\/import\/detail\/698259109_468.jpg\" width=\"601\" height=\"208\"><img decoding=\"async\" alt=\"SUNSUN CE\/GS Lampe de st\u00e9rilisation UV 80W de bonne qualit\u00e9\" src=\"http:\/\/localhost\/media\/import\/detail\/708869382_233.jpg\"><\/p>\n<p><img loading=\"lazy\" decoding=\"async\" alt=\"SUNSUN CE\/GS St\u00e9rilisation UV 80W de bonne qualit\u00e9 Lampe\" src=\"http:\/\/localhost\/media\/import\/detail\/706259393_611.jpg\" width=\"597\" height=\"181\"><\/p>\n<div style=\"clear:both\"><\/div>\n","protected":false},"excerpt":{"rendered":"<p>SUNSUN CE\/GS lampe de st\u00e9rilisation UV 80W de bonne qualit\u00e9<\/p>\n","protected":false},"featured_media":5270,"comment_status":"open","ping_status":"closed","template":"","meta":[],"product_brand":[],"product_cat":[1338],"product_tag":[],"class_list":{"0":"post-38912","1":"product","2":"type-product","3":"status-publish","4":"has-post-thumbnail","6":"product_cat-filtres-pour-aquariums","8":"first","9":"instock","10":"shipping-taxable","11":"purchasable","12":"product-type-simple","13":"add-to-wishlist-after_add_to_cart"},"jetpack_sharing_enabled":true,"_links":{"self":[{"href":"https:\/\/www.reefshops.com\/fr\/wp-json\/wp\/v2\/product\/38912","targetHints":{"allow":["GET"]}}],"collection":[{"href":"https:\/\/www.reefshops.com\/fr\/wp-json\/wp\/v2\/product"}],"about":[{"href":"https:\/\/www.reefshops.com\/fr\/wp-json\/wp\/v2\/types\/product"}],"replies":[{"embeddable":true,"href":"https:\/\/www.reefshops.com\/fr\/wp-json\/wp\/v2\/comments?post=38912"}],"wp:featuredmedia":[{"embeddable":true,"href":"https:\/\/www.reefshops.com\/fr\/wp-json\/wp\/v2\/media\/5270"}],"wp:attachment":[{"href":"https:\/\/www.reefshops.com\/fr\/wp-json\/wp\/v2\/media?parent=38912"}],"wp:term":[{"taxonomy":"product_brand","embeddable":true,"href":"https:\/\/www.reefshops.com\/fr\/wp-json\/wp\/v2\/product_brand?post=38912"},{"taxonomy":"product_cat","embeddable":true,"href":"https:\/\/www.reefshops.com\/fr\/wp-json\/wp\/v2\/product_cat?post=38912"},{"taxonomy":"product_tag","embeddable":true,"href":"https:\/\/www.reefshops.com\/fr\/wp-json\/wp\/v2\/product_tag?post=38912"}],"curies":[{"name":"wp","href":"https:\/\/api.w.org\/{rel}","templated":true}]}}