{"id":38942,"date":"2016-09-25T23:28:25","date_gmt":"2016-09-25T23:28:25","guid":{"rendered":"https:\/\/www.reefshops.com\/product\/sunsun-20w-12v-lampe-de-fontaine-detang-de-jardin-cqd-235\/"},"modified":"2025-03-16T08:59:49","modified_gmt":"2025-03-16T08:59:49","slug":"sunsun-20w-12v-lampe-de-fontaine-detang-de-jardin-cqd-235","status":"publish","type":"product","link":"https:\/\/www.reefshops.com\/fr\/produit\/sunsun-20w-12v-lampe-de-fontaine-detang-de-jardin-cqd-235\/","title":{"rendered":"SUNSUN 20W 12V lampe de fontaine d&rsquo;\u00e9tang de jardin CQD-235"},"content":{"rendered":"<div style=\"clear:both\"><\/div>\n<p><span style=\"font-size:10.5pt;font-family:'Arial'\"> <span style=\"color:#0000ff;background-color:#ffff00\"><span style=\"font-size:24px\">SUNSUN 20W 12V Lampe de Fontaine d&rsquo;\u00c9tang de Jardin<\/span> <\/span><\/span><\/p>\n<\/p>\n<p><span style=\"font-size:18px;font-family:'Arial';color:#ff6600;background-color:#ffffff\"> <strong>Pr\u00e9sentation du produit<\/strong><\/span><\/p>\n<\/p>\n<p><span style=\"font-family:comic sans ms,sans-serif\"><span style=\"font-size:10.5pt\">1. Avec le transformateur \u00e9tanche \u00e0 usage ext\u00e9rieur. la basse tension le rend s\u00fbr.<\/span><\/span><\/p>\n<\/p>\n<p><span style=\"font-size:10.5pt;font-family:comic sans ms,sans-serif\">2. Le produit est \u00e9quip\u00e9 de supports et de poteaux, ce qui peut l&rsquo;aider<\/span><\/p>\n<p><span style=\"font-family:comic sans ms,sans-serif\"><span style=\"font-size:10.5pt\"> fix\u00e9 beaucoup plus fermement sur le pipeline ou sur la terre.<\/span><\/span><\/p>\n<\/p>\n<p><span style=\"font-family:comic sans ms,sans-serif\"><span style=\"font-size:10.5pt\">3. Le trou de connexion peut \u00eatre connect\u00e9 \u00e0 d&rsquo;autres <\/span><span style=\"font-size:10.5pt\">appareils \u00e9lectriques qui<\/span><\/span><\/p>\n<p><span style=\"font-size:10.5pt;font-family:comic sans ms,sans-serif\"> doivent \u00eatre utilis\u00e9s par des travailleurs professionnels<span style=\"font-size:10.5pt\"> <\/span> <\/span><\/p>\n<\/p>\n<p><span style=\"font-family:comic sans ms,sans-serif\"><span style=\"font-size:10.5pt\">4. La lampe doit \u00eatre utilis\u00e9e dans l&rsquo;eau\/l&rsquo;air dont la temp\u00e9rature est inf\u00e9rieure \u00e0 35.<\/span><\/span><\/p>\n<\/p>\n<p><span style=\"font-size:10.5pt;font-family:'Arial'\">5. Veuillez ne pas exposer la lampe ou son transformateur au soleil br\u00fblant.<\/span><\/p>\n<\/p>\n<p><strong><span style=\"font-size:10.5pt;font-family:'Arial';color:#ff6600\"><span style=\"font-size:18px\">D\u00e9tails de la lampe de fontaine d&rsquo;\u00e9tang de jardin<\/span> <\/span><\/strong><\/p>\n<\/p>\n<p><span style=\"font-size:10.5pt;font-family:'Arial';color:#ff6600\"><img loading=\"lazy\" decoding=\"async\" alt=\"Lampe de fontaine d'\u00e9tang de jardin SUNSUN 20W 12V\" src=\"http:\/\/localhost\/media\/import\/detail\/845803066_658.jpg\" width=\"598\" height=\"251\"><img decoding=\"async\" alt=\"Lampe de fontaine d'\u00e9tang de jardin SUNSUN 20W 12V\" src=\"http:\/\/localhost\/media\/import\/detail\/845803078_735.jpg\"><\/span><\/p>\n<\/p>\n<p><strong><span style=\"font-size:18px;font-family:'Arial';color:#ff6600\">Autres lampes de fontaine d&rsquo;\u00e9tang de jardin SUNSUN pour votre r\u00e9f\u00e9rence<\/span><\/strong><\/p>\n<\/p>\n<p><span style=\"font-size:10.5pt;font-family:'Arial';color:#ff6600\"><img decoding=\"async\" alt=\"Lampe de fontaine d'\u00e9tang de jardin SUNSUN 20W 12V\" src=\"http:\/\/localhost\/media\/import\/detail\/845812760_840.jpg\"><img decoding=\"async\" alt=\"Lampe de fontaine d'\u00e9tang de jardin SUNSUN 20W 12V\" src=\"http:\/\/localhost\/media\/import\/detail\/845812766_879.jpg\"><img decoding=\"async\" alt=\"Lampe de fontaine d'\u00e9tang de jardin SUNSUN 20W 12V\" src=\"http:\/\/localhost\/media\/import\/detail\/845812784_628.jpg\"><\/span><\/p>\n<\/p>\n<div style=\"clear:les deux\"><\/div>\n","protected":false},"excerpt":{"rendered":"<p>SUNSUN 20W 12V lampe de fontaine d&rsquo;\u00e9tang de jardin CQD-235<\/p>\n","protected":false},"featured_media":5330,"comment_status":"open","ping_status":"closed","template":"","meta":[],"product_brand":[],"product_cat":[1381],"product_tag":[],"class_list":{"0":"post-38942","1":"product","2":"type-product","3":"status-publish","4":"has-post-thumbnail","6":"product_cat-eclairage-et-amp-fournitures","8":"first","9":"instock","10":"shipping-taxable","11":"purchasable","12":"product-type-simple","13":"add-to-wishlist-after_add_to_cart"},"jetpack_sharing_enabled":true,"_links":{"self":[{"href":"https:\/\/www.reefshops.com\/fr\/wp-json\/wp\/v2\/product\/38942","targetHints":{"allow":["GET"]}}],"collection":[{"href":"https:\/\/www.reefshops.com\/fr\/wp-json\/wp\/v2\/product"}],"about":[{"href":"https:\/\/www.reefshops.com\/fr\/wp-json\/wp\/v2\/types\/product"}],"replies":[{"embeddable":true,"href":"https:\/\/www.reefshops.com\/fr\/wp-json\/wp\/v2\/comments?post=38942"}],"wp:featuredmedia":[{"embeddable":true,"href":"https:\/\/www.reefshops.com\/fr\/wp-json\/wp\/v2\/media\/5330"}],"wp:attachment":[{"href":"https:\/\/www.reefshops.com\/fr\/wp-json\/wp\/v2\/media?parent=38942"}],"wp:term":[{"taxonomy":"product_brand","embeddable":true,"href":"https:\/\/www.reefshops.com\/fr\/wp-json\/wp\/v2\/product_brand?post=38942"},{"taxonomy":"product_cat","embeddable":true,"href":"https:\/\/www.reefshops.com\/fr\/wp-json\/wp\/v2\/product_cat?post=38942"},{"taxonomy":"product_tag","embeddable":true,"href":"https:\/\/www.reefshops.com\/fr\/wp-json\/wp\/v2\/product_tag?post=38942"}],"curies":[{"name":"wp","href":"https:\/\/api.w.org\/{rel}","templated":true}]}}