{"id":38945,"date":"2016-09-25T23:28:25","date_gmt":"2016-09-25T23:28:25","guid":{"rendered":"https:\/\/www.reefshops.com\/product\/sunsun-lampe-a-eau-interieure-et-exterieure-12v-ac-220w-cqd-120b\/"},"modified":"2025-03-16T08:59:50","modified_gmt":"2025-03-16T08:59:50","slug":"sunsun-lampe-a-eau-interieure-et-exterieure-12v-ac-220w-cqd-120b","status":"publish","type":"product","link":"https:\/\/www.reefshops.com\/fr\/produit\/sunsun-lampe-a-eau-interieure-et-exterieure-12v-ac-220w-cqd-120b\/","title":{"rendered":"SUNSUN lampe \u00e0 eau int\u00e9rieure et ext\u00e9rieure 12V AC 2*20W CQD-120B"},"content":{"rendered":"<div style=\"clear:both\"><\/div>\n<p><span style=\"font-size:16px;color:#000080\"><strong><span style=\"font-size:24px\">SUNSUN Lampe \u00e0 eau int\u00e9rieure et ext\u00e9rieure 12V AC 2*20W CQD-120B<\/span> <\/strong><\/span><\/p>\n<\/p>\n<div id=\"ali-anchor-AliPostDhMb-5mqcd\" style=\"padding-top:8px\" data-section-title=\"Description du produit\" data-section=\"AliPostDhMb-5mqcd\">\n<div id=\"ali-title-AliPostDhMb-5mqcd\" style=\"border-bottom:#ddd 1px solid;padding-bottom:8px;padding-top:8px;padding-left:0px;padding-right:0px\"><span style=\"font-weight:bold;color:#333;padding-bottom:8px;padding-top:8px;padding-left:10px;line-height:12px;padding-right:10px;background-color:#ddd\">Description du produit<\/span><\/div>\n<div style=\"padding-bottom:10px;padding-top:10px;padding-left:0px;padding-right:0px\">\n<\/div>\n<\/div>\n<p><span style=\"font-size:14px\"><strong>Param\u00e8tres des lampes \u00e0 double usage terre et eau pour aquarium<\/strong><\/span><\/p>\n<table class=\"aliDataTable\" style=\"width:80%\" border=\"5\">\n<tbody>\n<tr>\n<td><span style=\"font-size:14px\">Mod\u00e8le<\/span><\/td>\n<td><span style=\"font-size:14px\">CQD-120<\/span><\/td>\n<td><span style=\"font-size:14px\">CQD-120B<\/span><\/td>\n<td><span style=\"font-size:14px\">CQD-120C<\/span><\/td>\n<td><span style=\"font-size:14px\">CQD-120L<\/span><\/td>\n<td><span style=\"font-size:14px\">CQD-135<\/span><\/td>\n<td>\n<p><span style=\"font-size:14px\">CQD-135L<\/span><\/p>\n<p><span style=\"font-size:14px\">CQD-135B<\/span><\/p>\n<\/td>\n<\/tr>\n<tr>\n<td>Tension<\/td>\n<td><span style=\"font-size:14px\">12 V CA<\/span><\/td>\n<td><span style=\"font-size:14px\">12 VCA<\/span><\/td>\n<td><span style=\"font-size:14px\">12 VCA<\/span><\/td>\n<td><span style=\"font-size:14px\">12 VCA<\/span><\/td>\n<td><span style=\"font-size:14px\">12 VCA<\/span><\/td>\n<td><span style=\"font-size:14px\">12 VCA<\/span><\/td>\n<\/tr>\n<tr>\n<td><span style=\"font-size:14px\">Alimentation<\/span><\/td>\n<td><span style=\"font-size:14px\">1*20 W<\/span><\/td>\n<td><span style=\"font-size:14px\">2*20W<\/span><\/td>\n<td><span style=\"font-size:14px\">3*20W<\/span><\/td>\n<td><span style=\"font-size:14px\">2*1,5W<\/span><\/td>\n<td><span style=\"font-size:14px\">1*35W<\/span><\/td>\n<td><span style=\"font-size:14px\">1*6W<\/span><\/td>\n<\/tr>\n<tr>\n<td><span style=\"font-size:14px\">Angle de faisceau<\/span><\/td>\n<td><span style=\"font-size:14px\">38<\/span><span style=\"font-size:10px\"><sup>0<\/sup><\/span><\/td>\n<td><span style=\"font-size:14px\">38<\/span><span style=\"font-size:10px\"><sup>0<\/sup><\/span><\/td>\n<td><span style=\"font-size:14px\">38<\/span><span style=\"font-size:10px\"><sup>0<\/sup><\/span><\/td>\n<td><span style=\"font-size:10px\"><span style=\"font-size:14px\">15<\/span><sup>0<\/sup><\/span><\/td>\n<td><span style=\"font-size:10px\"><span style=\"font-size:14px\">60<\/span><sup>0<\/sup><\/span><\/td>\n<td><span style=\"font-size:10px\"><span style=\"font-size:14px\">80<\/span><sup>0<\/sup><\/span><\/td>\n<\/tr>\n<tr>\n<td><span style=\"font-size:14px\">C\u00e2ble longueur<\/span><\/td>\n<td><span style=\"font-size:14px\">2m\/5m<\/span><\/td>\n<td><span style=\"font-size:14px\">2m\/5m\/2,5m<\/span><\/td>\n<td><span style=\"font-size:14px\">2m\/5m\/2,5m<\/span><\/td>\n<td><span style=\"font-size:14px\">2 m\/5 m\/2,5 m<\/span><\/td>\n<td><span style=\"font-size:14px\">1,8 m\/6,5 m<\/span><\/td>\n<td><span style=\"font-size:14px\">1,8 m\/6,5 m<\/span><\/td>\n<\/tr>\n<tr>\n<td><span style=\"font-size:14px\">Puissance du transformateur<\/span><\/td>\n<td><span style=\"font-size:14px\">20VA<\/span><\/td>\n<td><span style=\"font-size:14px\">42VA<\/span><\/td>\n<td><span style=\"font-size:14px\">60VA<\/span><\/td>\n<td><span style=\"font-size:14px\">10VA<\/span><\/td>\n<td><span style=\"font-size:14px\">36VA<\/span><\/td>\n<td><span style=\"font-size:14px\">10VA<\/span><\/td>\n<\/tr>\n<tr>\n<td><span style=\"font-size:14px\">Piquet de terre<\/span><\/td>\n<td><span style=\"font-size:14px\">1 pi\u00e8ce<\/span><\/td>\n<td><span style=\"font-size:14px\">2 pi\u00e8ces<\/span><\/td>\n<td><span style=\"font-size:14px\">3 pi\u00e8ces<\/span><\/td>\n<td><span style=\"font-size:14px\">2 pi\u00e8ces<\/span><\/td>\n<td><span style=\"font-size:14px\">1 pi\u00e8ce<\/span><\/td>\n<td><span style=\"font-size:14px\">1 pi\u00e8ce<\/span><\/td>\n<\/tr>\n<tr>\n<td><span style=\"font-size:14px\">Support de montage<\/span><\/td>\n<td>\/<\/td>\n<td>\/<\/td>\n<td>\/<\/td>\n<td><span style=\"font-size:14px\">2PCS<\/span><\/td>\n<td><span style=\"font-size:14px\">1PCS<\/span><\/td>\n<td><span style=\"font-size:14px\">1PCS<\/span><\/td>\n<\/tr>\n<tr>\n<td><span style=\"font-size:14px\">Support avec pieds en caoutchouc<\/span><\/td>\n<td><span style=\"font-size:14px\">1 pi\u00e8ce<\/span><\/td>\n<td><span style=\"font-size:14px\">2 pi\u00e8ces<\/span><\/td>\n<td><span style=\"font-size:14px\">3 pi\u00e8ces<\/span><\/td>\n<td><span style=\"font-size:14px\">2 pi\u00e8ces<\/span><\/td>\n<td><span style=\"font-size:14px\">1 pi\u00e8ce<\/span><\/td>\n<td><span style=\"font-size:14px\">1 pi\u00e8ce<\/span><\/td>\n<\/tr>\n<tr>\n<td><span style=\"font-size:14px\">Couvertures color\u00e9es<\/span><\/td>\n<td><span style=\"font-size:14px\">4 pi\u00e8ces<\/span><\/td>\n<td><span style=\"font-size:14px\">8 PI\u00c8CES<\/span><\/td>\n<td><span style=\"font-size:14px\">8 PI\u00c8CES<\/span><\/td>\n<td><span style=\"font-size:14px\">8 PI\u00c8CES<\/span><\/td>\n<td><span style=\"font-size:14px\">\/<\/span><\/td>\n<td><span style=\"font-size:14px\">\/<\/span><\/td>\n<\/tr>\n<tr>\n<td><span style=\"font-size:14px\">Dimensions<\/span><\/td>\n<td><span style=\"font-size:14px\">?76*98mm<\/span><\/td>\n<td><span style=\"font-size:14px\">?76*98mm <\/span><\/td>\n<td><span style=\"font-size:14px\">?76*98mm <\/span><\/td>\n<td><span style=\"font-size:14px\">?76*98mm <\/span><\/td>\n<td><span style=\"font-size:14px\">?144*98mm <\/span><\/td>\n<td><span style=\"font-size:14px\">?144*98mm <\/span><\/td>\n<\/tr>\n<\/tbody>\n<\/table>\n<p><span style=\"font-size:14px\"><strong>Aquarium terre et eau \u00e0 double usage int\u00e9rieur\/ext\u00e9rieur lampes \u00e0 eau montrent<\/strong><\/span><\/p>\n<p><span style=\"font-size:14px\"><img decoding=\"async\" alt=\"SUNSUN Lampe \u00e0 eau int\u00e9rieure et ext\u00e9rieure 12V AC 2*20W CQD-120B\" src=\"http:\/\/localhost\/media\/import\/detail\/547215712_796.jpg\"><img decoding=\"async\" alt=\"SUNSUN Lampe \u00e0 eau int\u00e9rieure et ext\u00e9rieure 12V AC 2*20W CQD-120B\" src=\"http:\/\/localhost\/media\/import\/detail\/547215713_863.jpg\"><img decoding=\"async\" alt=\"SUNSUN Lampe \u00e0 eau int\u00e9rieure et ext\u00e9rieure 12V AC 2*20W CQD-120B\" src=\"http:\/\/localhost\/media\/import\/detail\/547215715_923.jpg\"><img decoding=\"async\" alt=\"SUNSUN Lampe \u00e0 eau int\u00e9rieure et ext\u00e9rieure 12V AC 2*20W CQD-120B\" src=\"http:\/\/localhost\/media\/import\/detail\/547215716_092.jpg\"><img decoding=\"async\" alt=\"SUNSUN Lampe \u00e0 eau int\u00e9rieure et ext\u00e9rieure 12V AC 2*20W CQD-120B\" src=\"http:\/\/localhost\/media\/import\/detail\/547215720_642.jpg\"><\/span><\/p>\n<p><span style=\"font-size:14px\"><img decoding=\"async\" alt=\"SUNSUN Lampe \u00e0 eau int\u00e9rieure et ext\u00e9rieure 12V AC 2*20W CQD-120B\" src=\"http:\/\/localhost\/media\/import\/detail\/547215718_802.jpg\"><\/span><\/p>\n<p><span style=\"font-size:14px\"><strong>Peut changer de couleur par moi-m\u00eame !!!<\/strong> <\/span><\/p>\n<\/p>\n<p><img loading=\"lazy\" decoding=\"async\" alt=\"SUNSUN Inside Outside Water Lamp 12 V CA 2*20 W CQD-120B\" src=\"http:\/\/localhost\/media\/import\/detail\/516437544_819.jpg\" width=\"610\" height=\"281\"><\/p>\n<p><strong><span style=\"font-size:12px\"> <\/span><\/strong><\/p>\n<\/p>\n<div id=\"ali-anchor-AliPostDhMb-mmiaz\" style=\"padding-top:8px\" data-section-title=\"Informations sur la soci\u00e9t\u00e9\" data-section=\"AliPostDhMb-mmiaz\"><strong><span style=\"background-color:#dddddd;color:#333333\"><\/span><\/strong> <\/div>\n","protected":false},"excerpt":{"rendered":"<p>SUNSUN lampe \u00e0 eau int\u00e9rieure et ext\u00e9rieure 12V AC 2*20W CQD-120B<\/p>\n","protected":false},"featured_media":5336,"comment_status":"open","ping_status":"closed","template":"","meta":[],"product_brand":[],"product_cat":[1381],"product_tag":[],"class_list":{"0":"post-38945","1":"product","2":"type-product","3":"status-publish","4":"has-post-thumbnail","6":"product_cat-eclairage-et-amp-fournitures","8":"first","9":"instock","10":"shipping-taxable","11":"purchasable","12":"product-type-simple","13":"add-to-wishlist-after_add_to_cart"},"jetpack_sharing_enabled":true,"_links":{"self":[{"href":"https:\/\/www.reefshops.com\/fr\/wp-json\/wp\/v2\/product\/38945","targetHints":{"allow":["GET"]}}],"collection":[{"href":"https:\/\/www.reefshops.com\/fr\/wp-json\/wp\/v2\/product"}],"about":[{"href":"https:\/\/www.reefshops.com\/fr\/wp-json\/wp\/v2\/types\/product"}],"replies":[{"embeddable":true,"href":"https:\/\/www.reefshops.com\/fr\/wp-json\/wp\/v2\/comments?post=38945"}],"wp:featuredmedia":[{"embeddable":true,"href":"https:\/\/www.reefshops.com\/fr\/wp-json\/wp\/v2\/media\/5336"}],"wp:attachment":[{"href":"https:\/\/www.reefshops.com\/fr\/wp-json\/wp\/v2\/media?parent=38945"}],"wp:term":[{"taxonomy":"product_brand","embeddable":true,"href":"https:\/\/www.reefshops.com\/fr\/wp-json\/wp\/v2\/product_brand?post=38945"},{"taxonomy":"product_cat","embeddable":true,"href":"https:\/\/www.reefshops.com\/fr\/wp-json\/wp\/v2\/product_cat?post=38945"},{"taxonomy":"product_tag","embeddable":true,"href":"https:\/\/www.reefshops.com\/fr\/wp-json\/wp\/v2\/product_tag?post=38945"}],"curies":[{"name":"wp","href":"https:\/\/api.w.org\/{rel}","templated":true}]}}