{"id":38976,"date":"2016-09-25T23:28:26","date_gmt":"2016-09-25T23:28:26","guid":{"rendered":"https:\/\/www.reefshops.com\/product\/filtre-a-eau-multifonction-sunsun-7502l-h-18w-pour-aquarium-ce-gs-jp-083\/"},"modified":"2025-03-16T08:59:58","modified_gmt":"2025-03-16T08:59:58","slug":"filtre-a-eau-multifonction-sunsun-7502l-h-18w-pour-aquarium-ce-gs-jp-083","status":"publish","type":"product","link":"https:\/\/www.reefshops.com\/fr\/produit\/filtre-a-eau-multifonction-sunsun-7502l-h-18w-pour-aquarium-ce-gs-jp-083\/","title":{"rendered":"Filtre \u00e0 eau multifonction SUNSUN 750*2L\/h 18W pour Aquarium (CE, GS) JP-083"},"content":{"rendered":"<div style=\"clear:both\"><\/div>\n<div id=\"ali-anchor-AliPostDhMb-18i47\" style=\"padding-top:8px\" data-section-title=\"banni\u00e8res\" data-section=\"AliPostDhMb-18i47\">\n<div id=\"ali-title-AliPostDhMb-18i47\" style=\"border-bottom:#ddd 1px solid;padding-bottom:8px;padding-top:8px;padding-left:0px;padding-right:0px\"><strong><span style=\"background-color:#dddddd;color:#333333\"><\/span><\/strong> <\/div>\n<div style=\"padding-bottom:10px;padding-top:10px;padding-left:0px;padding-right:0px\">\n<p><span> <\/span><\/p>\n<\/div>\n<\/div>\n<p style=\"text-align:center\"><span style=\"color:#ff0000\"><strong><span style=\"font-size:18pt;font-family:'Comic Sans MS'\">Notre promesse SUNSUN\u00a0:<\/span><\/strong><\/span><\/p>\n<\/p>\n<p align=\"center\"><span style=\"color:#0000ff\"><span style=\"font-size:18pt;font-family:'Comic Sans MS'\">1. Tous les produits sont des produits originaux SUNSUN<\/span> <\/span><\/p>\n<p><span style=\"color:#0000ff\"> <\/span><\/p>\n<p align=\"center\"><span style=\"font-size:18pt;font-family:'Comic Sans MS';color:#0000ff\">2. Garantie\u00a0: un an<\/span><\/p>\n<p><span style=\"color:#0000ff\"> <\/span><\/p>\n<p style=\"text-align:center\"><span style=\"color:#0000ff\"> <\/span><\/p>\n<p align=\"center\"><span style=\"font-size:18pt;font-family:'Comic Sans MS';color:#0000ff\">3. Emballage SUNSUN ou emballage blanc<\/span><\/p>\n<p align=\"center\"><span style=\"color:#0000ff\"> <\/span><\/p>\n<p align=\"center\"><span style=\"font-size:18pt;font-family:'Comic Sans MS';color:#0000ff\">4. accepter OEM<\/span><\/p>\n<p align=\"center\"><span style=\"font-size:18pt;font-family:'Comic Sans MS';color:#0000ff\">&#8230;&#8230;&#8230;&#8230;&#8230;&#8230;&#8230;&#8230;&#8230;&#8230;&#8230;&#8230;&#8230;&#8230;&#8230;&#8230;&#8230;&#8230;&#8230;&#8230;&#8230;&#8230;&#8230;&#8230;&#8230;&#8230;&#8230;&#8230;&#8230;&#8230;&#8230;&#8230;&#8230;&#8230;&#8230;&#8230;&#8230;&#8230;&#8230;&#8230;&#8230;&#8230;&#8230;.<\/span> <\/p>\n<p>&lt;span style=&quot;font-size:24px;font-family:comic sans ms, sans-serif; La conception de la roue bilob\u00e9e \u00e0 moteur unique est ultra puissante et \u00e0 double efficacit\u00e9.<\/span><\/p>\n<p><span style=\"font-size:18px;font-family:comic sans ms,sans-serif\">2. ms,sans-serif;\u00a0\u00bb&gt;3.paires de moteurs de conception brevet\u00e9e pour offrir une double efficacit\u00e9.<\/span><\/p>\n<p><span style=\"font-size:18px;font-family:comic sans ms,sans-serif\">4.une machine polyvalente, auto-filtration, pompage, oxyg\u00e8ne et autres fonctions en un.<\/span><\/p>\n<\/p>\n<\/div>\n<p> <img decoding=\"async\" alt=\"SUNSUN Filtre \u00e0 eau multifonction 750*2L\/h 18W pour Aquarium (CE, GS)\" src=\"http:\/\/localhost\/media\/import\/detail\/783177014_108.jpg\"><\/p>\n<\/p>\n<p><span style=\"font-family:comic sans ms,sans-serif;color:#000000;background-color:#ff0000\"><strong><span style=\"font-size:24px\">2.Les sp\u00e9cifications\u00a0:<\/span><\/strong><\/span><\/p>\n<\/p>\n<p style=\"background:#ffffff\"><span style=\"font-size:18px;font-family:comic sans ms,sans-serif;color:#2f2f2f\"><span style=\"color:#0000ff\">Mod\u00e8le<span style=\"color:#000000\">\u00a0: JP-083<\/span><\/span><\/span><\/p>\n<p style=\"background:#ffffff\">\n<p style=\"background:#ffffff\"><span style=\"font-size:18px;font-family:comic sans ms,sans-serif;color:#2f2f2f\"><span style=\"color:#0000ff\">Hauteur maximale\u00a0:<span style=\"color:#000000\"> 1,2<\/span><\/span>m<\/span><\/p>\n<p style=\"background:#ffffff\">\n<p style=\"background:#ffffff\"><span style=\"font-size:18px;font-family:comic sans ms,sans-serif;color:#0000ff\">Puissance\u00a0:<span style=\"color:#000000\"> 18 W<\/span><\/span><\/p>\n<p style=\"background:#ffffff\">\n<p style=\"background:#ffffff\"><span style=\"font-family:comic sans ms,sans-serif\"><span style=\"font-size:18px;color:#2f2f2f\"><span style=\"color:#0000ff\">Sortie\u00a0: <span style=\"color:#000000\">80<\/span><span style=\"color:#000000\">0<\/span><\/span>L\/h<\/span><span style=\"font-size:18px\"> <\/span><\/span><\/p>\n<p style=\"background:#ffffff\">\n<p><span style=\"font-size:18px;font-family:comic sans ms,sans-serif\"><span style=\"color:#2f2f2f\"><span style=\"color:#0000ff\">Tension\u00a0:<\/span> 110\u00a0V\/220\u00a0V\/<\/span><span style=\"color:#2f2f2f\">240\u00a0V<\/span><\/span><\/p>\n<p style=\"background:#ffffff\">\n<p><span style=\"font-size:18px;font-family:comic sans ms,sans-serif\"><span style=\"color:#0000ff\">Fr\u00e9quence<\/span><span style=\"color:#2f2f2f\"><span style=\"color:#0000ff\">\u00a0:<\/span> 50\/60<\/span><span style=\"color:#2f2f2f\">Hz<\/span><\/span><\/p>\n<\/p>\n<p><span style=\"font-size:18px;font-family:comic sans ms,sans-serif\"><span style=\"color:#2f2f2f\"><span style=\"color:#0000ff\">Poids\u00a0:<\/span> 0,75 kg<\/span><\/span><\/p>\n<\/p>\n<p style=\"background:#ffffff\"><span style=\"font-size:18px;font-family:comic sans ms,sans-serif;color:#2f2f2f\"><span style=\"color:#2f2f2f\"><span style=\"color:#0000ff\">Dimensions\u00a0:<\/span> 150x 54x 215mm<\/span><\/span><\/p>\n<p style=\"background:#ffffff\">\n<p style=\"background:#ffffff\"><span style=\"font-family:comic sans ms,sans-serif;color:#000000;background-color:#ff0000\"><strong><span style=\"font-size:24px\">3.Le d\u00e9tails\u00a0:<\/span><\/strong><\/span><\/p>\n<p style=\"background:#ffffff\">\n<p style=\"background:#ffffff\"> <img decoding=\"async\" alt=\"SUNSUN 750*2L\/h 18W filtre \u00e0 eau multifonction pour aquarium (CE, GS)\" src=\"http:\/\/localhost\/media\/import\/detail\/716686028_945.jpg\"><\/p>\n<p style=\"background:#ffffff\">\n<table class=\"aliDataTable\" style=\"height:161px;width:633px\">\n<tbody>\n<tr align=\"left\">\n<td style=\"width:39.2pt\" valign=\"middle\">\n<p><span style=\"font-size:10.5pt;font-family:arial,helvetica,sans-serif\">Mod\u00e8le<\/span><\/p>\n<\/td>\n<td style=\"width:84.55pt\" valign=\"middle\">\n<p><span style=\"font-size:10.5pt;font-family:arial,helvetica,sans-serif\">Tension<\/span><\/p>\n<\/td>\n<td style=\"width:57.9pt\" valign=\"middle\">\n<p><span style=\"font-size:10.5pt;font-family:arial,helvetica,sans-serif\">Fr\u00e9quence<\/span><\/p>\n<\/td>\n<td style=\"width:37pt\" valign=\"middle\">\n<p><span style=\"font-size:10.5pt;font-family:arial,helvetica,sans-serif\">Puissance<\/span><\/p>\n<\/td>\n<td style=\"width:39.2pt\" valign=\"middle\">\n<p><span style=\"font-size:10.5pt;font-family:arial,helvetica,sans-serif\">H-max<\/span><\/p>\n<\/td>\n<td style=\"width:55.65pt\" valign=\"middle\">\n<p><span style=\"font-size:10.5pt;font-family:arial,helvetica,sans-serif\">Sortie<\/span><\/p>\n<\/td>\n<td style=\"width:40.9pt\" valign=\"middle\">\n<p><span style=\"font-size:10.5pt;font-family:arial,helvetica,sans-serif\">Poids<\/span><\/p>\n<\/td>\n<td style=\"width:77.75pt\" valign=\"middle\">\n<p><span style=\"font-size:10.5pt;font-family:arial,helvetica,sans-serif\">Dimensions<\/span><\/p>\n<\/td>\n<\/tr>\n<tr align=\"left\">\n<td valign=\"middle\">\n<p><span style=\"font-family:arial,helvetica,sans-serif;color:#000000\"><span style=\"font-size:10.5pt\">JP-082<\/span><\/span><\/p>\n<\/td>\n<td valign=\"middle\">\n<p><span style=\"font-family:arial,helvetica,sans-serif;color:#000000\"><span style=\"font-size:10.5pt\">110V\/220V\/240V<\/span><\/span><\/p>\n<\/td>\n<td valign=\"middle\">\n<p><span style=\"font-family:arial,helvetica,sans-serif;color:#000000\"><span style=\"font-size:10.5pt\">50 Hz\/60 Hz<\/span><\/span><\/p>\n<\/td>\n<td valign=\"middle\">\n<p><span style=\"font-family:arial,helvetica,sans-serif;color:#000000\"><span style=\"font-size:10.5pt\">14 W<\/span><\/span><\/p>\n<\/td>\n<td valign=\"middle\">\n<p><span style=\"font-family:arial,helvetica,sans-serif;color:#000000\"><span style=\"font-size:10.5pt\">0,8 m<\/span><\/span><\/p>\n<\/td>\n<td valign=\"middle\">\n<p><span style=\"font-family:arial,helvetica,sans-serif;color:#000000\"><span style=\"font-size:10.5pt\">400*2L\/h<\/span><\/span><\/p>\n<\/td>\n<td valign=\"middle\">\n<p><span style=\"font-family:arial,helvetica,sans-serif;color:#000000\"><span style=\"font-size:10.5pt\">0,5kg<\/span><\/span><\/p>\n<\/td>\n<td valign=\"middle\">\n<p><span style=\"font-family:arial,helvetica,sans-serif;color:#000000\"><span style=\"font-size:10.5pt\">130*46*190mm<\/span><\/span><\/p>\n<\/td>\n<\/tr>\n<tr align=\"left\">\n<td valign=\"middle\">\n<p><span style=\"font-size:10.5pt;font-family:arial,helvetica,sans-serif;background-color:#ffffff\">JP-083<\/span><\/p>\n<\/td>\n<td valign=\"middle\">\n<p><span style=\"font-size:10.5pt;font-family:arial,helvetica,sans-serif;background-color:#ffffff\">110V\/220V\/240V<\/span><\/p>\n<\/td>\n<td valign=\"middle\">\n<p><span style=\"font-size:10.5pt;font-family:arial,helvetica,sans-serif;background-color:#ffffff\">50Hz\/60Hz<\/span><\/p>\n<\/td>\n<td valign=\"middle\">\n<p><span style=\"font-size:10.5pt;font-family:arial,helvetica,sans-serif;background-color:#ffffff\">18W<\/span><\/p>\n<\/td>\n<td valign=\"middle\">\n<p><span style=\"font-size:10.5pt;font-family:arial,helvetica,sans-serif;background-color:#ffffff\">1,2 m<\/span><\/p>\n<\/td>\n<td valign=\"middle\">\n<p><span style=\"font-size:10.5pt;font-family:arial,helvetica,sans-serif;background-color:#ffffff\">750*2L\/h<\/span><\/p>\n<\/td>\n<td valign=\"middle\">\n<p><span style=\"font-size:10.5pt;font-family:arial,helvetica,sans-serif;background-color:#ffffff\">0,75 kg<\/span><\/p>\n<\/td>\n<td valign=\"middle\">\n<p><span style=\"font-size:10.5pt;font-family:arial,helvetica,sans-serif;background-color:#ffffff\">150*54*215mm<\/span><\/p>\n<\/td>\n<\/tr>\n<tr align=\"left\">\n<td valign=\"middle\">\n<p><span style=\"font-size:10.5pt;font-family:arial,helvetica,sans-serif\">JP-084<\/span><\/p>\n<\/td>\n<td valign=\"middle\">\n<p><span style=\"font-size:10.5pt;font-family:arial,helvetica,sans-serif\">110V\/220V\/240V<\/span><\/p>\n<\/td>\n<td valign=\"middle\">\n<p><span style=\"font-size:10.5pt;font-family:arial,helvetica,sans-serif\">50Hz\/60Hz<\/span><\/p>\n<\/td>\n<td valign=\"middle\">\n<p><span style=\"font-size:10.5pt;font-family:arial,helvetica,sans-serif\">22W<\/span><\/p>\n<\/td>\n<td valign=\"middle\">\n<p><span style=\"font-size:10.5pt;font-family:arial,helvetica,sans-serif\">1,4 m<\/span><\/p>\n<\/td>\n<td valign=\"middle\">\n<p><span style=\"font-size:10.5pt;font-family:arial,helvetica,sans-serif\">1000*2L\/h<\/span><\/p>\n<\/td>\n<td valign=\"middle\">\n<p><span style=\"font-size:10.5pt;font-family:arial,helvetica,sans-serif\">1,0kg<\/span><\/p>\n<\/td>\n<td valign=\"middle\">\n<p><span style=\"font-size:10.5pt;font-family:arial,helvetica,sans-serif\">168*58*240mm<\/span><\/p>\n<\/td>\n<\/tr>\n<tr align=\"left\">\n<td valign=\"middle\">\n<p><span style=\"font-size:10.5pt;font-family:arial,helvetica,sans-serif\">JP-085<\/span><\/p>\n<\/td>\n<td valign=\"middle\">\n<p><span style=\"font-size:10.5pt;font-family:arial,helvetica,sans-serif\">110V\/220V\/240V<\/span><\/p>\n<\/td>\n<td valign=\"middle\">\n<p><span style=\"font-size:10.5pt;font-family:arial,helvetica,sans-serif\">50Hz\/60Hz<\/span><\/p>\n<\/td>\n<td valign=\"middle\">\n<p><span style=\"font-size:10.5pt;font-family:arial,helvetica,sans-serif\">45W<\/span><\/p>\n<\/td>\n<td valign=\"middle\">\n<p><span style=\"font-size:10.5pt;font-family:arial,helvetica,sans-serif\">2,0 m<\/span><\/p>\n<\/td>\n<td valign=\"middle\">\n<p><span style=\"font-size:10.5pt;font-family:arial,helvetica,sans-serif\">1600*2L\/h<\/span><\/p>\n<\/td>\n<td valign=\"middle\">\n<p><span style=\"font-size:10.5pt;font-family:arial,helvetica,sans-serif\">2,0kg<\/span><\/p>\n<\/td>\n<td valign=\"middle\">\n<p><span style=\"font-size:10.5pt;font-family:arial,helvetica,sans-serif\">188*68*265mm<\/span><\/p>\n<\/td>\n<\/tr>\n<\/tbody>\n<\/table>\n<p><img decoding=\"async\" alt=\"SUNSUN 750*2L\/h 18W filtre \u00e0 eau multifonction pour aquarium (CE, GS)\" src=\"http:\/\/localhost\/media\/import\/detail\/716696134_304.jpg\"> <\/p>\n<p style=\"background:#ffffff\">\n<p style=\"background:#ffffff\"><span style=\"background-color:#ff0000\"> <span style=\"color:#000000\"><strong><span style=\"font-size:24px;font-family:comic sans ms,sans-serif\">4. Autres pompes \u00e0 filtre pour votre r\u00e9f\u00e9rence\u00a0:<\/span><\/strong><\/span><\/span><\/p>\n<p style=\"background:#ffffff\">\n<p style=\"background:#ffffff\"> <img decoding=\"async\" alt=\"SUNSUN Filtre \u00e0 eau multifonction 750*2L\/h 18W pour Aquarium (CE, GS)\" src=\"http:\/\/localhost\/media\/import\/detail\/716686741_047.jpg\"><\/p>\n<p style=\"background:#ffffff\">\n<table class=\"aliDataTable\">\n<tbody>\n<tr align=\"gauche\">\n<td valign=\"middle\">\n<p><span style=\"font-size:14px;font-family:arial,helvetica,sans-serif\">Mod\u00e8le<\/span><\/p>\n<\/td>\n<td style=\"width:87.15pt\" valign=\"middle\">\n<p><span style=\"font-size:14px;font-family:arial,helvetica,sans-serif\">Tension<\/span><\/p>\n<\/td>\n<td style=\"width:59.7pt\" valign=\"middle\">\n<p><span style=\"font-size:14px;font-family:arial,helvetica,sans-serif\">Fr\u00e9quence<\/span><\/p>\n<\/td>\n<td style=\"width:38.15pt\" valign=\"middle\">\n<p><span style=\"font-size:14px;font-family:arial,helvetica,sans-serif\">Puissance<\/span><\/p>\n<\/td>\n<td style=\"width:40.45pt\" valign=\"middle\">\n<p><span style=\"font-size:14px;font-family:arial,helvetica,sans-serif\">H-max<\/span><\/p>\n<\/td>\n<td style=\"width:41.65pt\" valign=\"middle\">\n<p><span style=\"font-size:14px;font-family:arial,helvetica,sans-serif\">Sortie<\/span><\/p>\n<\/td>\n<td style=\"width:42.2pt\" valign=\"middle\">\n<p><span style=\"font-size:14px;font-family:arial,helvetica,sans-serif\">Poids<\/span><\/p>\n<\/td>\n<td style=\"width:80.15pt\" valign=\"middle\">\n<p><span style=\"font-size:14px;font-family:arial,helvetica,sans-serif\">Dimensions<\/span><\/p>\n<\/td>\n<\/tr>\n<tr align=\"left\">\n<td valign=\"middle\">\n<p><span style=\"font-size:14px;font-family:arial,helvetica,sans-serif\">JP-092<\/span><\/p>\n<\/td>\n<td valign=\"middle\">\n<p><span style=\"font-size:14px;font-family:arial,helvetica,sans-serif\">110V\/220V\/240V<\/span><\/p>\n<\/td>\n<td valign=\"middle\">\n<p><span style=\"font-size:14px;font-family:arial,helvetica,sans-serif\">50Hz\/60Hz<\/span><\/p>\n<\/td>\n<td valign=\"middle\">\n<p><span style=\"font-size:14px;font-family:arial,helvetica,sans-serif\">3W<\/span><\/p>\n<\/td>\n<td valign=\"middle\">\n<p><span style=\"font-size:14px;font-family:arial,helvetica,sans-serif\">0,5 m<\/span><\/p>\n<\/td>\n<td valign=\"middle\">\n<p><span style=\"font-size:14px;font-family:arial,helvetica,sans-serif\">250L\/h<\/span><\/p>\n<\/td>\n<td valign=\"middle\">\n<p><span style=\"font-size:14px;font-family:arial,helvetica,sans-serif\">0,35 kg<\/span><\/p>\n<\/td>\n<td valign=\"middle\">\n<p><span style=\"font-size:14px;font-family:arial,helvetica,sans-serif\">83*50*185mm<\/span><\/p>\n<\/td>\n<\/tr>\n<tr align=\"left\">\n<td valign=\"middle\">\n<p><span style=\"font-size:14px;font-family:arial,helvetica,sans-serif\">JP-093<\/span><\/p>\n<\/td>\n<td valign=\"middle\">\n<p><span style=\"font-size:14px;font-family:arial,helvetica,sans-serif\">110V\/220V\/240V<\/span><\/p>\n<\/td>\n<td valign=\"middle\">\n<p><span style=\"font-size:14px;font-family:arial,helvetica,sans-serif\">50Hz\/60Hz<\/span><\/p>\n<\/td>\n<td valign=\"middle\">\n<p><span style=\"font-size:14px;font-family:arial,helvetica,sans-serif\">5W<\/span><\/p>\n<\/td>\n<td valign=\"middle\">\n<p><span style=\"font-size:14px;font-family:arial,helvetica,sans-serif\">0,8 m<\/span><\/p>\n<\/td>\n<td valign=\"middle\">\n<p><span style=\"font-size:14px;font-family:arial,helvetica,sans-serif\">450L\/h<\/span><\/p>\n<\/td>\n<td valign=\"middle\">\n<p><span style=\"font-size:14px;font-family:arial,helvetica,sans-serif\">0,45 kg<\/span><\/p>\n<\/td>\n<td valign=\"middle\">\n<p><span style=\"font-size:14px;font-family:arial,helvetica,sans-serif\">90*55*205mm<\/span><\/p>\n<\/td>\n<\/tr>\n<tr align=\"left\">\n<td valign=\"middle\">\n<p><span style=\"font-size:14px;font-family:arial,helvetica,sans-serif\">JP-094<\/span><\/p>\n<\/td>\n<td valign=\"middle\">\n<p><span style=\"font-size:14px;font-family:arial,helvetica,sans-serif\">110V\/220V\/240V<\/span><\/p>\n<\/td>\n<td valign=\"middle\">\n<p><span style=\"font-size:14px;font-family:arial,helvetica,sans-serif\">50Hz\/60Hz<\/span><\/p>\n<\/td>\n<td valign=\"middle\">\n<p><span style=\"font-size:14px;font-family:arial,helvetica,sans-serif\">7W<\/span><\/p>\n<\/td>\n<td valign=\"middle\">\n<p><span style=\"font-size:14px;font-family:arial,helvetica,sans-serif\">1,2 m<\/span><\/p>\n<\/td>\n<td valign=\"middle\">\n<p><span style=\"font-size:14px;font-family:arial,helvetica,sans-serif\">650L\/h<\/span><\/p>\n<\/td>\n<td valign=\"middle\">\n<p><span style=\"font-size:14px;font-family:arial,helvetica,sans-serif\">0,6 kg<\/span><\/p>\n<\/td>\n<td valign=\"middle\">\n<p><span style=\"font-size:14px;font-family:arial,helvetica,sans-serif\">105*67*225mm<\/span><\/p>\n<\/td>\n<\/tr>\n<\/tbody>\n<\/table>\n<p style=\"background:#ffffff\">\n<p style=\"background:#ffffff\">\n<div id=\"ali-anchor-AliPostDhMb-ye9hl\" style=\"padding-top:8px\" data-section-title=\"Informations sur la soci\u00e9t\u00e9\" data-section=\"AliPostDhMb-ye9hl\"> <\/div>\n","protected":false},"excerpt":{"rendered":"<p>Filtre \u00e0 eau multifonction SUNSUN 750*2L\/h 18W pour Aquarium (CE, GS) JP-083<\/p>\n","protected":false},"featured_media":5398,"comment_status":"open","ping_status":"closed","template":"","meta":[],"product_brand":[],"product_cat":[1338],"product_tag":[],"class_list":{"0":"post-38976","1":"product","2":"type-product","3":"status-publish","4":"has-post-thumbnail","6":"product_cat-filtres-pour-aquariums","8":"first","9":"instock","10":"shipping-taxable","11":"purchasable","12":"product-type-simple","13":"add-to-wishlist-after_add_to_cart"},"jetpack_sharing_enabled":true,"_links":{"self":[{"href":"https:\/\/www.reefshops.com\/fr\/wp-json\/wp\/v2\/product\/38976","targetHints":{"allow":["GET"]}}],"collection":[{"href":"https:\/\/www.reefshops.com\/fr\/wp-json\/wp\/v2\/product"}],"about":[{"href":"https:\/\/www.reefshops.com\/fr\/wp-json\/wp\/v2\/types\/product"}],"replies":[{"embeddable":true,"href":"https:\/\/www.reefshops.com\/fr\/wp-json\/wp\/v2\/comments?post=38976"}],"wp:featuredmedia":[{"embeddable":true,"href":"https:\/\/www.reefshops.com\/fr\/wp-json\/wp\/v2\/media\/5398"}],"wp:attachment":[{"href":"https:\/\/www.reefshops.com\/fr\/wp-json\/wp\/v2\/media?parent=38976"}],"wp:term":[{"taxonomy":"product_brand","embeddable":true,"href":"https:\/\/www.reefshops.com\/fr\/wp-json\/wp\/v2\/product_brand?post=38976"},{"taxonomy":"product_cat","embeddable":true,"href":"https:\/\/www.reefshops.com\/fr\/wp-json\/wp\/v2\/product_cat?post=38976"},{"taxonomy":"product_tag","embeddable":true,"href":"https:\/\/www.reefshops.com\/fr\/wp-json\/wp\/v2\/product_tag?post=38976"}],"curies":[{"name":"wp","href":"https:\/\/api.w.org\/{rel}","templated":true}]}}