{"id":38993,"date":"2016-09-25T23:28:27","date_gmt":"2016-09-25T23:28:27","guid":{"rendered":"https:\/\/www.reefshops.com\/product\/pompe-a-eau-submersible-pour-aquarium-koi-pond-100-w\/"},"modified":"2025-03-16T09:06:02","modified_gmt":"2025-03-16T09:06:02","slug":"pompe-a-eau-submersible-pour-aquarium-koi-pond-100-w","status":"publish","type":"product","link":"https:\/\/www.reefshops.com\/fr\/produit\/pompe-a-eau-submersible-pour-aquarium-koi-pond-100-w\/","title":{"rendered":"Pompe \u00e0 eau submersible pour aquarium Koi Pond 100 W"},"content":{"rendered":"<div style=\"clear:both\"><\/div>\n<p style=\"text-align:center\"><strong><em><span style=\"font-size:18px\"><span style=\"color:#ff0000\"> <span style=\"font-size:24px\">Pompe \u00e0 eau submersible pour aquarium Koi Pond 100 W <\/span><\/span><\/span><\/em><\/strong><\/p>\n<div id=\"ali-anchor-AliPostDhMb-twbcd\" style=\"padding-top:8px\" data-section-title=\"Conseils d'achat\" data-section=\"AliPostDhMb-twbcd\">\n<div id=\"ali-title-AliPostDhMb-twbcd\" style=\"border-bottom:#ddd 1px solid;padding-bottom:8px;padding-top:8px;padding-left:0px;padding-right:0px\"><span style=\"font-weight:bold;color:#333;padding-bottom:8px;padding-top:8px;padding-left:10px;line-height:12px;padding-right:10px;background-color:#ddd\">Conseils d&rsquo;achat<\/span><\/div>\n<div style=\"padding-bottom:10px;padding-top:10px;padding-left:0px;padding-right:0px\">\n<p><span style=\"color:#ff0000\"><strong><span style=\"font-size:14px\">Conseils\u00a0:<\/span><\/strong><\/span><br \/><span style=\"font-size:14px\">si vous avez achet\u00e9 un certain nombre de produits,<\/span><br \/><span style=\"font-size:14px\">Nous pouvons vous offrir des \u00e9chantillons gratuits,<\/span><br \/><span style=\"font-size:14px\">Pour plus de d\u00e9tails, veuillez nous consulter.<\/span><\/p>\n<\/div>\n<\/div>\n<p style=\"text-align:center\"><strong><em><span style=\"font-size:18px\"><span style=\"color:#ff0000\"><span style=\"font-size:24px\"> <\/span> <\/span><\/span><\/em><\/strong><strong><em><span style=\"font-size:18px\"><span style=\"color:#ff0000\"> <\/span><span style=\"color:#ff0000\"> <\/span><\/span><\/em><\/strong><\/p>\n<\/p>\n<div id=\"ali-anchor-AliPostDhMb-4pj9m\" style=\"padding-top:8px\" data-section-title=\"Description du produit\" data-section=\"AliPostDhMb-4pj9m\">\n<div id=\"ali-title-AliPostDhMb-4pj9m\" style=\"border-bottom:#ddd 1px solid;padding-bottom:8px;padding-top:8px;padding-left:0px;padding-right:0px\"><span style=\"font-weight:bold;color:#333;padding-bottom:8px;padding-top:8px;padding-left:10px;line-height:12px;padding-right:10px;background-color:#ddd\">Description du produit<\/span><\/div>\n<div style=\"padding-bottom:10px;padding-top:10px;padding-left:0px;padding-right:0px\">\n<\/div>\n<\/div>\n<p style=\"text-align:center\"><span style=\"color:#ff0000\"><span style=\"font-size:16px;font-family:times new roman,times;color:#3366ff\">1. il utilise un noyau d&rsquo;arbre \u00e0 haute r\u00e9sistance et r\u00e9sistant \u00e0 l&rsquo;usure, <em><strong>a une \u00e9conomie d&rsquo;\u00e9nergie tr\u00e8s efficace et une longue dur\u00e9e de vie<\/strong><\/em>.<\/span><\/span><\/p>\n<p style=\"text-align:center\"><span style=\"font-size:16px;font-family:times new roman,times;color:#3366ff\">2. il a une <strong><em>bonne \u00e9tanch\u00e9it\u00e9, une rigidit\u00e9 di\u00e9lectrique \u00e9lev\u00e9e, il est s\u00fbr et fiable<\/em><\/strong>.<\/span><\/p>\n<p style=\"text-align:center\"><span style=\"font-size:16px;font-family:times new roman,times;color:#3366ff\">3. vous pouvez l&rsquo;utiliser <em><strong>comme pompage et fontaine<\/strong><\/em>.<\/span><\/p>\n<p style=\"text-align:center\"><span style=\"font-size:16px;font-family:times new roman,times;color:#3366ff\">4. s&rsquo;applique aux <em><strong>aquariums, \u00e9tangs<\/strong><\/em> avec un \u00e9quipement de recyclage de l&rsquo;eau correspondant.<\/span><\/p>\n<p><span style=\"font-family:georgia,palatino\"> <\/span><\/p>\n<p style=\"text-align:center\"><strong><span style=\"font-size:14px\"><span style=\"color:#ff0000\"><span style=\"color:#000000\">Param\u00e8tres de la s\u00e9rie HQC<\/span><\/span><\/span><\/strong> <\/p>\n<table class=\"aliDataTable\">\n<tbody>\n<tr align=\"left\">\n<td style=\"background:#ffffff;width:67.85pt\" valign=\"middle\">\n<p style=\"background:#ffffff\"><span style=\"font-size:9pt;font-family:'Verdana';background:#ffffff;color:#000000\">Mod\u00e8le<\/span><\/p>\n<\/td>\n<td style=\"background:#ffffff;width:63pt\" valign=\"middle\">\n<p style=\"background:#ffffff\"><span style=\"font-size:9pt;font-family:'Verdana';background:#ffffff;color:#000000\"> Tension<\/span><span style=\"font-size:9pt;background:#ffffff;color:#000000\"> <\/span><\/p>\n<\/td>\n<td valign=\"middle\">\n<p style=\"background:#ffffff\"><span style=\"font-size:9pt;font-family:'Verdana';background:#ffffff;color:#000000\">Fr\u00e9quence<\/span><\/p>\n<\/td>\n<td style=\"background:#ffffff;width:39.75pt\" valign=\"middle\">\n<p style=\"background:#ffffff\"><span style=\"font-size:9pt;font-family:'Verdana';background:#ffffff;color:#000000\">Puissance<\/span><\/p>\n<\/td>\n<td style=\"background:#ffffff;width:42.65pt\" valign=\"middle\">\n<p style=\"background:#ffffff\"><span style=\"font-size:9pt;font-family:'Verdana';background:#ffffff;color:#000000\">H-max<\/span><\/p>\n<\/td>\n<td style=\"background:#ffffff;width:55.7pt\" valign=\"middle\">\n<p style=\"background:#ffffff\"><span style=\"font-size:9pt;font-family:'Verdana';background:#ffffff;color:#000000\">Sortie<\/span><\/p>\n<\/td>\n<td style=\"background:#ffffff;width:99.05pt\" valign=\"middle\">\n<p style=\"background:#ffffff\"><span style=\"font-size:9pt;font-family:'Verdana';background:#ffffff;color:#000000\">Dimensions<\/span><\/p>\n<\/td>\n<\/tr>\n<tr align=\"left\">\n<td style=\"background:#ffffff\" valign=\"middle\">\n<p style=\"background:#ffffff\"><span style=\"font-size:9pt;background:#ffffff;color:#000000\">HQC-2200<\/span><\/p>\n<\/td>\n<td style=\"background:#ffffff\" valign=\"middle\">\n<p style=\"background:#ffffff\"><span style=\"font-size:9pt;font-family:'Verdana';background:#ffffff;color:#000000\">110V\/<\/span><span style=\"font-size:9pt;background:#ffffff;color:#000000\">220V\/<\/span><span style=\"font-size:9pt;font-family:'Verdana';background:#ffffff;color:#000000\">240V<\/span><\/p>\n<\/td>\n<td style=\"background:#ffffff\" valign=\"middle\">\n<p style=\"background:#ffffff\"><span style=\"font-size:9pt;font-family:'Verdana';background:#ffffff;color:#000000\">50Hz\/60Hz<\/span><\/p>\n<\/td>\n<td style=\"background:#ffffff\" valign=\"middle\">\n<p style=\"background:#ffffff\"><span style=\"font-size:9pt;background:#ffffff;color:#000000\">35<\/span><span style=\"font-size:9pt;font-family:'Verdana';background:#ffffff;color:#000000\">W<\/span><\/p>\n<\/td>\n<td valign=\"middle\">\n<p style=\"background:#ffffff\"><span style=\"font-size:9pt;background:#ffffff;color:#000000\">2.0<\/span><span style=\"font-size:9pt;font-family:'Verdana';background:#ffffff;color:#000000\">m<\/span><\/p>\n<\/td>\n<td valign=\"middle\">\n<p style=\"background:#ffffff\"><span style=\"font-size:9pt;background:#ffffff;color:#000000\">2<\/span><span style=\"font-size:9pt;font-family:'Verdana';background:#ffffff;color:#000000\">000L\/h<\/span><\/p>\n<\/td>\n<td valign=\"middle\">\n<p style=\"background:#ffffff\"><span style=\"font-size:9pt;font-family:'Verdana';background:#ffffff;color:#000000\">20<\/span><span style=\"font-size:9pt;background:#ffffff;color:#000000\">8<\/span><span style=\"font-size:9pt;font-family:'Verdana';background:#ffffff;color:#000000\">*110*13<\/span><span style=\"font-size:9pt;background:#ffffff;color:#000000\">5<\/span><span style=\"font-size:9pt;font-family:'Verdana';background:#ffffff;color:#000000\">mm<\/span><\/p>\n<\/td>\n<\/tr>\n<tr align=\"left\">\n<td style=\"background:#ffffff\" valign=\"middle\">\n<p style=\"background:#ffffff\"><span style=\"font-size:9pt;background:#ffffff;color:#000000\">HQC-2500<\/span><\/p>\n<\/td>\n<td style=\"background:#ffffff\" valign=\"middle\">\n<p style=\"background:#ffffff\"><span style=\"font-size:9pt;font-family:'Verdana';background:#ffffff;color:#000000\">110V\/<\/span><span style=\"font-size:9pt;background:#ffffff;color:#000000\">220V\/<\/span><span style=\"font-size:9pt;font-family:'Verdana';background:#ffffff;color:#000000\">240V<\/span><\/p>\n<\/td>\n<td style=\"background:#ffffff\" valign=\"middle\">\n<p style=\"background:#ffffff\"><span style=\"font-size:9pt;font-family:'Verdana';background:#ffffff;color:#000000\">50Hz\/60Hz<\/span><\/p>\n<\/td>\n<td style=\"background:#ffffff\" valign=\"middle\">\n<p style=\"background:#ffffff\"><span style=\"font-size:9pt;background:#ffffff;color:#000000\">40<\/span><span style=\"font-size:9pt;font-family:'Verdana';background:#ffffff;color:#000000\">W<\/span><\/p>\n<\/td>\n<td valign=\"middle\">\n<p style=\"background:#ffffff\"><span style=\"font-size:9pt;background:#ffffff;color:#000000\">2.3<\/span><span style=\"font-size:9pt;font-family:'Verdana';background:#ffffff;color:#000000\">m<\/span><\/p>\n<\/td>\n<td valign=\"middle\">\n<p style=\"background:#ffffff\"><span style=\"font-size:9pt;background:#ffffff;color:#000000\">23<\/span><span style=\"font-size:9pt;font-family:'Verdana';background:#ffffff;color:#000000\">00L\/h<\/span><\/p>\n<\/td>\n<td valign=\"middle\">\n<p style=\"background:#ffffff\"><span style=\"font-size:9pt;font-family:'Verdana';background:#ffffff;color:#000000\">20<\/span><span style=\"font-size:9pt;background:#ffffff;color:#000000\">8<\/span><span style=\"font-size:9pt;font-family:'Verdana';background:#ffffff;color:#000000\">*110*13<\/span><span style=\"font-size:9pt;background:#ffffff;color:#000000\">5<\/span><span style=\"font-size:9pt;font-family:'Verdana';background:#ffffff;color:#000000\">mm<\/span><\/p>\n<\/td>\n<\/tr>\n<tr align=\"left\">\n<td style=\"background:#ffffff\" valign=\"middle\">\n<p style=\"background:#ffffff\"><span style=\"font-size:9pt;background:#ffffff;color:#000000\">HQC-3000<\/span><\/p>\n<\/td>\n<td style=\"background:#ffffff\" valign=\"middle\">\n<p style=\"background:#ffffff\"><span style=\"font-size:9pt;font-family:'Verdana';background:#ffffff;color:#000000\">110V\/<\/span><span style=\"font-size:9pt;background:#ffffff;color:#000000\">220V\/<\/span><span style=\"font-size:9pt;font-family:'Verdana';background:#ffffff;color:#000000\">240V<\/span><\/p>\n<\/td>\n<td style=\"background:#ffffff\" valign=\"middle\">\n<p style=\"background:#ffffff\"><span style=\"font-size:9pt;font-family:'Verdana';background:#ffffff;color:#000000\">50Hz\/60Hz<\/span><\/p>\n<\/td>\n<td style=\"background:#ffffff\" valign=\"middle\">\n<p style=\"background:#ffffff\"><span style=\"font-size:9pt;background:#ffffff;color:#000000\">4<\/span><span style=\"font-size:9pt;font-family:'Verdana';background:#ffffff;color:#000000\">5W<\/span><\/p>\n<\/td>\n<td valign=\"middle\">\n<p style=\"background:#ffffff\"><span style=\"font-size:9pt;background:#ffffff;color:#000000\">2.6<\/span><span style=\"font-size:9pt;font-family:'Verdana';background:#ffffff;color:#000000\">m<\/span><\/p>\n<\/td>\n<td valign=\"middle\">\n<p style=\"background:#ffffff\"><span style=\"font-size:9pt;background:#ffffff;color:#000000\">26<\/span><span style=\"font-size:9pt;font-family:'Verdana';background:#ffffff;color:#000000\">00L\/h<\/span><\/p>\n<\/td>\n<td valign=\"middle\">\n<p style=\"background:#ffffff\"><span style=\"font-size:9pt;font-family:'Verdana';background:#ffffff;color:#000000\">2<\/span><span style=\"font-size:9pt;background:#ffffff;color:#000000\">08<\/span><span style=\"font-size:9pt;font-family:'Verdana';background:#ffffff;color:#000000\">*1<\/span><span style=\"font-size:9pt;background:#ffffff;color:#000000\">10<\/span><span style=\"font-size:9pt;font-family:'Verdana';background:#ffffff;color:#000000\">*1<\/span><span style=\"font-size:9pt;background:#ffffff;color:#000000\">35<\/span><span style=\"font-size:9pt;font-family:'Verdana';background:#ffffff;color:#000000\">mm<\/span><\/p>\n<\/td>\n<\/tr>\n<tr align=\"left\">\n<td style=\"background:#ffffff\" valign=\"middle\">\n<p style=\"background:#ffffff\"><span style=\"font-size:9pt;background:#ffffff;color:#000000\">HQC-3500<\/span><\/p>\n<\/td>\n<td style=\"background:#ffffff\" valign=\"middle\">\n<p style=\"background:#ffffff\"><span style=\"font-size:9pt;font-family:'Verdana';background:#ffffff;color:#000000\">110V\/<\/span><span style=\"font-size:9pt;background:#ffffff;color:#000000\">220V\/<\/span><span style=\"font-size:9pt;font-family:'Verdana';background:#ffffff;color:#000000\">240V<\/span><\/p>\n<\/td>\n<td style=\"background:#ffffff\" valign=\"middle\">\n<p style=\"background:#ffffff\"><span style=\"font-size:9pt;font-family:'Verdana';background:#ffffff;color:#000000\">50Hz\/60Hz<\/span><\/p>\n<\/td>\n<td style=\"background:#ffffff\" valign=\"middle\">\n<p style=\"background:#ffffff\"><span style=\"font-size:9pt;background:#ffffff;color:#000000\">60<\/span><span style=\"font-size:9pt;font-family:'Verdana';background:#ffffff;color:#000000\">W<\/span><\/p>\n<\/td>\n<td valign=\"middle\">\n<p style=\"background:#ffffff\"><span style=\"font-size:9pt;background:#ffffff;color:#000000\">3.5<\/span><span style=\"font-size:9pt;font-family:'Verdana';background:#ffffff;color:#000000\">m<\/span><\/p>\n<\/td>\n<td valign=\"middle\">\n<p style=\"background:#ffffff\"><span style=\"font-size:9pt;background:#ffffff;color:#000000\">30<\/span><span style=\"font-size:9pt;font-family:'Verdana';background:#ffffff;color:#000000\">00L\/h<\/span><\/p>\n<\/td>\n<td valign=\"middle\">\n<p style=\"background:#ffffff\"><span style=\"font-size:9pt;font-family:'Verdana';background:#ffffff;color:#000000\">2<\/span><span style=\"font-size:9pt;background:#ffffff;color:#000000\">08<\/span><span style=\"font-size:9pt;font-family:'Verdana';background:#ffffff;color:#000000\">*1<\/span><span style=\"font-size:9pt;background:#ffffff;color:#000000\">10<\/span><span style=\"font-size:9pt;font-family:'Verdana';background:#ffffff;color:#000000\">*1<\/span><span style=\"font-size:9pt;background:#ffffff;color:#000000\">35<\/span><span style=\"font-size:9pt;font-family:'Verdana';background:#ffffff;color:#000000\">mm<\/span><\/p>\n<\/td>\n<\/tr>\n<tr align=\"left\">\n<td style=\"background:#ffffff\" valign=\"middle\">\n<p style=\"background:#ffffff\"><span style=\"font-size:9pt;background:#ffffff;color:#000000\">HQC-4500<\/span><\/p>\n<\/td>\n<td style=\"background:#ffffff\" valign=\"middle\">\n<p style=\"background:#ffffff\"><span style=\"font-size:9pt;font-family:'Verdana';background:#ffffff;color:#000000\">110V\/<\/span><span style=\"font-size:9pt;background:#ffffff;color:#000000\">220V\/<\/span><span style=\"font-size:9pt;font-family:'Verdana';background:#ffffff;color:#000000\">240 V<\/span><span style=\"font-size:9pt;background:#ffffff;color:#000000\"> <\/span><\/p>\n<\/td>\n<td style=\"background:#ffffff\" valign=\"middle\">\n<p style=\"background:#ffffff\"><span style=\"font-size:9pt;font-family:'Verdana';background:#ffffff;color:#000000\">50Hz\/60Hz<\/span><\/p>\n<\/td>\n<td style=\"background:#ffffff\" valign=\"middle\">\n<p style=\"background:#ffffff\"><span style=\"font-size:9pt;background:#ffffff;color:#000000\">100<\/span><span style=\"font-size:9pt;font-family:'Verdana';background:#ffffff;color:#000000\">W<\/span><\/p>\n<\/td>\n<td valign=\"middle\">\n<p style=\"background:#ffffff\"><span style=\"font-size:9pt;background:#ffffff;color:#000000\">4.0<\/span><span style=\"font-size:9pt;font-family:'Verdana';background:#ffffff;color:#000000\">m<\/span><\/p>\n<\/td>\n<td valign=\"middle\">\n<p style=\"background:#ffffff\"><span style=\"font-size:9pt;background:#ffffff;color:#000000\">45<\/span><span style=\"font-size:9pt;font-family:'Verdana';background:#ffffff;color:#000000\">00L\/h<\/span><\/p>\n<\/td>\n<td valign=\"middle\">\n<p style=\"background:#ffffff\"><span style=\"font-size:9pt;background:#ffffff;color:#000000\">227<\/span><span style=\"font-size:9pt;font-family:'Verdana';background:#ffffff;color:#000000\">*1<\/span><span style=\"font-size:9pt;background:#ffffff;color:#000000\">4<\/span><span style=\"font-size:9pt;font-family:'Verdana';background:#ffffff;color:#000000\">0*1<\/span><span style=\"font-size:9pt;background:#ffffff;color:#000000\">65<\/span><span style=\"font-size:9pt;font-family:'Verdana';background:#ffffff;color:#000000\">mm <\/span><\/p>\n<\/td>\n<\/tr>\n<tr align=\"left\">\n<td style=\"background:#ffffff\" valign=\"middle\">\n<p style=\"background:#ffffff\"><span style=\"font-size:9pt;background:#ffffff;color:#000000\">HQC-5000<\/span><\/p>\n<\/td>\n<td style=\"background:#ffffff\" valign=\"middle\">\n<p style=\"background:#ffffff\"><span style=\"font-size:9pt;font-family:'Verdana';background:#ffffff;color:#000000\">110V\/<\/span><span style=\"font-size:9pt;background:#ffffff;color:#000000\">220V\/<\/span><span style=\"font-size:9pt;font-family:'Verdana';background:#ffffff;color:#000000\">240V<\/span><\/p>\n<\/td>\n<td style=\"background:#ffffff\" valign=\"middle\">\n<p style=\"background:#ffffff\"><span style=\"font-size:9pt;font-family:'Verdana';background:#ffffff;color:#000000\">50Hz\/60Hz<\/span><\/p>\n<\/td>\n<td style=\"background:#ffffff\" valign=\"middle\">\n<p style=\"background:#ffffff\"><span style=\"font-size:9pt;background:#ffffff;color:#000000\">150W<\/span><\/p>\n<\/td>\n<td style=\"background:#ffffff\" valign=\"middle\">\n<p style=\"background:#ffffff\"><span style=\"font-size:9pt;background:#ffffff;color:#000000\">5,0 m<\/span><\/p>\n<\/td>\n<td style=\"background:#ffffff\" valign=\"middle\">\n<p style=\"background:#ffffff\"><span style=\"font-size:9pt;background:#ffffff;color:#000000\">5000L\/h<\/span><\/p>\n<\/td>\n<td style=\"background:#ffffff\" valign=\"middle\">\n<p style=\"background:#ffffff\"><span style=\"font-size:9pt;background:#ffffff;color:#000000\">227<\/span><span style=\"font-size:9pt;font-family:'Verdana';background:#ffffff;color:#000000\">*1<\/span><span style=\"font-size:9pt;background:#ffffff;color:#000000\">4<\/span><span style=\"font-size:9pt;font-family:'Verdana';background:#ffffff;color:#000000\">0*1<\/span><span style=\"font-size:9pt;background:#ffffff;color:#000000\">65<\/span><span style=\"font-size:9pt;font-family:'Verdana';background:#ffffff;color:#000000\">mm <\/span><\/p>\n<\/td>\n<\/tr>\n<\/tbody>\n<\/table>\n<p><span style=\"font-size:14px;color:#ff0000\"><em><strong>S\u00e9rie HQC<\/strong><\/em><\/span><\/p>\n<p><span style=\"font-size:14px;color:#ff0000\"><em><strong><span style=\"font-size:14px;color:#ff0000\"><em><strong><img decoding=\"async\" alt=\"Pompe \u00e0 eau submersible pour aquarium Koi Pond 100 W\" src=\"http:\/\/localhost\/media\/import\/detail\/531775842_469.jpg\"><\/strong><\/em><\/span> <\/strong><\/em><\/span><\/p>\n<p><span style=\"font-size:14px;color:#ff0000\"><em><strong><span style=\"font-size:14px;color:#ff0000\"><em><strong><img decoding=\"async\" alt=\"Pompe \u00e0 eau submersible pour aquarium Koi Pond 100 W\" src=\"http:\/\/localhost\/media\/import\/detail\/531775845_029.jpg\"><\/strong><\/em><\/span> <\/strong><\/em><\/span><\/p>\n<p><span style=\"font-size:14px;color:#ff0000\"><em><strong><img decoding=\"async\" alt=\"Pompe \u00e0 eau submersible pour aquarium Koi Pond 100 W\" src=\"http:\/\/localhost\/media\/import\/detail\/531775844_692.jpg\"><\/strong><\/em><\/span><\/p>\n<p><span style=\"font-size:14px;color:#ff0000\"><em><strong><span style=\"font-size:14px;color:#ff0000\"><em><strong><img decoding=\"async\" alt=\"Pompe \u00e0 eau submersible pour aquarium Koi Pond 100 W\" src=\"http:\/\/localhost\/media\/import\/detail\/531776083_718.jpg\"><\/strong><\/em><\/span><\/strong><\/em><\/span><\/p>\n<\/p>\n<p><span style=\"font-size:14px;color:#ff0000\"><em><strong>Autre pompe submersible types<\/strong><\/em><\/span><\/p>\n<p><img decoding=\"async\" alt=\"Pompe \u00e0 eau submersible pour aquarium Koi Pond 100 W\" src=\"http:\/\/localhost\/media\/import\/detail\/531263635_138.jpg\"><\/p>\n<p><strong><span style=\"font-size:14px;font-family:'Arial';color:#ff0000;font-style:italic\">Il y a tellement de pompes \u00e0 eau submersibles et toutes sortes d&rsquo;autres \u00e9quipements d&rsquo;aquarium ici, ce qui garantit que vous pouvez choisir un produit adapt\u00e9 ici !<\/span><\/strong><\/p>\n<\/p>\n<p><span style=\"font-size:16px\"><em><strong><span style=\"color:#ff0000\">Pr\u00e9sentation de nouveaux produits<\/span><\/strong><\/em><\/span><\/p>\n<p><span style=\"font-size:16px\"><em><strong><span style=\"color:#ff0000\"><span style=\"font-size:14px;color:#ff0000\"><em><strong><img decoding=\"async\" alt=\"Pompe \u00e0 eau submersible pour aquarium Koi Pond 100 W\" src=\"http:\/\/localhost\/media\/import\/detail\/531264685_618.jpg\"><\/strong><\/em><\/span> <\/span><\/strong><\/em><\/span><\/p>\n<p><span style=\"font-size:16px\"><em><strong><span style=\"color:#ff0000\"><span style=\"font-size:14px;color:#ff0000\"><em><strong><img decoding=\"async\" alt=\"Pompe \u00e0 eau submersible pour aquarium Koi Pond 100 W\" src=\"http:\/\/localhost\/media\/import\/detail\/531338600_490.jpg\"><\/strong><\/em><\/span> <\/span><\/strong><\/em><\/span><\/p>\n<p><em><strong><span style=\"color:#ff0000\"><img decoding=\"async\" alt=\"Pompe \u00e0 eau submersible pour aquarium Koi Pond 100 W\" src=\"http:\/\/localhost\/media\/import\/detail\/531264681_359.jpg\"><img decoding=\"async\" alt=\"Pompe \u00e0 eau submersible pour aquarium Koi Pond 100 W\" src=\"http:\/\/localhost\/media\/import\/detail\/531264682_587.jpg\"><img decoding=\"async\" alt=\"Pompe \u00e0 eau submersible pour aquarium Koi Pond 100 W\" src=\"http:\/\/localhost\/media\/import\/detail\/531264684_471.jpg\"><\/span><\/strong><\/em><\/p>\n<\/p>\n<div id=\"ali-anchor-AliPostDhMb-6whgf\" style=\"padding-top:8px\" data-section-title=\"Informations sur la soci\u00e9t\u00e9\" data-section=\"AliPostDhMb-6whgf\"><strong><span style=\"background-color:#dddddd;color:#333333\"><\/span><\/strong> <\/div>\n","protected":false},"excerpt":{"rendered":"<p>Pompe \u00e0 eau submersible pour aquarium Koi Pond 100 W<\/p>\n","protected":false},"featured_media":5431,"comment_status":"open","ping_status":"closed","template":"","meta":[],"product_brand":[],"product_cat":[1380],"product_tag":[],"class_list":{"0":"post-38993","1":"product","2":"type-product","3":"status-publish","4":"has-post-thumbnail","6":"product_cat-pompes-a-eau-et-amp-tetes-motrices","8":"first","9":"instock","10":"shipping-taxable","11":"purchasable","12":"product-type-simple","13":"add-to-wishlist-after_add_to_cart"},"jetpack_sharing_enabled":true,"_links":{"self":[{"href":"https:\/\/www.reefshops.com\/fr\/wp-json\/wp\/v2\/product\/38993","targetHints":{"allow":["GET"]}}],"collection":[{"href":"https:\/\/www.reefshops.com\/fr\/wp-json\/wp\/v2\/product"}],"about":[{"href":"https:\/\/www.reefshops.com\/fr\/wp-json\/wp\/v2\/types\/product"}],"replies":[{"embeddable":true,"href":"https:\/\/www.reefshops.com\/fr\/wp-json\/wp\/v2\/comments?post=38993"}],"wp:featuredmedia":[{"embeddable":true,"href":"https:\/\/www.reefshops.com\/fr\/wp-json\/wp\/v2\/media\/5431"}],"wp:attachment":[{"href":"https:\/\/www.reefshops.com\/fr\/wp-json\/wp\/v2\/media?parent=38993"}],"wp:term":[{"taxonomy":"product_brand","embeddable":true,"href":"https:\/\/www.reefshops.com\/fr\/wp-json\/wp\/v2\/product_brand?post=38993"},{"taxonomy":"product_cat","embeddable":true,"href":"https:\/\/www.reefshops.com\/fr\/wp-json\/wp\/v2\/product_cat?post=38993"},{"taxonomy":"product_tag","embeddable":true,"href":"https:\/\/www.reefshops.com\/fr\/wp-json\/wp\/v2\/product_tag?post=38993"}],"curies":[{"name":"wp","href":"https:\/\/api.w.org\/{rel}","templated":true}]}}