{"id":39040,"date":"2016-09-25T23:28:27","date_gmt":"2016-09-25T23:28:27","guid":{"rendered":"https:\/\/www.reefshops.com\/product\/sunsun-hqs-5000-5000l-h-125w-pompe-de-circulation-deau-submersible-pour-fontaine-hqs-5000\/"},"modified":"2025-03-16T09:06:04","modified_gmt":"2025-03-16T09:06:04","slug":"sunsun-hqs-5000-5000l-h-125w-pompe-de-circulation-deau-submersible-pour-fontaine-hqs-5000","status":"publish","type":"product","link":"https:\/\/www.reefshops.com\/fr\/produit\/sunsun-hqs-5000-5000l-h-125w-pompe-de-circulation-deau-submersible-pour-fontaine-hqs-5000\/","title":{"rendered":"SUNSUN HQS-5000 5000L\/h 125W pompe de circulation d&rsquo;eau submersible pour fontaine HQS-5000"},"content":{"rendered":"<div style=\"clear:both\"><\/div>\n<div id=\"ali-anchor-AliPostDhMb-k7z1f\" style=\"padding-top:8px\" data-section-title=\"name\" data-section=\"AliPostDhMb-k7z1f\">\n<p><span><\/span><\/p>\n<\/div>\n<p style=\"text-align:center\"><span style=\"font-size:24px;color:#000000\"><strong>SUNSUN HQS-5000 5000L\/h 125W pompe de circulation d&rsquo;eau submersible pour fontaine<\/strong><\/span><\/p>\n<div id=\"ali-anchor-AliPostDhMb-iuzfk\" style=\"padding-top:8px\" data-section-title=\"Description du produit\" data-section=\"AliPostDhMb-iuzfk\">\n<div id=\"ali-title-AliPostDhMb-iuzfk\" style=\"border-bottom:#ddd 1px solid;padding-bottom:8px;padding-top:8px;padding-left:0px;padding-right:0px\"><span style=\"font-weight:bold;color:#333;padding-bottom:8px;padding-top:8px;padding-left:10px;line-height:12px;padding-right:10px;background-color:#ddd\">Description du produit<\/span><\/div>\n<div style=\"padding-bottom:10px;padding-top:10px;padding-left:0px;padding-right:0px\">\n<p><strong><span style=\"font-size:18px\">Sp\u00e9cifications\u00a0:<\/span><\/strong><\/p>\n<\/div>\n<\/div>\n<p style=\"font-size:14px\">1. il utilise un noyau d&rsquo;arbre \u00e0 haute r\u00e9sistance et r\u00e9sistant \u00e0 l&rsquo;usure, <strong><em>a une \u00e9conomie d&rsquo;\u00e9nergie tr\u00e8s efficace,<\/em><\/strong><\/p>\n<p style=\"font-size:14px\"><strong><em> et une longue dur\u00e9e de vie.<\/em><\/strong><\/p>\n<p style=\"font-size:14px\">2. il a une bonne r\u00e9sistance di\u00e9lectrique imperm\u00e9able et \u00e9lev\u00e9e\u00a0; <em><strong>il est s\u00fbr et fiable.<\/strong><\/em><\/p>\n<p style=\"font-size:14px\">3. vous pouvez l&rsquo;utiliser comme <em><strong>pompage et fontaine<\/strong><\/em>.<\/p>\n<p style=\"font-size:14px\">4. <strong><em>appliquer aux aquariums, aux \u00e9tangs<\/em><\/strong> avec un \u00e9quipement de recyclage de l&rsquo;eau correspondant.<\/p>\n<p style=\"font-size:14px\">\n<p style=\"font-size:14px\"> <span style=\"color:#008000\"><strong>Param\u00e8tres des pompes \u00e0 eau de fontaine d&rsquo;\u00e9tang de r\u00e9servoir<\/strong><\/span><\/p>\n<table class=\"aliDataTable\" border=\"1\">\n<tbody>\n<tr>\n<td><strong> Mod\u00e8le <\/strong><\/td>\n<td><strong>Tension<\/strong><\/td>\n<td><strong>Fr\u00e9quence<\/strong><\/td>\n<td><strong>Puissance<\/strong><\/td>\n<td><strong>H-max <\/strong><\/td>\n<td><strong>Sortie<\/strong><\/td>\n<td><strong>Poids<\/strong><\/td>\n<td><strong> Dimensions<\/strong><\/td>\n<\/tr>\n<tr>\n<td style=\"text-align:center\">HQS-5000<\/td>\n<td>220V<\/td>\n<td>50Hz<\/td>\n<td>250W<\/td>\n<td>6m<\/td>\n<td>6000L\/h<\/td>\n<td>3,6kg<\/td>\n<td>200*200*350mm<\/td>\n<\/tr>\n<tr>\n<td style=\"text-align:center\">HQS-6000\/I<\/td>\n<td>220V<\/td>\n<td>50Hz<\/td>\n<td>300W<\/td>\n<td>8m<\/td>\n<td>8000L\/h<\/td>\n<td>5,5kg<\/td>\n<td>200*200*350mm<\/td>\n<\/tr>\n<tr>\n<td style=\"text-align:center\">HQS-7000\/I<\/td>\n<td>220V<\/td>\n<td>50Hz<\/td>\n<td>320W<\/p>\n<td>10m<\/td>\n<td>10000L\/h<\/td>\n<td>6,2kg<\/td>\n<td>200*200*350mm<\/td>\n<\/tr>\n<tr>\n<td style=\"text-align:center\">HQS-8000\/I<\/td>\n<td>220V<\/td>\n<td>50Hz<\/td>\n<td>350W<\/p>\n<td>11m<\/td>\n<td>13000L\/h<\/td>\n<td>5,7kg<\/td>\n<td>250*250*350mm<\/td>\n<\/tr>\n<tr>\n<td style=\"text-align:center\">HQS-9000<\/td>\n<td>220V<\/td>\n<td>50Hz<\/td>\n<td>380W<\/td>\n<td>12m<\/td>\n<td>14000L\/h<\/td>\n<td>6,0kg<\/td>\n<td>250*250*350mm<\/td>\n<\/tr>\n<tr>\n<td style=\"text-align:center\">HQS-10000<\/td>\n<td>220V<\/td>\n<td>50Hz<\/td>\n<td>420W<\/td>\n<td>13m<\/td>\n<td>15000L\/h<\/td>\n<td>6,5kg<\/td>\n<td>250*250*350mm<\/td>\n<\/tr>\n<tr>\n<td style=\"text-align:center\">HQS-1800<\/td>\n<td>110V\/220V\/240V<\/td>\n<td>50Hz\/60Hz<\/td>\n<td> 180 W<\/td>\n<td>7,0 m<\/td>\n<td>8 500 L\/h<\/td>\n<td>5,5 kg<\/td>\n<td>182*137*279 mm<\/td>\n<\/tr>\n<tr>\n<td style=\"text-align:center\">HQS-4000<\/td>\n<td>220V\/240V<\/td>\n<td>50Hz<\/td>\n<td>100W<\/td>\n<td>4.0m<\/td>\n<td>4500L\/h<\/td>\n<td>2.8kg<\/td>\n<td>145*145*240mm<\/td>\n<\/tr>\n<tr>\n<td style=\"text-align:center\">HQS-4200<\/td>\n<td>220V\/240V<\/td>\n<td>50Hz<\/td>\n<td>100W<\/td>\n<p>4,2 m<\/td>\n<td>4500L\/h<\/td>\n<td>3,2 kg<\/td>\n<td>145*145*240mm<\/td>\n<\/tr>\n<\/tbody>\n<\/table>\n<p><span style=\"font-size:14px;color:#008000\"><strong>Spectacle de pompes \u00e0 eau de fontaine d&rsquo;\u00e9tang de r\u00e9servoir<\/strong><\/span> <\/p>\n<p><img decoding=\"async\" alt=\"01.jpg\" src=\"http:\/\/localhost\/media\/import\/detail\/HTB1CSEZGXXXXXXfXVXXq6xXFXXXq.jpg\"><img decoding=\"async\" alt=\"02.jpg\" src=\"http:\/\/localhost\/media\/import\/detail\/HTB1yc48GFXXXXa8aXXXq6xXFXXXi.jpg\"><img decoding=\"async\" alt=\"03.jpg\" src=\"http:\/\/localhost\/media\/import\/detail\/HTB1l6ESGXXXXXXfaXXXq6xXFXXX0.jpg\"><img decoding=\"async\" alt=\"04.jpg\" src=\"http:\/\/localhost\/media\/import\/detail\/HTB1vTZ0GXXXXXbeXVXXq6xXFXXXH.jpg\"><img decoding=\"async\" alt=\"05.jpg\" src=\"http:\/\/localhost\/media\/import\/detail\/HTB15x5wGpXXXXaWaXXXq6xXFXXXB.jpg\"><img decoding=\"async\" alt=\"06.jpg\" src=\"http:\/\/localhost\/media\/import\/detail\/HTB1BJAIGpXXXXbaaXXXq6xXFXXXL.jpg\"><\/p><\/p>\n","protected":false},"excerpt":{"rendered":"<p>SUNSUN HQS-5000 5000L\/h 125W pompe de circulation d&rsquo;eau submersible pour fontaine HQS-5000<\/p>\n","protected":false},"featured_media":5445,"comment_status":"open","ping_status":"closed","template":"","meta":[],"product_brand":[],"product_cat":[1380],"product_tag":[],"class_list":{"0":"post-39040","1":"product","2":"type-product","3":"status-publish","4":"has-post-thumbnail","6":"product_cat-pompes-a-eau-et-amp-tetes-motrices","8":"first","9":"instock","10":"shipping-taxable","11":"purchasable","12":"product-type-simple","13":"add-to-wishlist-after_add_to_cart"},"jetpack_sharing_enabled":true,"_links":{"self":[{"href":"https:\/\/www.reefshops.com\/fr\/wp-json\/wp\/v2\/product\/39040","targetHints":{"allow":["GET"]}}],"collection":[{"href":"https:\/\/www.reefshops.com\/fr\/wp-json\/wp\/v2\/product"}],"about":[{"href":"https:\/\/www.reefshops.com\/fr\/wp-json\/wp\/v2\/types\/product"}],"replies":[{"embeddable":true,"href":"https:\/\/www.reefshops.com\/fr\/wp-json\/wp\/v2\/comments?post=39040"}],"wp:featuredmedia":[{"embeddable":true,"href":"https:\/\/www.reefshops.com\/fr\/wp-json\/wp\/v2\/media\/5445"}],"wp:attachment":[{"href":"https:\/\/www.reefshops.com\/fr\/wp-json\/wp\/v2\/media?parent=39040"}],"wp:term":[{"taxonomy":"product_brand","embeddable":true,"href":"https:\/\/www.reefshops.com\/fr\/wp-json\/wp\/v2\/product_brand?post=39040"},{"taxonomy":"product_cat","embeddable":true,"href":"https:\/\/www.reefshops.com\/fr\/wp-json\/wp\/v2\/product_cat?post=39040"},{"taxonomy":"product_tag","embeddable":true,"href":"https:\/\/www.reefshops.com\/fr\/wp-json\/wp\/v2\/product_tag?post=39040"}],"curies":[{"name":"wp","href":"https:\/\/api.w.org\/{rel}","templated":true}]}}