{"id":39070,"date":"2016-09-25T23:28:30","date_gmt":"2016-09-25T23:28:30","guid":{"rendered":"https:\/\/www.reefshops.com\/product\/pompe-de-reservoir-de-poissons-daquarium-sunsun-15w-1000l-h-hj-901b\/"},"modified":"2025-03-16T09:06:12","modified_gmt":"2025-03-16T09:06:12","slug":"pompe-de-reservoir-de-poissons-daquarium-sunsun-15w-1000l-h-hj-901b","status":"publish","type":"product","link":"https:\/\/www.reefshops.com\/fr\/produit\/pompe-de-reservoir-de-poissons-daquarium-sunsun-15w-1000l-h-hj-901b\/","title":{"rendered":"Pompe de r\u00e9servoir de poissons d&rsquo;aquarium SUNSUN 15w 1000L\/h HJ-901B"},"content":{"rendered":"<div style=\"clear:both\"><\/div>\n<p><span style=\"font-size:32px;color:#ff0000\"><strong>Pompe d&rsquo;aquarium SUNSUN 15w 1000L\/h <\/strong><\/span><\/p>\n<\/p>\n<p><strong><span style=\"font-size:24px;color:#ff6600\">Pompe d&rsquo;aquarium d&rsquo;aquarium Description<\/span><\/strong><\/p>\n<h3><span style=\"font-size:18px\">Cette pompe pour aquarium est parfaite pour les petits r\u00e9servoirs car elle est facilement cach\u00e9e. Il est fabriqu\u00e9 \u00e0 partir de particules ABS de qualit\u00e9 sup\u00e9rieure et convient pour une utilisation dans les aquariums d&rsquo;eau sal\u00e9e. <\/span><\/h3>\n<h3><strong><span style=\"font-size:18px;color:#ff6600\"><span style=\"font-size:24px\">Photos de la pompe d&rsquo;aquarium <\/span><\/span><\/strong><\/h3>\n<p> <img loading=\"lazy\" decoding=\"async\" alt=\"15w 1000L\/h SUNSUN Pompe d'aquarium HJ-901B\" src=\"http:\/\/localhost\/media\/import\/detail\/748845794_609.jpg\" width=\"600\" height=\"600\"><\/p>\n<p><span style=\"color:#ff6600\"><strong><span style=\"font-size:24px\">Autre pompe d&rsquo;aquarium <\/span><\/strong><\/span><\/p>\n<p> <img loading=\"lazy\" decoding=\"async\" alt=\"15w 1000L\/h SUNSUN Pompe pour aquarium HJ-901B\" src=\"http:\/\/localhost\/media\/import\/detail\/758963103_596.jpg\" width=\"600\" height=\"600\"><img loading=\"lazy\" decoding=\"async\" alt=\"15w 1000L\/h SUNSUN Aquarium Fish Tank Pompe HJ-901B\" src=\"http:\/\/localhost\/media\/import\/detail\/748855114_781.jpg\" width=\"600\" height=\"600\"><img loading=\"lazy\" decoding=\"async\" alt=\"15w 1000L\/h SUNSUN Aquarium Fish Tank Pompe HJ-901B\" src=\"http:\/\/localhost\/media\/import\/detail\/748753823_813.jpg\" width=\"600\" height=\"600\"><\/p>\n<\/p>\n<div style=\"clear:both\"><\/div>\n","protected":false},"excerpt":{"rendered":"<p>Pompe de r\u00e9servoir de poissons d&rsquo;aquarium SUNSUN 15w 1000L\/h HJ-901B<\/p>\n","protected":false},"featured_media":5505,"comment_status":"open","ping_status":"closed","template":"","meta":[],"product_brand":[],"product_cat":[1380],"product_tag":[],"class_list":{"0":"post-39070","1":"product","2":"type-product","3":"status-publish","4":"has-post-thumbnail","6":"product_cat-pompes-a-eau-et-amp-tetes-motrices","8":"first","9":"instock","10":"shipping-taxable","11":"purchasable","12":"product-type-simple","13":"add-to-wishlist-after_add_to_cart"},"jetpack_sharing_enabled":true,"_links":{"self":[{"href":"https:\/\/www.reefshops.com\/fr\/wp-json\/wp\/v2\/product\/39070","targetHints":{"allow":["GET"]}}],"collection":[{"href":"https:\/\/www.reefshops.com\/fr\/wp-json\/wp\/v2\/product"}],"about":[{"href":"https:\/\/www.reefshops.com\/fr\/wp-json\/wp\/v2\/types\/product"}],"replies":[{"embeddable":true,"href":"https:\/\/www.reefshops.com\/fr\/wp-json\/wp\/v2\/comments?post=39070"}],"wp:featuredmedia":[{"embeddable":true,"href":"https:\/\/www.reefshops.com\/fr\/wp-json\/wp\/v2\/media\/5505"}],"wp:attachment":[{"href":"https:\/\/www.reefshops.com\/fr\/wp-json\/wp\/v2\/media?parent=39070"}],"wp:term":[{"taxonomy":"product_brand","embeddable":true,"href":"https:\/\/www.reefshops.com\/fr\/wp-json\/wp\/v2\/product_brand?post=39070"},{"taxonomy":"product_cat","embeddable":true,"href":"https:\/\/www.reefshops.com\/fr\/wp-json\/wp\/v2\/product_cat?post=39070"},{"taxonomy":"product_tag","embeddable":true,"href":"https:\/\/www.reefshops.com\/fr\/wp-json\/wp\/v2\/product_tag?post=39070"}],"curies":[{"name":"wp","href":"https:\/\/api.w.org\/{rel}","templated":true}]}}